{"id":2668,"date":"2020-02-12T18:42:59","date_gmt":"2020-02-12T17:42:59","guid":{"rendered":"https:\/\/canyonforest.com\/?page_id=2668"},"modified":"2024-01-30T09:49:46","modified_gmt":"2024-01-30T08:49:46","slug":"our-partners","status":"publish","type":"page","link":"https:\/\/canyonforest.com\/en\/our-partners\/","title":{"rendered":"Our Partners"},"content":{"rendered":"<p>[et_pb_section fb_built=&#8221;1&#8243; module_id=&#8221;lyr-section-accueil-btn&#8221; _builder_version=&#8221;4.16&#8243; width=&#8221;101%&#8221; module_alignment=&#8221;center&#8221; custom_padding=&#8221;4px||4px||false|false&#8221; collapsed=&#8221;off&#8221; global_colors_info=&#8221;{}&#8221;][et_pb_row module_id=&#8221;lyr-img-accueil&#8221; _builder_version=&#8221;4.16&#8243; module_alignment=&#8221;center&#8221; custom_margin=&#8221;||||false|false&#8221; custom_padding=&#8221;0px||||false|false&#8221; global_colors_info=&#8221;{}&#8221;][et_pb_column type=&#8221;4_4&#8243; _builder_version=&#8221;4.16&#8243; global_colors_info=&#8221;{}&#8221;][et_pb_image src=&#8221;https:\/\/canyonforest.com\/wp-content\/uploads\/2020\/03\/canyon-forest-partenaires.jpg&#8221; alt=&#8221;D\u00e9part d&#8217;une \u00e9quipe \u00e0 v\u00e9lo&#8221; align=&#8221;center&#8221; force_fullwidth=&#8221;on&#8221; _builder_version=&#8221;4.16&#8243; custom_margin=&#8221;||||false|false&#8221; custom_padding=&#8221;||||false|false&#8221; custom_css_before=&#8221;clear:both;&#8221; global_colors_info=&#8221;{}&#8221;][\/et_pb_image][\/et_pb_column][\/et_pb_row][et_pb_row _builder_version=&#8221;4.16&#8243; custom_padding=&#8221;39px||2px|||&#8221; global_colors_info=&#8221;{}&#8221;][et_pb_column type=&#8221;4_4&#8243; _builder_version=&#8221;4.16&#8243; global_colors_info=&#8221;{}&#8221;][et_pb_text _builder_version=&#8221;4.24.0&#8243; header_font=&#8221;Covered By Your Grace||||||||&#8221; header_text_align=&#8221;center&#8221; header_font_size=&#8221;2.1em&#8221; hover_enabled=&#8221;0&#8243; header_font_size_tablet=&#8221;&#8221; header_font_size_phone=&#8221;&#8221; header_font_size_last_edited=&#8221;on|phone&#8221; global_colors_info=&#8221;{}&#8221; sticky_enabled=&#8221;0&#8243;]<\/p>\n<h1>Our Partners<\/h1>\n<p>[\/et_pb_text][\/et_pb_column][\/et_pb_row][et_pb_row column_structure=&#8221;1_3,1_3,1_3&#8243; _builder_version=&#8221;4.16&#8243; min_height=&#8221;258px&#8221; global_colors_info=&#8221;{}&#8221;][et_pb_column type=&#8221;1_3&#8243; _builder_version=&#8221;4.16&#8243; global_colors_info=&#8221;{}&#8221;][et_pb_image src=&#8221;https:\/\/canyonforest.com\/wp-content\/uploads\/2020\/05\/logo-Villeneuve-Loubet.jpg&#8221; alt=&#8221;Logo Villeneuve-Loubet&#8221; url=&#8221;https:\/\/www.villeneuve-tourisme.com\/&#8221; url_new_window=&#8221;on&#8221; align=&#8221;center&#8221; align_tablet=&#8221;&#8221; align_phone=&#8221;&#8221; align_last_edited=&#8221;on|phone&#8221; module_class=&#8221;logo-partenaires&#8221; _builder_version=&#8221;4.16&#8243; border_radii=&#8221;on|20px|20px|20px|20px&#8221; global_colors_info=&#8221;{}&#8221;][\/et_pb_image][et_pb_text _builder_version=&#8221;4.16&#8243; text_orientation=&#8221;center&#8221; global_colors_info=&#8221;{}&#8221;]<\/p>\n<p><b>Villeneuve-Loubet Tourist Office<\/b><br \/>Villeneuve-Loubet Tourist Office is engaged in the Qualit\u00e9 Tourisme\u2122 national step since 2007.<br \/>\nThe goal is to guarantee to visitors a quality service. The team is at your disposal to inform you<br \/>\nupon the region and the municipality&#8217;s different activities and curiosities, about the events, to help<br \/>\nyou organise your days as best as possible but also upon the municipality&#8217;s available<br \/>\naccommodation solutions.<\/p>\n<p>[\/et_pb_text][et_pb_image src=&#8221;https:\/\/canyonforest.com\/wp-content\/uploads\/2020\/03\/logo-Kidiklik.jpg&#8221; alt=&#8221;Logo Kidiklik.fr&#8221; url=&#8221;https:\/\/www.kidiklik.fr\/&#8221; url_new_window=&#8221;on&#8221; align=&#8221;center&#8221; align_tablet=&#8221;&#8221; align_phone=&#8221;&#8221; align_last_edited=&#8221;on|phone&#8221; module_class=&#8221;logo-partenaires&#8221; _builder_version=&#8221;4.16&#8243; border_radii=&#8221;on|20px|20px|20px|20px&#8221; global_colors_info=&#8221;{}&#8221;][\/et_pb_image][et_pb_text _builder_version=&#8221;4.16&#8243; text_orientation=&#8221;center&#8221; global_colors_info=&#8221;{}&#8221;]<\/p>\n<p><b>The best of Alpes Maritimes&#8217; Children Trips<\/b><br \/>Shows, recreational activities, amusement parks, exhibitions, museums, zoos and other curiosities !<br \/>\nFor family trips ideas, keep updated of the different events in the Alpes Maritimes department,<br \/>\n@Kidiklik06 is the essential chapter! Find all their ideas on their facebook page and their website.<\/p>\n<p>[\/et_pb_text][\/et_pb_column][et_pb_column type=&#8221;1_3&#8243; _builder_version=&#8221;4.16&#8243; global_colors_info=&#8221;{}&#8221;][et_pb_image src=&#8221;https:\/\/canyonforest.com\/wp-content\/uploads\/2020\/03\/logo-beaume-obscure.jpg&#8221; alt=&#8221;Logo Grotte de Baume Obscure&#8221; url=&#8221;https:\/\/www.baumeobscure.com\/&#8221; url_new_window=&#8221;on&#8221; align=&#8221;center&#8221; align_tablet=&#8221;&#8221; align_phone=&#8221;&#8221; align_last_edited=&#8221;on|phone&#8221; module_class=&#8221;logo-partenaires&#8221; _builder_version=&#8221;4.16&#8243; border_radii=&#8221;on|20px|20px|20px|20px&#8221; global_colors_info=&#8221;{}&#8221;][\/et_pb_image][et_pb_text _builder_version=&#8221;4.16&#8243; text_orientation=&#8221;center&#8221; global_colors_info=&#8221;{}&#8221;]<\/p>\n<p><b>Learn while having fun !<\/b><br \/>\nCome to discover the fabulous Baume Obscure Cave. Every game is thought to highlight, raise<br \/>\nawareness and inform visitors with the environment in which they evolve.<\/p>\n<p>[\/et_pb_text][et_pb_image src=&#8221;https:\/\/canyonforest.com\/wp-content\/uploads\/2020\/03\/logo-chullanka.jpg&#8221; alt=&#8221;Logo Chullanka&#8221; url=&#8221;https:\/\/www.chullanka.com\/&#8221; url_new_window=&#8221;on&#8221; align=&#8221;center&#8221; align_tablet=&#8221;&#8221; align_phone=&#8221;&#8221; align_last_edited=&#8221;on|phone&#8221; module_class=&#8221;logo-partenaires&#8221; _builder_version=&#8221;4.16&#8243; border_radii=&#8221;on|20px|20px|20px|20px&#8221; global_colors_info=&#8221;{}&#8221;][\/et_pb_image][et_pb_text _builder_version=&#8221;4.16&#8243; text_orientation=&#8221;center&#8221; global_colors_info=&#8221;{}&#8221;]<\/p>\n<p><b>Equipment shop for athletes of every level<\/b><br \/>\nIt is first of all a place of exchanges, emotions and technical solutions for mountain sports and bike<br \/>\npassionates, of all levels. Their products provided of the best outdoor brands, their tailor-made<br \/>\nservices, their test zones, their passionate customer advisers but also their local commitments, make<br \/>\nChullanka an unmissable reference.<\/p>\n<p>[\/et_pb_text][\/et_pb_column][et_pb_column type=&#8221;1_3&#8243; _builder_version=&#8221;4.16&#8243; global_colors_info=&#8221;{}&#8221;][et_pb_image src=&#8221;https:\/\/canyonforest.com\/wp-content\/uploads\/2020\/05\/logo-comite-regional-tourisme.jpg&#8221; alt=&#8221;Logo C\u00f4te d&#8217;Azur Tourisme&#8221; url=&#8221;https:\/\/cotedazurfrance.fr\/&#8221; url_new_window=&#8221;on&#8221; align=&#8221;center&#8221; module_class=&#8221;logo-partenaires&#8221; _builder_version=&#8221;4.16&#8243; border_radii=&#8221;on|20px|20px|20px|20px&#8221; global_colors_info=&#8221;{}&#8221;][\/et_pb_image][et_pb_text _builder_version=&#8221;4.16&#8243; text_orientation=&#8221;center&#8221; global_colors_info=&#8221;{}&#8221;]<\/p>\n<p><b>French Riviera tourist official website<\/b><br \/>\nFind all the informations you need to plan your trip to French Riviera : activities, accomodation,<br \/>\nevents, hikes&#8230; The Touristic Regional Committee website gathers all the French Riviera&#8217;s wonders.<\/p>\n<p>[\/et_pb_text][et_pb_image src=&#8221;https:\/\/canyonforest.com\/wp-content\/uploads\/2022\/01\/recreanice-idee-sortie-famille.jpg&#8221; alt=&#8221;logo R\u00e9cr\u00e9aNice&#8221; url=&#8221;https:\/\/cotedazurfrance.fr\/&#8221; url_new_window=&#8221;on&#8221; align=&#8221;center&#8221; module_class=&#8221;logo-partenaires&#8221; _builder_version=&#8221;4.23.4&#8243; border_radii=&#8221;on|20px|20px|20px|20px&#8221; global_colors_info=&#8221;{}&#8221;][\/et_pb_image][et_pb_text _builder_version=&#8221;4.23.4&#8243; text_orientation=&#8221;center&#8221; global_colors_info=&#8221;{}&#8221;]<b>RecreaNice: family outings in the Alpes-Maritimes!<\/b><br \/>\nThroughout the year, RecreaNice.fr lets you discover the most beautiful family outings in 06, the gems of the C\u00f4te d&#8217;Azur, holiday courses, sporting, cultural and creative activities for your children and teenagers, ideas for an unforgettable Birthday party as well as many great deals and discounts! Facebook: @RecreaNice.fr[\/et_pb_text][\/et_pb_column][\/et_pb_row][\/et_pb_section]<\/p>\n","protected":false},"excerpt":{"rendered":"<p>Our PartnersVilleneuve-Loubet Tourist OfficeVilleneuve-Loubet Tourist Office is engaged in the Qualit\u00e9 Tourisme\u2122 national step since 2007. The goal is to guarantee to visitors a quality service. The team is at your disposal to inform you upon the region and the municipality&#8217;s different activities and curiosities, about the events, to help you organise your days as [&hellip;]<\/p>\n","protected":false},"author":1,"featured_media":0,"parent":0,"menu_order":0,"comment_status":"closed","ping_status":"closed","template":"","meta":{"_et_pb_use_builder":"on","_et_pb_old_content":"","_et_gb_content_width":"","footnotes":""},"class_list":["post-2668","page","type-page","status-publish","hentry"],"yoast_head":"<!-- This site is optimized with the Yoast SEO plugin v26.4 - https:\/\/yoast.com\/wordpress\/plugins\/seo\/ -->\n<title>Our Partners - Canyon Forest<\/title>\n<meta name=\"robots\" content=\"index, follow, max-snippet:-1, max-image-preview:large, max-video-preview:-1\" \/>\n<link rel=\"canonical\" href=\"https:\/\/canyonforest.com\/en\/our-partners\/\" \/>\n<meta property=\"og:locale\" content=\"en_US\" \/>\n<meta property=\"og:type\" content=\"article\" \/>\n<meta property=\"og:title\" content=\"Our Partners - Canyon Forest\" \/>\n<meta property=\"og:description\" content=\"Our PartnersVilleneuve-Loubet Tourist OfficeVilleneuve-Loubet Tourist Office is engaged in the Qualit\u00e9 Tourisme\u2122 national step since 2007. The goal is to guarantee to visitors a quality service. The team is at your disposal to inform you upon the region and the municipality&#039;s different activities and curiosities, about the events, to help you organise your days as [&hellip;]\" \/>\n<meta property=\"og:url\" content=\"https:\/\/canyonforest.com\/en\/our-partners\/\" \/>\n<meta property=\"og:site_name\" content=\"Canyon Forest\" \/>\n<meta property=\"article:modified_time\" content=\"2024-01-30T08:49:46+00:00\" \/>\n<meta name=\"twitter:card\" content=\"summary_large_image\" \/>\n<meta name=\"twitter:label1\" content=\"Est. reading time\" \/>\n\t<meta name=\"twitter:data1\" content=\"5 minutes\" \/>\n<script type=\"application\/ld+json\" class=\"yoast-schema-graph\">{\"@context\":\"https:\/\/schema.org\",\"@graph\":[{\"@type\":\"WebPage\",\"@id\":\"https:\/\/canyonforest.com\/en\/our-partners\/\",\"url\":\"https:\/\/canyonforest.com\/en\/our-partners\/\",\"name\":\"Our Partners - Canyon Forest\",\"isPartOf\":{\"@id\":\"https:\/\/canyonforest.com\/en\/#website\"},\"datePublished\":\"2020-02-12T17:42:59+00:00\",\"dateModified\":\"2024-01-30T08:49:46+00:00\",\"breadcrumb\":{\"@id\":\"https:\/\/canyonforest.com\/en\/our-partners\/#breadcrumb\"},\"inLanguage\":\"en-US\",\"potentialAction\":[{\"@type\":\"ReadAction\",\"target\":[\"https:\/\/canyonforest.com\/en\/our-partners\/\"]}]},{\"@type\":\"BreadcrumbList\",\"@id\":\"https:\/\/canyonforest.com\/en\/our-partners\/#breadcrumb\",\"itemListElement\":[{\"@type\":\"ListItem\",\"position\":1,\"name\":\"Accueil\",\"item\":\"https:\/\/canyonforest.com\/en\/\"},{\"@type\":\"ListItem\",\"position\":2,\"name\":\"Our Partners\"}]},{\"@type\":\"WebSite\",\"@id\":\"https:\/\/canyonforest.com\/en\/#website\",\"url\":\"https:\/\/canyonforest.com\/en\/\",\"name\":\"Canyon Forest\",\"description\":\"\",\"potentialAction\":[{\"@type\":\"SearchAction\",\"target\":{\"@type\":\"EntryPoint\",\"urlTemplate\":\"https:\/\/canyonforest.com\/en\/?s={search_term_string}\"},\"query-input\":{\"@type\":\"PropertyValueSpecification\",\"valueRequired\":true,\"valueName\":\"search_term_string\"}}],\"inLanguage\":\"en-US\"}]}<\/script>\n<!-- \/ Yoast SEO plugin. -->","yoast_head_json":{"title":"Our Partners - Canyon Forest","robots":{"index":"index","follow":"follow","max-snippet":"max-snippet:-1","max-image-preview":"max-image-preview:large","max-video-preview":"max-video-preview:-1"},"canonical":"https:\/\/canyonforest.com\/en\/our-partners\/","og_locale":"en_US","og_type":"article","og_title":"Our Partners - Canyon Forest","og_description":"Our PartnersVilleneuve-Loubet Tourist OfficeVilleneuve-Loubet Tourist Office is engaged in the Qualit\u00e9 Tourisme\u2122 national step since 2007. The goal is to guarantee to visitors a quality service. The team is at your disposal to inform you upon the region and the municipality's different activities and curiosities, about the events, to help you organise your days as [&hellip;]","og_url":"https:\/\/canyonforest.com\/en\/our-partners\/","og_site_name":"Canyon Forest","article_modified_time":"2024-01-30T08:49:46+00:00","twitter_card":"summary_large_image","twitter_misc":{"Est. reading time":"5 minutes"},"schema":{"@context":"https:\/\/schema.org","@graph":[{"@type":"WebPage","@id":"https:\/\/canyonforest.com\/en\/our-partners\/","url":"https:\/\/canyonforest.com\/en\/our-partners\/","name":"Our Partners - Canyon Forest","isPartOf":{"@id":"https:\/\/canyonforest.com\/en\/#website"},"datePublished":"2020-02-12T17:42:59+00:00","dateModified":"2024-01-30T08:49:46+00:00","breadcrumb":{"@id":"https:\/\/canyonforest.com\/en\/our-partners\/#breadcrumb"},"inLanguage":"en-US","potentialAction":[{"@type":"ReadAction","target":["https:\/\/canyonforest.com\/en\/our-partners\/"]}]},{"@type":"BreadcrumbList","@id":"https:\/\/canyonforest.com\/en\/our-partners\/#breadcrumb","itemListElement":[{"@type":"ListItem","position":1,"name":"Accueil","item":"https:\/\/canyonforest.com\/en\/"},{"@type":"ListItem","position":2,"name":"Our Partners"}]},{"@type":"WebSite","@id":"https:\/\/canyonforest.com\/en\/#website","url":"https:\/\/canyonforest.com\/en\/","name":"Canyon Forest","description":"","potentialAction":[{"@type":"SearchAction","target":{"@type":"EntryPoint","urlTemplate":"https:\/\/canyonforest.com\/en\/?s={search_term_string}"},"query-input":{"@type":"PropertyValueSpecification","valueRequired":true,"valueName":"search_term_string"}}],"inLanguage":"en-US"}]}},"_links":{"self":[{"href":"https:\/\/canyonforest.com\/en\/wp-json\/wp\/v2\/pages\/2668","targetHints":{"allow":["GET"]}}],"collection":[{"href":"https:\/\/canyonforest.com\/en\/wp-json\/wp\/v2\/pages"}],"about":[{"href":"https:\/\/canyonforest.com\/en\/wp-json\/wp\/v2\/types\/page"}],"author":[{"embeddable":true,"href":"https:\/\/canyonforest.com\/en\/wp-json\/wp\/v2\/users\/1"}],"replies":[{"embeddable":true,"href":"https:\/\/canyonforest.com\/en\/wp-json\/wp\/v2\/comments?post=2668"}],"version-history":[{"count":9,"href":"https:\/\/canyonforest.com\/en\/wp-json\/wp\/v2\/pages\/2668\/revisions"}],"predecessor-version":[{"id":4391,"href":"https:\/\/canyonforest.com\/en\/wp-json\/wp\/v2\/pages\/2668\/revisions\/4391"}],"wp:attachment":[{"href":"https:\/\/canyonforest.com\/en\/wp-json\/wp\/v2\/media?parent=2668"}],"curies":[{"name":"wp","href":"https:\/\/api.w.org\/{rel}","templated":true}]}}