{"id":2698,"date":"2020-07-06T15:29:20","date_gmt":"2020-07-06T13:29:20","guid":{"rendered":"https:\/\/canyonforest.com\/?page_id=2698"},"modified":"2024-01-30T09:57:27","modified_gmt":"2024-01-30T08:57:27","slug":"confidentiality-policy","status":"publish","type":"page","link":"https:\/\/canyonforest.com\/en\/confidentiality-policy\/","title":{"rendered":"Our confidentiality policy"},"content":{"rendered":"<p>[et_pb_section fb_built=&#8221;1&#8243; module_id=&#8221;lyr-section-accueil-btn&#8221; _builder_version=&#8221;4.16&#8243; width=&#8221;101%&#8221; module_alignment=&#8221;center&#8221; custom_padding=&#8221;4px||39px||false|false&#8221; collapsed=&#8221;off&#8221; global_colors_info=&#8221;{}&#8221;][et_pb_row module_id=&#8221;lyr-img-accueil&#8221; _builder_version=&#8221;4.16&#8243; module_alignment=&#8221;center&#8221; custom_margin=&#8221;||||false|false&#8221; custom_padding=&#8221;0px||||false|false&#8221; global_colors_info=&#8221;{}&#8221;][et_pb_column type=&#8221;4_4&#8243; _builder_version=&#8221;4.16&#8243; global_colors_info=&#8221;{}&#8221;][et_pb_image src=&#8221;https:\/\/canyonforest.com\/wp-content\/uploads\/2020\/03\/canyon-forest-confidentialite.jpg&#8221; alt=&#8221;Enfant content dans la zone de pr\u00e9paration&#8221; align=&#8221;center&#8221; force_fullwidth=&#8221;on&#8221; _builder_version=&#8221;4.16&#8243; custom_margin=&#8221;||||false|false&#8221; custom_padding=&#8221;||||false|false&#8221; custom_css_before=&#8221;clear:both;&#8221; global_colors_info=&#8221;{}&#8221;][\/et_pb_image][\/et_pb_column][\/et_pb_row][et_pb_row _builder_version=&#8221;4.16&#8243; custom_padding=&#8221;39px||2px|||&#8221; global_colors_info=&#8221;{}&#8221;][et_pb_column type=&#8221;4_4&#8243; _builder_version=&#8221;4.16&#8243; global_colors_info=&#8221;{}&#8221;][et_pb_text _builder_version=&#8221;4.24.0&#8243; header_font=&#8221;||||||||&#8221; header_text_align=&#8221;center&#8221; header_font_size=&#8221;2.1em&#8221; hover_enabled=&#8221;0&#8243; header_font_size_tablet=&#8221;&#8221; header_font_size_phone=&#8221;&#8221; header_font_size_last_edited=&#8221;on|phone&#8221; global_colors_info=&#8221;{}&#8221; sticky_enabled=&#8221;0&#8243;]<\/p>\n<h1>Our confidentiality policy<\/h1>\n<p>[\/et_pb_text][et_pb_text _builder_version=&#8221;4.24.0&#8243; header_4_font_size=&#8221;25px&#8221; header_5_font_size=&#8221;20px&#8221; header_6_font_size=&#8221;18px&#8221; custom_padding=&#8221;|200px||200px|false|false&#8221; custom_padding_tablet=&#8221;|50px||50px|false|false&#8221; custom_padding_phone=&#8221;|15px||15px|false|false&#8221; custom_padding_last_edited=&#8221;on|phone&#8221; hover_enabled=&#8221;0&#8243; global_colors_info=&#8221;{}&#8221; sticky_enabled=&#8221;0&#8243;]<\/p>\n<h4>The organisation&#8217;s identity and contact details<\/h4>\n<p><span class=\"l14h\">Alpes Azur Aventures<br \/>26, route de Grasse<br \/>06270 Villeneuve-Loubet<\/span>Please check the Legal <a class=\"linkinterne\" href=\"\/en\/legal-notices\">notices page<\/a> for more information<\/p>\n<h4>Data collection utilisation<\/h4>\n<p>All of our forms request your consent before you send us informations. By checkin the \u00ab Yes, I have read Alpes Azur Aventures&#8217; confidentiality policy \u00bb box, you accept to give them to us.<\/p>\n<h5>For the Alpes Azur Aventures newsletter subscribers<\/h5>\n<p>Surname \/ First name \/ Email adress : this one allows us to send you informations related to Alpes Azur Aventures park&#8217;s activities. Completely optional and on the legal basis of consent when you subscribe yourself to or when you check the \u00ab Yes, I wish to susbscribe to Alpes Azur Aventures<br \/>newsletter \u00bb box of one of our contact forms. Without this email adress, you will not receive the<br \/>informations related to Alpes Azur Aventures park&#8217;s events. It is possible to unsubscribe to the<br \/>newsletter by clicking on the link. Alpes Azur Aventures&#8217; communication manager manages the data collection. You can unsubscribe from the list at any moment by using the link corresponding to the received newsletter.<\/p>\n<h5>Works councli form<\/h5>\n<p>Name\/Email adress\/Company name\/Company&#8217;s full local adress\/Name of the person in charge of the booking\/Fonction of the person in charge of the booking\/Phone number : These compulsory informations, enables us to establish a contract between Alpes Azur Aventures company and the buyer for a global ticketing purchase request, including the invoice. Without these informations Alpes Azur Aventures company will not be able to proceed to the sale or to esatblish a quote to the buying organisation. The administrative staff, the board and Alpes Azur Aventures communication manager are in charge of the data collection.<\/p>\n<h5>Contact forms<\/h5>\n<p>Name \/ Email adress : contacting us is completely optional, but we will make sure we answer you, which will be impossible without these informations. The administrative staff, the board and Alpes Azur Aventures communication manager are in charge of the data collection.<\/p>\n<h5>Online ticketing<\/h5>\n<p>Surname\/First name\/Email adress : in order to receive a nominative ticket and to receive the digital version of it, contact the buyer in case of exceptional closure (bad weather&#8230;) or other imponderable independent of our will. On contractual basis, these informations are compulsory, any missing information will stop the sale process. The administrative staff, the board and Alpes Azur Aventures communication manager are in charge of the data collection.<\/p>\n<p>If you wish to read carefully or ask us to delete everything or part of the data collection related to<br \/>you through Alpes Azur Aventures company, you can contact us at any time :<\/p>\n<p>Laure Bourgeois via le <a class=\"linkinterne\" href=\"\/en\/contact\">contact form<\/a><br \/>Or via mail at <span class=\"l14h\">Alpes Azur Aventures<br \/>26, route de Grasse<br \/>06270 Villeneuve-Loubet<\/span><\/p>\n<h5>Visit cnil.fr website for more information on your rights<\/h5>\n<p>In the case where you consider that your \u00ab Freedom and Data \u00bb rights haven&#8217;t been respected after contacting us, you can make a complaint to CNIL.<\/p>\n<h4>Cookies<\/h4>\n<h5>What&#8217;s a cookie ?<\/h5>\n<p>It is a text file, saved in your browser&#8217;s files while you surf through websites. This one saves informations. It can trace your browsing, but also enable the good functionning of a website or your<br \/>preferences in order to ease your searches for example. Not all of them are detrimental.<\/p>\n<h5>Cookies present on canyonforest.fr<\/h5>\n<h6>Connected people<\/h6>\n<p>wp-postpass \/\/ Linked to the user&#8217;s connection \/\/ 30min<br \/>wordpressuser &amp; wordpresspass \/\/ Concerning the user&#8217;s connection \/\/ 30min<br \/>wp-settings-time- \/\/ Personnalisation of the user&#8217;s interface \/\/ 1 year<br \/>wp-settings- \/\/ Personnalisation of the user&#8217;s interface \/\/ 1 year<br \/>wordpress_test_cookie \/\/ Concerning the user&#8217;s browsing cookie authorisation setting during the<br \/>account connection \/\/ 30min<br \/>wordpress_logged_in \/\/ Connected user \/\/ 30min<br \/>wordpress_ \/\/ Connected user \/\/ 30min<br \/>wordpress_sec \/\/ User&#8217;s authentification \/\/ 30min<\/p>\n<h6>Connected and disconnected people<\/h6>\n<p>Tarteaucitron \/\/ Saves your cookies choice of acceptance or not \/\/ 1 year<\/p>\n<h4>Foreign cookies<\/h4>\n<p>This website&#8217;s articles can include integrated contents (for example videos, images, articles&#8230;). The integrated content from other websites react the same way as if the user was visiting the other<br \/>website.<br \/>These websites could collect data about you, use cookies, build in foreign tracking tools, track your interactions with these embedded contents if you use a connected account on their website. In order to block them and so that they don&#8217;t collect anything without your consent, you have installed an extension to automatically block them by default. Therefore some contents will not be readable, it will be impossible to send us an email via the contact form and a \u00ab Tarteaucitron \u00bb cookie will be set on your browsing device (computer, tablet, smartphone), for a 12 month duration, in order to save the fact that you accept the foreign cookies or not.<\/p>\n<p>Google \/\/ NID \/\/ reCAPTCHA \/\/ Spams block on the contact form \/\/ deactivated by default<br \/><a href=\"https:\/\/policies.google.com\/privacy\">Google&#8217;s confidentiality policy<\/a><\/p>\n<p><a class=\"link\" href=\"https:\/\/policies.google.com\/privacy\"><\/a><\/p>\n<h5>Disable cookies on your browser<\/h5>\n<p><a class=\"link\" href=\"https:\/\/support.google.com\/accounts\/answer\/61416?co=GENIE.Platform%3DDesktop&amp;hl=fr\">Chrome<\/a><br \/><a class=\"link\" href=\"https:\/\/support.apple.com\/fr-fr\/guide\/safari\/sfri11471\/mac\">Safari<\/a><br \/><a class=\"link\" href=\"https:\/\/support.mozilla.org\/fr\/kb\/sites-disent-cookies-bloques-les-debloquer\"> Firefox<\/a><br \/><a class=\"link\" href=\"https:\/\/support.microsoft.com\/fr-fr\/help\/4468242\/microsoft-edge-browsing-data-and-privacy-microsoft-privacy\">Sur Edge<\/a><br \/><a class=\"link\" href=\"https:\/\/help.opera.com\/en\/latest\/web-preferences\/\">Opera<\/a><\/p>\n<p>[\/et_pb_text][\/et_pb_column][\/et_pb_row][\/et_pb_section]<\/p>\n","protected":false},"excerpt":{"rendered":"<p>Our confidentiality policyThe organisation&#8217;s identity and contact details Alpes Azur Aventures26, route de Grasse06270 Villeneuve-LoubetPlease check the Legal notices page for more information Data collection utilisation All of our forms request your consent before you send us informations. By checkin the \u00ab Yes, I have read Alpes Azur Aventures&#8217; confidentiality policy \u00bb box, you accept [&hellip;]<\/p>\n","protected":false},"author":1,"featured_media":0,"parent":0,"menu_order":0,"comment_status":"closed","ping_status":"closed","template":"","meta":{"_et_pb_use_builder":"on","_et_pb_old_content":"[et_pb_section fb_built=\"1\" module_id=\"lyr-section-accueil-btn\" _builder_version=\"4.3.1\" width=\"101%\" module_alignment=\"center\" custom_padding=\"4px||39px||false|false\" collapsed=\"off\"][et_pb_row module_id=\"lyr-img-accueil\" _builder_version=\"4.3.1\" module_alignment=\"center\" custom_margin=\"||||false|false\" custom_padding=\"0px||||false|false\"][et_pb_column type=\"4_4\" _builder_version=\"4.3.1\"][et_pb_image src=\"https:\/\/canyonforest.com\/wp-content\/uploads\/2020\/03\/canyon-forest-confidentialite.jpg\" alt=\"Enfant content dans la zone de pr\u00e9paration\" align=\"center\" force_fullwidth=\"on\" _builder_version=\"4.3.1\" custom_margin=\"||||false|false\" custom_padding=\"||||false|false\" custom_css_before=\"clear:both;\"][\/et_pb_image][\/et_pb_column][\/et_pb_row][et_pb_row _builder_version=\"4.3.1\" custom_padding=\"39px||2px|||\"][et_pb_column type=\"4_4\" _builder_version=\"4.3.1\"][et_pb_text _builder_version=\"4.3.1\" header_font=\"Bangers||||||||\" header_text_align=\"center\" header_text_color=\"#333\" header_font_size=\"2.1em\" header_font_size_tablet=\"\" header_font_size_phone=\"\" header_font_size_last_edited=\"on|phone\"]\n<h1>Notre politique de confidentialit\u00e9<\/h1>\n[\/et_pb_text][et_pb_text _builder_version=\"4.3.1\" header_4_font_size=\"25px\" header_4_letter_spacing=\"2px\" header_5_font_size=\"20px\" header_5_letter_spacing=\"2px\" header_6_font_size=\"18px\" header_6_letter_spacing=\"1px\" custom_padding=\"|200px||200px|false|false\" custom_padding_tablet=\"|50px||50px|false|false\" custom_padding_phone=\"|15px||15px|false|false\" custom_padding_last_edited=\"on|phone\" hover_enabled=\"0\"]\n<h4>Identit\u00e9 et coordonn\u00e9es de l\u2019organisme<\/h4>\n<span class=\"l14h\">Alpes Azur Aventures\n26, route de Grasse\n06270 Villeneuve-Loubet<\/span>\n\nMerci de consulter la page <a class=\"linkinterne\">Mentions l\u00e9gales<\/a> pour plus d'informations\n<h4>Utilisation des donn\u00e9es collect\u00e9es<\/h4>\nTous nos formulaires demandent votre consentement avant de nous envoyer des informations. En cochant la case \"Oui, j'ai lu la politique de confidentialit\u00e9 de Alpes Azur Aventures\", vous acceptez de nous les fournir.\n<h5>Pour les inscrits \u00e0 la newsletter Alpes Azur Aventures<\/h5>\n<span>Nom \/ Pr\u00e9nom \/&nbsp;<\/span>Adresse mail : Celle-ci nous permet de vous envoyer des informations li\u00e9es aux activit\u00e9s des parcs Alpes Azur Aventures. Totalement facultatif et sur la base l\u00e9gale du consentement lorsque vous vous inscrivez de vous m\u00eame ou lorsque vous cochez la case \"Oui, je souhaite m'inscrire \u00e0 la newsletter de Alpes Azur Aventures\" de l'un de nos formulaires de contact. Sans cette adresse mail, vous ne recevrez pas les informations concernant les \u00e9v\u00e9nements des parcs Alpes Azur Aventures. Il est possible de se d\u00e9sinscrire \u00e0 la newsletter en cliquant sur le lien. Le responsable de la communication Alpes Azur Aventures est en charge de la collecte de ces donn\u00e9es. Vous pouvez \u00e0 tout moment vous d\u00e9sinscrire de la liste en utilisant le lien correspondant sur la newsletter re\u00e7ue.\n<h5>Formulaire Comit\u00e9 d'entreprise<\/h5>\nNom \/ Adresse mail \/ Nom de la soci\u00e9t\u00e9 \/ Adresse postale compl\u00e8te de la soci\u00e9t\u00e9 \/ Nom de la personne en charge de la commande \/ Fonction de la personne en charge de la commande \/ Num\u00e9ro de t\u00e9l\u00e9phone : Ces informations obligatoires, nous permettent d'\u00e9tablir un contrat entre la soci\u00e9t\u00e9 Alpes Azur Aventures et le demandeur pour une commande group\u00e9e d'achat des billets, ainsi que la facturation. Sans ces informations la soci\u00e9t\u00e9 Alpes Azur Aventures sera dans l'incapacit\u00e9 de proc\u00e9der \u00e0 la vente ou d'\u00e9tablir un devis \u00e0 l'organisme le demandant. L'\u00e9quipe administrative, la direction et le responsable de la communication Alpes Azur Aventures sont en charge de la collecte de ces donn\u00e9es.\n<h5>Formulaires de contact<\/h5>\nNom \/ Adresse mail : nous contacter est totalement facultatif, mais nous nous ferons un devoir de vous r\u00e9pondre, ce qui sera impossible sans ces informations. L'\u00e9quipe administrative, la direction et le responsable de la communication Alpes Azur Aventures sont en charge de la collecte de ces donn\u00e9es.\n<h5>Billetterie en ligne<\/h5>\nNom \/ Pr\u00e9nom \/ Adresse mail : Afin d'obtenir un billet nominatif et recevoir la version num\u00e9rique de celui-ci, contacter l'acheteur en cas de fermeture exceptionnelle (intemp\u00e9rie...) ou autre impond\u00e9rable ind\u00e9pendant de notre bonne volont\u00e9. Sur la base contractuelle, ces informations sont obligatoires, toute information manquante bloquera le processus de vente. L'\u00e9quipe administrative, la direction et le responsable de la communication Alpes Azur Aventures sont en charge de la collecte de ces donn\u00e9es.\n\nSi vous souhaitez prendre connaissances ou nous demander de supprimer tout ou parties des donn\u00e9es collect\u00e9es vous concernant par la soci\u00e9t\u00e9 Alpes Azur Aventures, vous pouvez \u00e0 tout moment nous contacter :\n\nLaure Bourgeois via le <a class=\"linkinterne\" href=\"\/contact\">formulaire de contact<\/a>\nOu par voie postale\n<span class=\"l14h\">Alpes Azur Aventures\n26, route de Grasse\n06270 Villeneuve-Loubet<\/span>\n<h5>Consultez le site cnil.fr pour plus d\u2019informations sur vos droits<\/h5>\nDans le cas o\u00f9 vous consid\u00e9rez que vos droits \"Informatiques et libert\u00e9s\" n'aient pas \u00e9t\u00e9 respect\u00e9s apr\u00e8s nous avoir contact\u00e9, il vous est possible de poser une r\u00e9clamation aupr\u00e8s de la CNIL.\n<h4>Les Cookies<\/h4>\n<h5>Qu'est-ce qu'un cookie ?<\/h5>\nC'est un fichier texte, enregistr\u00e9 dans les dossiers de votre navigateur lors de votre circulation sur les sites internet. Celui-ci enregistre des informations. Il peut tracer votre navigation, mais aussi permettre le bon fonctionnement d'un site internet ou vos pr\u00e9f\u00e9rences afin de vous faciliter vos recherches par exemple. Tous ne sont pas n\u00e9fastes.\n<h5>Cookies pr\u00e9sents sur canyonforest.fr<\/h5>\n<h6>Personnes connect\u00e9es<\/h6>\nwp-postpass \/\/ Li\u00e9 \u00e0 la connexion de l\u2019utilisateur \/\/ 30mn\nwordpressuser et wordpresspass \/\/ Concerne la connexion de l\u2019utilisateur \/\/ 30mn\nwp-settings-time- \/\/ Personnalisation de l\u2019interface utilisateur \/\/ 1 an\nwp-settings- \/\/ Personnalisation de l\u2019interface utilisateur \/\/ 1 an\nwordpress_test_cookie \/\/ Concerne la configuration de l\u2019autorisation de cookie du navigateur de l\u2019utilisateur lors de la connexion au compte \/\/ 30mn\nwordpress_logged_in \/\/ Utilisateur connect\u00e9 \/\/ 30mn\nwordpress_ \/\/ Utilisateur connect\u00e9 \/\/ 30mn\nwordpress_sec \/\/ Authentification de l\u2019utilisateur \/\/ 30mn\n<h6>Personnes connect\u00e9es et non connect\u00e9es<\/h6>\nTarteaucitron \/\/ M\u00e9morise votre choix d'acceptation ou non des cookies \/\/ 1 an\n<h4>Cookie tiers<\/h4>\nLes articles de ce site peuvent inclure des contenus int\u00e9gr\u00e9s (par exemple des vid\u00e9os, images, articles\u2026). Le contenu int\u00e9gr\u00e9 depuis d\u2019autres sites se comporte de la m\u00eame mani\u00e8re que si le visiteur se rendait sur cet autre site.\nCes sites web pourraient collecter des donn\u00e9es sur vous, utiliser des cookies, embarquer des outils de suivis tiers, suivre vos interactions avec ces contenus embarqu\u00e9s si vous disposez d\u2019un compte connect\u00e9 sur leur site web. Afin de les bloquer et qu\u2019ils ne collectent rien sans votre consentement, nous avons install\u00e9 une extension pour les bloquer automatiquement par d\u00e9faut. Certains contenus ne seront alors pas lisibles, il sera impossible de nous envoyer un email via le formulaire de contact et un cookie \u201cTarteaucitron\u201d sera d\u00e9pos\u00e9 sur votre outil de navigation (ordinateur, tablette, smartphone), pour une dur\u00e9e de 12 mois, afin de garder en m\u00e9moire le fait que vous acceptiez ou non les cookies tiers.\n\nGoogle \/\/ NID \/\/ reCAPTCHA \/\/ Blocage des spams sur le formulaire de contact \/\/ desactiv\u00e9 par d\u00e9faut\n<a href=\"https:\/\/policies.google.com\/privacy\">Politique de confidentialit\u00e9 Google<\/a>\n\n<a class=\"link\" href=\"https:\/\/policies.google.com\/privacy\"><\/a>\n<h5>D\u00e9sactiver les cookies sur votre navigateur<\/h5>\n<a class=\"link\" href=\"https:\/\/support.google.com\/accounts\/answer\/61416?co=GENIE.Platform%3DDesktop&amp;hl=fr\">Sur Chrome<\/a>\n<a class=\"link\" href=\"https:\/\/support.apple.com\/fr-fr\/guide\/safari\/sfri11471\/mac\">Sur Safari<\/a>\n<a class=\"link\" href=\"https:\/\/support.mozilla.org\/fr\/kb\/sites-disent-cookies-bloques-les-debloquer\">Sur Firefox<\/a>\n<a class=\"link\" href=\"https:\/\/support.microsoft.com\/fr-fr\/help\/4468242\/microsoft-edge-browsing-data-and-privacy-microsoft-privacy\">Sur Edge<\/a>\n<a class=\"link\" href=\"https:\/\/help.opera.com\/en\/latest\/web-preferences\/\">Sur Op\u00e9ra<\/a>\nen anglais\n\n[\/et_pb_text][\/et_pb_column][\/et_pb_row][\/et_pb_section]","_et_gb_content_width":"","footnotes":""},"class_list":["post-2698","page","type-page","status-publish","hentry"],"yoast_head":"<!-- This site is optimized with the Yoast SEO plugin v26.4 - https:\/\/yoast.com\/wordpress\/plugins\/seo\/ -->\n<title>Our confidentiality policy - Canyon Forest<\/title>\n<meta name=\"robots\" content=\"index, follow, max-snippet:-1, max-image-preview:large, max-video-preview:-1\" \/>\n<link rel=\"canonical\" href=\"https:\/\/canyonforest.com\/en\/confidentiality-policy\/\" \/>\n<meta property=\"og:locale\" content=\"en_US\" \/>\n<meta property=\"og:type\" content=\"article\" \/>\n<meta property=\"og:title\" content=\"Our confidentiality policy - Canyon Forest\" \/>\n<meta property=\"og:description\" content=\"Our confidentiality policyThe organisation&#039;s identity and contact details Alpes Azur Aventures26, route de Grasse06270 Villeneuve-LoubetPlease check the Legal notices page for more information Data collection utilisation All of our forms request your consent before you send us informations. By checkin the \u00ab Yes, I have read Alpes Azur Aventures&#039; confidentiality policy \u00bb box, you accept [&hellip;]\" \/>\n<meta property=\"og:url\" content=\"https:\/\/canyonforest.com\/en\/confidentiality-policy\/\" \/>\n<meta property=\"og:site_name\" content=\"Canyon Forest\" \/>\n<meta property=\"article:modified_time\" content=\"2024-01-30T08:57:27+00:00\" \/>\n<meta name=\"twitter:card\" content=\"summary_large_image\" \/>\n<meta name=\"twitter:label1\" content=\"Est. reading time\" \/>\n\t<meta name=\"twitter:data1\" content=\"5 minutes\" \/>\n<script type=\"application\/ld+json\" class=\"yoast-schema-graph\">{\"@context\":\"https:\/\/schema.org\",\"@graph\":[{\"@type\":\"WebPage\",\"@id\":\"https:\/\/canyonforest.com\/en\/confidentiality-policy\/\",\"url\":\"https:\/\/canyonforest.com\/en\/confidentiality-policy\/\",\"name\":\"Our confidentiality policy - Canyon Forest\",\"isPartOf\":{\"@id\":\"https:\/\/canyonforest.com\/en\/#website\"},\"datePublished\":\"2020-07-06T13:29:20+00:00\",\"dateModified\":\"2024-01-30T08:57:27+00:00\",\"breadcrumb\":{\"@id\":\"https:\/\/canyonforest.com\/en\/confidentiality-policy\/#breadcrumb\"},\"inLanguage\":\"en-US\",\"potentialAction\":[{\"@type\":\"ReadAction\",\"target\":[\"https:\/\/canyonforest.com\/en\/confidentiality-policy\/\"]}]},{\"@type\":\"BreadcrumbList\",\"@id\":\"https:\/\/canyonforest.com\/en\/confidentiality-policy\/#breadcrumb\",\"itemListElement\":[{\"@type\":\"ListItem\",\"position\":1,\"name\":\"Accueil\",\"item\":\"https:\/\/canyonforest.com\/en\/\"},{\"@type\":\"ListItem\",\"position\":2,\"name\":\"Our confidentiality policy\"}]},{\"@type\":\"WebSite\",\"@id\":\"https:\/\/canyonforest.com\/en\/#website\",\"url\":\"https:\/\/canyonforest.com\/en\/\",\"name\":\"Canyon Forest\",\"description\":\"\",\"potentialAction\":[{\"@type\":\"SearchAction\",\"target\":{\"@type\":\"EntryPoint\",\"urlTemplate\":\"https:\/\/canyonforest.com\/en\/?s={search_term_string}\"},\"query-input\":{\"@type\":\"PropertyValueSpecification\",\"valueRequired\":true,\"valueName\":\"search_term_string\"}}],\"inLanguage\":\"en-US\"}]}<\/script>\n<!-- \/ Yoast SEO plugin. -->","yoast_head_json":{"title":"Our confidentiality policy - Canyon Forest","robots":{"index":"index","follow":"follow","max-snippet":"max-snippet:-1","max-image-preview":"max-image-preview:large","max-video-preview":"max-video-preview:-1"},"canonical":"https:\/\/canyonforest.com\/en\/confidentiality-policy\/","og_locale":"en_US","og_type":"article","og_title":"Our confidentiality policy - Canyon Forest","og_description":"Our confidentiality policyThe organisation's identity and contact details Alpes Azur Aventures26, route de Grasse06270 Villeneuve-LoubetPlease check the Legal notices page for more information Data collection utilisation All of our forms request your consent before you send us informations. By checkin the \u00ab Yes, I have read Alpes Azur Aventures' confidentiality policy \u00bb box, you accept [&hellip;]","og_url":"https:\/\/canyonforest.com\/en\/confidentiality-policy\/","og_site_name":"Canyon Forest","article_modified_time":"2024-01-30T08:57:27+00:00","twitter_card":"summary_large_image","twitter_misc":{"Est. reading time":"5 minutes"},"schema":{"@context":"https:\/\/schema.org","@graph":[{"@type":"WebPage","@id":"https:\/\/canyonforest.com\/en\/confidentiality-policy\/","url":"https:\/\/canyonforest.com\/en\/confidentiality-policy\/","name":"Our confidentiality policy - Canyon Forest","isPartOf":{"@id":"https:\/\/canyonforest.com\/en\/#website"},"datePublished":"2020-07-06T13:29:20+00:00","dateModified":"2024-01-30T08:57:27+00:00","breadcrumb":{"@id":"https:\/\/canyonforest.com\/en\/confidentiality-policy\/#breadcrumb"},"inLanguage":"en-US","potentialAction":[{"@type":"ReadAction","target":["https:\/\/canyonforest.com\/en\/confidentiality-policy\/"]}]},{"@type":"BreadcrumbList","@id":"https:\/\/canyonforest.com\/en\/confidentiality-policy\/#breadcrumb","itemListElement":[{"@type":"ListItem","position":1,"name":"Accueil","item":"https:\/\/canyonforest.com\/en\/"},{"@type":"ListItem","position":2,"name":"Our confidentiality policy"}]},{"@type":"WebSite","@id":"https:\/\/canyonforest.com\/en\/#website","url":"https:\/\/canyonforest.com\/en\/","name":"Canyon Forest","description":"","potentialAction":[{"@type":"SearchAction","target":{"@type":"EntryPoint","urlTemplate":"https:\/\/canyonforest.com\/en\/?s={search_term_string}"},"query-input":{"@type":"PropertyValueSpecification","valueRequired":true,"valueName":"search_term_string"}}],"inLanguage":"en-US"}]}},"_links":{"self":[{"href":"https:\/\/canyonforest.com\/en\/wp-json\/wp\/v2\/pages\/2698","targetHints":{"allow":["GET"]}}],"collection":[{"href":"https:\/\/canyonforest.com\/en\/wp-json\/wp\/v2\/pages"}],"about":[{"href":"https:\/\/canyonforest.com\/en\/wp-json\/wp\/v2\/types\/page"}],"author":[{"embeddable":true,"href":"https:\/\/canyonforest.com\/en\/wp-json\/wp\/v2\/users\/1"}],"replies":[{"embeddable":true,"href":"https:\/\/canyonforest.com\/en\/wp-json\/wp\/v2\/comments?post=2698"}],"version-history":[{"count":7,"href":"https:\/\/canyonforest.com\/en\/wp-json\/wp\/v2\/pages\/2698\/revisions"}],"predecessor-version":[{"id":4397,"href":"https:\/\/canyonforest.com\/en\/wp-json\/wp\/v2\/pages\/2698\/revisions\/4397"}],"wp:attachment":[{"href":"https:\/\/canyonforest.com\/en\/wp-json\/wp\/v2\/media?parent=2698"}],"curies":[{"name":"wp","href":"https:\/\/api.w.org\/{rel}","templated":true}]}}