{"id":1583,"date":"2020-04-24T11:31:13","date_gmt":"2020-04-24T09:31:13","guid":{"rendered":"https:\/\/canyonforest.com\/?page_id=1583"},"modified":"2025-11-25T14:53:00","modified_gmt":"2025-11-25T13:53:00","slug":"billetterie","status":"publish","type":"page","link":"https:\/\/canyonforest.com\/fr\/billetterie\/","title":{"rendered":"Billetterie"},"content":{"rendered":"<p>[et_pb_section fb_built=\u00a0\u00bb1&Prime; module_id=\u00a0\u00bblyr-section-accueil-btn\u00a0\u00bb _builder_version=\u00a0\u00bb4.23.4&Prime; width=\u00a0\u00bb101%\u00a0\u00bb module_alignment=\u00a0\u00bbcenter\u00a0\u00bb custom_margin=\u00a0\u00bb0px||0px||false|false\u00a0\u00bb custom_padding=\u00a0\u00bb0px||0px||false|false\u00a0\u00bb collapsed=\u00a0\u00bboff\u00a0\u00bb global_colors_info=\u00a0\u00bb{}\u00a0\u00bb][et_pb_row module_id=\u00a0\u00bblyr-img-accueil\u00a0\u00bb _builder_version=\u00a0\u00bb4.16&Prime; module_alignment=\u00a0\u00bbcenter\u00a0\u00bb custom_margin=\u00a0\u00bb||||false|false\u00a0\u00bb custom_padding=\u00a0\u00bb0px||||false|false\u00a0\u00bb global_colors_info=\u00a0\u00bb{}\u00a0\u00bb][et_pb_column type=\u00a0\u00bb4_4&Prime; _builder_version=\u00a0\u00bb4.16&Prime; global_colors_info=\u00a0\u00bb{}\u00a0\u00bb][et_pb_image src=\u00a0\u00bbhttps:\/\/canyonforest.com\/wp-content\/uploads\/2020\/03\/canyon-forest-faq.jpg\u00a0\u00bb alt=\u00a0\u00bbHomme se tenant \u00e0 la longe\u00a0\u00bb title_text=\u00a0\u00bbBon-cadeaux-Noel-idee-21-Accrobranche\u00a0\u00bb url_new_window=\u00a0\u00bbon\u00a0\u00bb align=\u00a0\u00bbcenter\u00a0\u00bb force_fullwidth=\u00a0\u00bbon\u00a0\u00bb _builder_version=\u00a0\u00bb4.19.4&Prime; custom_margin=\u00a0\u00bb||||false|false\u00a0\u00bb custom_padding=\u00a0\u00bb||||false|false\u00a0\u00bb custom_css_before=\u00a0\u00bbclear:both;\u00a0\u00bb global_colors_info=\u00a0\u00bb{}\u00a0\u00bb][\/et_pb_image][\/et_pb_column][\/et_pb_row][\/et_pb_section][et_pb_section fb_built=\u00a0\u00bb1&Prime; _builder_version=\u00a0\u00bb4.16&Prime; custom_padding=\u00a0\u00bb4px||0px||false|false\u00a0\u00bb global_colors_info=\u00a0\u00bb{}\u00a0\u00bb][et_pb_row _builder_version=\u00a0\u00bb4.16&Prime; custom_margin=\u00a0\u00bb|auto|-139px|auto||\u00a0\u00bb custom_padding=\u00a0\u00bb39px||2px|||\u00a0\u00bb global_colors_info=\u00a0\u00bb{}\u00a0\u00bb][et_pb_column type=\u00a0\u00bb4_4&Prime; _builder_version=\u00a0\u00bb4.16&Prime; global_colors_info=\u00a0\u00bb{}\u00a0\u00bb][et_pb_text _builder_version=\u00a0\u00bb4.27.4&Prime; header_font=\u00a0\u00bbBangers||||||||\u00a0\u00bb header_text_align=\u00a0\u00bbcenter\u00a0\u00bb header_text_color=\u00a0\u00bb#333&Prime; header_font_size=\u00a0\u00bb2.1em\u00a0\u00bb custom_margin=\u00a0\u00bb||5px|||\u00a0\u00bb custom_padding=\u00a0\u00bb||0px|||\u00a0\u00bb hover_enabled=\u00a0\u00bb0&Prime; header_font_size_tablet=\u00a0\u00bb\u00a0\u00bb header_font_size_phone=\u00a0\u00bb\u00a0\u00bb header_font_size_last_edited=\u00a0\u00bbon|phone\u00a0\u00bb global_colors_info=\u00a0\u00bb{}\u00a0\u00bb sticky_enabled=\u00a0\u00bb0&Prime;]<\/p>\n<p><a class=\"lyrguidapbtn\" href=\"https:\/\/canyonforest.com\/fr\/activites\/parcours-aventure\/?g-path=%2Fcart%2Fadd-to-cart%2F9h2urLAs3WlFybcjJCPoKGYfHqMV7O5gNRXB%2Fundefined%2FDEPARTURE\">&gt;&gt; R\u00e9servez un Parcours Aventure en ligne &lt;&lt;<\/a><\/p>\n<p>[\/et_pb_text][et_pb_text _builder_version=\u00a0\u00bb4.17.3&Prime; header_font=\u00a0\u00bbBangers||||||||\u00a0\u00bb header_text_align=\u00a0\u00bbcenter\u00a0\u00bb header_text_color=\u00a0\u00bb#333&Prime; header_font_size=\u00a0\u00bb2.1em\u00a0\u00bb custom_margin=\u00a0\u00bb||5px|||\u00a0\u00bb custom_padding=\u00a0\u00bb||0px|||\u00a0\u00bb header_font_size_tablet=\u00a0\u00bb\u00a0\u00bb header_font_size_phone=\u00a0\u00bb\u00a0\u00bb header_font_size_last_edited=\u00a0\u00bbon|phone\u00a0\u00bb global_colors_info=\u00a0\u00bb{}\u00a0\u00bb]<\/p>\n<h1 style=\"text-align: center;\">Achat de billets en ligne<\/h1>\n<p>[\/et_pb_text][\/et_pb_column][\/et_pb_row][et_pb_row _builder_version=\u00a0\u00bb4.16&Prime; module_alignment=\u00a0\u00bbcenter\u00a0\u00bb custom_margin=\u00a0\u00bb|204px||auto||\u00a0\u00bb custom_padding=\u00a0\u00bb0px||2px||false|false\u00a0\u00bb global_colors_info=\u00a0\u00bb{}\u00a0\u00bb][et_pb_column type=\u00a0\u00bb4_4&Prime; _builder_version=\u00a0\u00bb4.16&Prime; global_colors_info=\u00a0\u00bb{}\u00a0\u00bb][et_pb_text _builder_version=\u00a0\u00bb4.25.0&Prime; text_orientation=\u00a0\u00bbcenter\u00a0\u00bb custom_margin_tablet=\u00a0\u00bb\u00a0\u00bb custom_margin_phone=\u00a0\u00bb\u00a0\u00bb custom_margin_last_edited=\u00a0\u00bbon|phone\u00a0\u00bb custom_padding=\u00a0\u00bb12px|150px||150px|false|false\u00a0\u00bb custom_padding_tablet=\u00a0\u00bb|50px||50px|false|false\u00a0\u00bb custom_padding_phone=\u00a0\u00bb|15px||15px|false|false\u00a0\u00bb custom_padding_last_edited=\u00a0\u00bbon|phone\u00a0\u00bb global_colors_info=\u00a0\u00bb{}\u00a0\u00bb]<\/p>\n<p>Pour rendre votre visite plus agr\u00e9able, Canyon Forest vous permet d\u2019acheter vos entr\u00e9es en ligne. Evitez les temps d\u2019attente trop longs au t\u00e9l\u00e9phone et prenez en main l\u2019organisation de votre journ\u00e9e.<\/p>\n<p>Canyon Forest vous propose 6 parcours de niveaux croissants \u00e0 rejoindre \u00e0 pied (45mn) ou \u00e0 v\u00e9lo (15mn) ainsi qu&rsquo;un Lasergame outdoor.\u00a0 La location des v\u00e9los s\u2019effectue \u00e0 l\u2019accueil &#8211; s\u00e9lectionner l\u2019option \u00ab v\u00e9lo inclus \u00bb lors de votre r\u00e9servation en ligne. <span style=\"font-size: 14px;\">Apr\u00e8s une jolie balade le long de la rivi\u00e8re Le Loup, choisissez votre parcours en vous laissant guider par l\u2019\u00e9quipe.<\/span><\/p>\n<p>Le port de gants (type jardinage, bricolage) est recommand\u00e9 sur les parcours. Nous en vendons \u00e0 l\u2019accueil (2\u20ac).<\/p>\n<p>[\/et_pb_text][et_pb_text _builder_version=\u00a0\u00bb4.27.4&Prime; text_orientation=\u00a0\u00bbcenter\u00a0\u00bb custom_margin_tablet=\u00a0\u00bb\u00a0\u00bb custom_margin_phone=\u00a0\u00bb\u00a0\u00bb custom_margin_last_edited=\u00a0\u00bbon|phone\u00a0\u00bb custom_padding=\u00a0\u00bb12px|150px||150px|false|false\u00a0\u00bb custom_padding_tablet=\u00a0\u00bb|50px||50px|false|false\u00a0\u00bb custom_padding_phone=\u00a0\u00bb|15px||15px|false|false\u00a0\u00bb custom_padding_last_edited=\u00a0\u00bbon|phone\u00a0\u00bb global_colors_info=\u00a0\u00bb{}\u00a0\u00bb]<b style=\"font-size: 14px;\">Savez vous quand venir sur nos parcours ?<\/b><\/p>\n<p>Consultez les horaires disponibles et choisissez celui qui vous convient. Pensez au temps de d\u00e9placement pour rejoindre le parc. L\u2019horaire que vous r\u00e9servez est celui du parcours, pr\u00e9voyez donc d\u2019arriver en avance selon votre choix d\u2019y acc\u00e9der \u00e0 pieds (45mn) ou \u00e0 v\u00e9lo (15mn).<\/p>\n<p><b>Vous ignorez la date de votre visite ou souhaitez offrir un accrobranche en cadeau<\/b> pour un <b>anniversaire<\/b>, les f\u00eates de fin d\u2019ann\u00e9e ou toute autre occasion de faire plaisir \u00e0 qui vous voulez\u00a0? Achetez vos entr\u00e9es sans date et utilisez-les quand vous le souhaitez (entr\u00e9es valables 1 an, voir <a href=\"\/fr\/cgv\/\">Conditions G\u00e9n\u00e9rales de Vente<\/a>).[\/et_pb_text][\/et_pb_column][\/et_pb_row][\/et_pb_section]<\/p>\n","protected":false},"excerpt":{"rendered":"<p>&gt;&gt; R\u00e9servez un Parcours Aventure en ligne &lt;&lt;Achat de billets en lignePour rendre votre visite plus agr\u00e9able, Canyon Forest vous permet d\u2019acheter vos entr\u00e9es en ligne. Evitez les temps d\u2019attente trop longs au t\u00e9l\u00e9phone et prenez en main l\u2019organisation de votre journ\u00e9e. Canyon Forest vous propose 6 parcours de niveaux croissants \u00e0 rejoindre \u00e0 pied [&hellip;]<\/p>\n","protected":false},"author":1,"featured_media":0,"parent":0,"menu_order":0,"comment_status":"closed","ping_status":"closed","template":"","meta":{"_et_pb_use_builder":"on","_et_pb_old_content":"","_et_gb_content_width":"1080","footnotes":""},"class_list":["post-1583","page","type-page","status-publish","hentry"],"yoast_head":"<!-- This site is optimized with the Yoast SEO plugin v26.4 - https:\/\/yoast.com\/wordpress\/plugins\/seo\/ -->\n<title>Billetterie - Canyon Forest<\/title>\n<meta name=\"description\" content=\"Utilisez notre billetterie en ligne pour r\u00e9server votre parcours accrobranche en toute s\u00e9r\u00e9nit\u00e9 ! Paiement s\u00e9curis\u00e9.\" \/>\n<meta name=\"robots\" content=\"index, follow, max-snippet:-1, max-image-preview:large, max-video-preview:-1\" \/>\n<link rel=\"canonical\" href=\"https:\/\/canyonforest.com\/fr\/billetterie\/\" \/>\n<meta property=\"og:locale\" content=\"fr_FR\" \/>\n<meta property=\"og:type\" content=\"article\" \/>\n<meta property=\"og:title\" content=\"Billetterie - Canyon Forest\" \/>\n<meta property=\"og:description\" content=\"Utilisez notre billetterie en ligne pour r\u00e9server votre parcours accrobranche en toute s\u00e9r\u00e9nit\u00e9 ! Paiement s\u00e9curis\u00e9.\" \/>\n<meta property=\"og:url\" content=\"https:\/\/canyonforest.com\/fr\/billetterie\/\" \/>\n<meta property=\"og:site_name\" content=\"Canyon Forest\" \/>\n<meta property=\"article:modified_time\" content=\"2025-11-25T13:53:00+00:00\" \/>\n<meta name=\"twitter:card\" content=\"summary_large_image\" \/>\n<meta name=\"twitter:label1\" content=\"Dur\u00e9e de lecture estim\u00e9e\" \/>\n\t<meta name=\"twitter:data1\" content=\"3 minutes\" \/>\n<script type=\"application\/ld+json\" class=\"yoast-schema-graph\">{\"@context\":\"https:\/\/schema.org\",\"@graph\":[{\"@type\":\"WebPage\",\"@id\":\"https:\/\/canyonforest.com\/fr\/billetterie\/\",\"url\":\"https:\/\/canyonforest.com\/fr\/billetterie\/\",\"name\":\"Billetterie - Canyon Forest\",\"isPartOf\":{\"@id\":\"https:\/\/canyonforest.com\/fr\/#website\"},\"datePublished\":\"2020-04-24T09:31:13+00:00\",\"dateModified\":\"2025-11-25T13:53:00+00:00\",\"description\":\"Utilisez notre billetterie en ligne pour r\u00e9server votre parcours accrobranche en toute s\u00e9r\u00e9nit\u00e9 ! Paiement s\u00e9curis\u00e9.\",\"breadcrumb\":{\"@id\":\"https:\/\/canyonforest.com\/fr\/billetterie\/#breadcrumb\"},\"inLanguage\":\"fr-FR\",\"potentialAction\":[{\"@type\":\"ReadAction\",\"target\":[\"https:\/\/canyonforest.com\/fr\/billetterie\/\"]}]},{\"@type\":\"BreadcrumbList\",\"@id\":\"https:\/\/canyonforest.com\/fr\/billetterie\/#breadcrumb\",\"itemListElement\":[{\"@type\":\"ListItem\",\"position\":1,\"name\":\"Accueil\",\"item\":\"https:\/\/canyonforest.com\/fr\/\"},{\"@type\":\"ListItem\",\"position\":2,\"name\":\"Billetterie\"}]},{\"@type\":\"WebSite\",\"@id\":\"https:\/\/canyonforest.com\/fr\/#website\",\"url\":\"https:\/\/canyonforest.com\/fr\/\",\"name\":\"Canyon Forest\",\"description\":\"\",\"potentialAction\":[{\"@type\":\"SearchAction\",\"target\":{\"@type\":\"EntryPoint\",\"urlTemplate\":\"https:\/\/canyonforest.com\/fr\/?s={search_term_string}\"},\"query-input\":{\"@type\":\"PropertyValueSpecification\",\"valueRequired\":true,\"valueName\":\"search_term_string\"}}],\"inLanguage\":\"fr-FR\"}]}<\/script>\n<!-- \/ Yoast SEO plugin. -->","yoast_head_json":{"title":"Billetterie - Canyon Forest","description":"Utilisez notre billetterie en ligne pour r\u00e9server votre parcours accrobranche en toute s\u00e9r\u00e9nit\u00e9 ! Paiement s\u00e9curis\u00e9.","robots":{"index":"index","follow":"follow","max-snippet":"max-snippet:-1","max-image-preview":"max-image-preview:large","max-video-preview":"max-video-preview:-1"},"canonical":"https:\/\/canyonforest.com\/fr\/billetterie\/","og_locale":"fr_FR","og_type":"article","og_title":"Billetterie - Canyon Forest","og_description":"Utilisez notre billetterie en ligne pour r\u00e9server votre parcours accrobranche en toute s\u00e9r\u00e9nit\u00e9 ! Paiement s\u00e9curis\u00e9.","og_url":"https:\/\/canyonforest.com\/fr\/billetterie\/","og_site_name":"Canyon Forest","article_modified_time":"2025-11-25T13:53:00+00:00","twitter_card":"summary_large_image","twitter_misc":{"Dur\u00e9e de lecture estim\u00e9e":"3 minutes"},"schema":{"@context":"https:\/\/schema.org","@graph":[{"@type":"WebPage","@id":"https:\/\/canyonforest.com\/fr\/billetterie\/","url":"https:\/\/canyonforest.com\/fr\/billetterie\/","name":"Billetterie - Canyon Forest","isPartOf":{"@id":"https:\/\/canyonforest.com\/fr\/#website"},"datePublished":"2020-04-24T09:31:13+00:00","dateModified":"2025-11-25T13:53:00+00:00","description":"Utilisez notre billetterie en ligne pour r\u00e9server votre parcours accrobranche en toute s\u00e9r\u00e9nit\u00e9 ! Paiement s\u00e9curis\u00e9.","breadcrumb":{"@id":"https:\/\/canyonforest.com\/fr\/billetterie\/#breadcrumb"},"inLanguage":"fr-FR","potentialAction":[{"@type":"ReadAction","target":["https:\/\/canyonforest.com\/fr\/billetterie\/"]}]},{"@type":"BreadcrumbList","@id":"https:\/\/canyonforest.com\/fr\/billetterie\/#breadcrumb","itemListElement":[{"@type":"ListItem","position":1,"name":"Accueil","item":"https:\/\/canyonforest.com\/fr\/"},{"@type":"ListItem","position":2,"name":"Billetterie"}]},{"@type":"WebSite","@id":"https:\/\/canyonforest.com\/fr\/#website","url":"https:\/\/canyonforest.com\/fr\/","name":"Canyon Forest","description":"","potentialAction":[{"@type":"SearchAction","target":{"@type":"EntryPoint","urlTemplate":"https:\/\/canyonforest.com\/fr\/?s={search_term_string}"},"query-input":{"@type":"PropertyValueSpecification","valueRequired":true,"valueName":"search_term_string"}}],"inLanguage":"fr-FR"}]}},"_links":{"self":[{"href":"https:\/\/canyonforest.com\/fr\/wp-json\/wp\/v2\/pages\/1583","targetHints":{"allow":["GET"]}}],"collection":[{"href":"https:\/\/canyonforest.com\/fr\/wp-json\/wp\/v2\/pages"}],"about":[{"href":"https:\/\/canyonforest.com\/fr\/wp-json\/wp\/v2\/types\/page"}],"author":[{"embeddable":true,"href":"https:\/\/canyonforest.com\/fr\/wp-json\/wp\/v2\/users\/1"}],"replies":[{"embeddable":true,"href":"https:\/\/canyonforest.com\/fr\/wp-json\/wp\/v2\/comments?post=1583"}],"version-history":[{"count":84,"href":"https:\/\/canyonforest.com\/fr\/wp-json\/wp\/v2\/pages\/1583\/revisions"}],"predecessor-version":[{"id":5038,"href":"https:\/\/canyonforest.com\/fr\/wp-json\/wp\/v2\/pages\/1583\/revisions\/5038"}],"wp:attachment":[{"href":"https:\/\/canyonforest.com\/fr\/wp-json\/wp\/v2\/media?parent=1583"}],"curies":[{"name":"wp","href":"https:\/\/api.w.org\/{rel}","templated":true}]}}