{"id":16,"date":"2020-02-08T18:03:49","date_gmt":"2020-02-08T17:03:49","guid":{"rendered":"https:\/\/canyonforest.com\/?page_id=16"},"modified":"2025-11-25T13:51:46","modified_gmt":"2025-11-25T12:51:46","slug":"accueil","status":"publish","type":"page","link":"https:\/\/canyonforest.com\/fr\/","title":{"rendered":"Accueil"},"content":{"rendered":"<p>[et_pb_section fb_built=\u00a0\u00bb1&Prime; module_id=\u00a0\u00bblyr-section-accueil-btn\u00a0\u00bb _builder_version=\u00a0\u00bb4.19.0&Prime; width=\u00a0\u00bb101%\u00a0\u00bb module_alignment=\u00a0\u00bbcenter\u00a0\u00bb custom_padding=\u00a0\u00bb4px||0px||false|false\u00a0\u00bb collapsed=\u00a0\u00bboff\u00a0\u00bb global_colors_info=\u00a0\u00bb{}\u00a0\u00bb][et_pb_row module_id=\u00a0\u00bblyr-img-accueil\u00a0\u00bb _builder_version=\u00a0\u00bb4.16&Prime; module_alignment=\u00a0\u00bbcenter\u00a0\u00bb custom_margin=\u00a0\u00bb||||false|false\u00a0\u00bb custom_padding=\u00a0\u00bb0px||||false|false\u00a0\u00bb global_colors_info=\u00a0\u00bb{}\u00a0\u00bb][et_pb_column type=\u00a0\u00bb4_4&Prime; _builder_version=\u00a0\u00bb4.16&Prime; global_colors_info=\u00a0\u00bb{}\u00a0\u00bb][et_pb_gallery gallery_ids=\u00a0\u00bb4439,4437,4435&Prime; gallery_orderby=\u00a0\u00bbrand\u00a0\u00bb fullwidth=\u00a0\u00bbon\u00a0\u00bb admin_label=\u00a0\u00bbBandeau ent\u00eate logo al\u00e9atoire\u00a0\u00bb module_class=\u00a0\u00bblyr-ramdom\u00a0\u00bb _builder_version=\u00a0\u00bb4.27.4&Prime; _module_preset=\u00a0\u00bbdefault\u00a0\u00bb custom_margin=\u00a0\u00bb0px|0px|0px|0px|false|false\u00a0\u00bb custom_padding=\u00a0\u00bb0px|0px|0px|0px|false|false\u00a0\u00bb global_colors_info=\u00a0\u00bb{}\u00a0\u00bb][\/et_pb_gallery][\/et_pb_column][\/et_pb_row][et_pb_row _builder_version=\u00a0\u00bb4.16&Prime; custom_padding=\u00a0\u00bb||12px||false|false\u00a0\u00bb global_colors_info=\u00a0\u00bb{}\u00a0\u00bb][et_pb_column type=\u00a0\u00bb4_4&Prime; _builder_version=\u00a0\u00bb4.16&Prime; global_colors_info=\u00a0\u00bb{}\u00a0\u00bb][et_pb_text _builder_version=\u00a0\u00bb4.27.4&Prime; header_text_align=\u00a0\u00bbcenter\u00a0\u00bb header_2_text_align=\u00a0\u00bbcenter\u00a0\u00bb header_2_text_color=\u00a0\u00bb#003b46&Prime; header_2_font_size=\u00a0\u00bb30px\u00a0\u00bb header_2_line_height=\u00a0\u00bb1.1em\u00a0\u00bb text_orientation=\u00a0\u00bbcenter\u00a0\u00bb global_colors_info=\u00a0\u00bb{}\u00a0\u00bb]<\/p>\n<h2>Accrobranche &#038; Laser Game :<br \/>\nCanyon Forest territoire d&rsquo;aventures<\/h2>\n<p>Pour acc\u00e9der \u00e0 toutes nos activit\u00e9s (accrobranche ou laser game),<br \/>\n<span class=\"bold\">vous devrez effectuer une balade de 2,5 km de l&rsquo;accueil au parc<\/span> le long de la rivi\u00e8re Le Loup.<br \/>\n<span class=\"bold\">L&rsquo;acc\u00e8s peut se faire uniquement \u00e0 pied (comptez 30 minutes) ou en v\u00e9lo (15 minutes)<\/span>.<br \/>\nVous pouvez venir avec votre propre v\u00e9lo ou en louer un lors de la r\u00e9servation (+2\u20ac avec une activit\u00e9, 4\u20ac en visiteur sans activit\u00e9).[\/et_pb_text][\/et_pb_column][\/et_pb_row][et_pb_row column_structure=\u00a0\u00bb1_3,1_3,1_3&Prime; _builder_version=\u00a0\u00bb4.16&Prime; custom_margin=\u00a0\u00bb-9px|auto|8px|auto||\u00a0\u00bb custom_padding=\u00a0\u00bb15px||10px|||\u00a0\u00bb global_colors_info=\u00a0\u00bb{}\u00a0\u00bb][et_pb_column type=\u00a0\u00bb1_3&Prime; _builder_version=\u00a0\u00bb4.16&Prime; global_colors_info=\u00a0\u00bb{}\u00a0\u00bb][et_pb_text module_id=\u00a0\u00bbbtn-billeterie\u00a0\u00bb module_class=\u00a0\u00bbbtn-billet\u00a0\u00bb _builder_version=\u00a0\u00bb4.27.4&Prime; _dynamic_attributes=\u00a0\u00bblink_option_url\u00a0\u00bb header_2_text_align=\u00a0\u00bbcenter\u00a0\u00bb link_option_url=\u00a0\u00bb@ET-DC@eyJkeW5hbWljIjp0cnVlLCJjb250ZW50IjoicG9zdF9saW5rX3VybF9wYWdlIiwic2V0dGluZ3MiOnsicG9zdF9pZCI6IjE1ODMifX0=@\u00a0\u00bb hover_enabled=\u00a0\u00bb0&Prime; global_colors_info=\u00a0\u00bb{}\u00a0\u00bb sticky_enabled=\u00a0\u00bb0&Prime;]<\/p>\n<h2>Achats en ligne<br \/>Parcours aventure<\/h2>\n<p>[\/et_pb_text][et_pb_blog post_type=\u00a0\u00bbannonces_ms\u00a0\u00bb posts_number=\u00a0\u00bb1&Prime; show_thumbnail=\u00a0\u00bboff\u00a0\u00bb show_content=\u00a0\u00bbon\u00a0\u00bb show_author=\u00a0\u00bboff\u00a0\u00bb show_date=\u00a0\u00bboff\u00a0\u00bb show_categories=\u00a0\u00bboff\u00a0\u00bb module_id=\u00a0\u00bbannonces\u00a0\u00bb _builder_version=\u00a0\u00bb4.16&Prime; global_colors_info=\u00a0\u00bb{}\u00a0\u00bb][\/et_pb_blog][\/et_pb_column][et_pb_column type=\u00a0\u00bb1_3&Prime; _builder_version=\u00a0\u00bb4.16&Prime; global_colors_info=\u00a0\u00bb{}\u00a0\u00bb][et_pb_text module_id=\u00a0\u00bblyr-btn-accueilparcours\u00a0\u00bb _builder_version=\u00a0\u00bb4.16&Prime; _dynamic_attributes=\u00a0\u00bblink_option_url\u00a0\u00bb text_font=\u00a0\u00bbOpen Sans|600|||||||\u00a0\u00bb text_text_color=\u00a0\u00bb#ffffff\u00a0\u00bb text_font_size=\u00a0\u00bb15px\u00a0\u00bb text_letter_spacing=\u00a0\u00bb2px\u00a0\u00bb background_color=\u00a0\u00bbrgba(0,0,0,0)\u00a0\u00bb background_image=\u00a0\u00bbhttps:\/\/canyonforest.com\/wp-content\/uploads\/2020\/02\/temp-boutontest.jpg\u00a0\u00bb text_orientation=\u00a0\u00bbcenter\u00a0\u00bb module_alignment=\u00a0\u00bbcenter\u00a0\u00bb custom_padding=\u00a0\u00bb170px||35px||false|false\u00a0\u00bb link_option_url=\u00a0\u00bb@ET-DC@eyJkeW5hbWljIjp0cnVlLCJjb250ZW50IjoicG9zdF9saW5rX3VybF9wYWdlIiwic2V0dGluZ3MiOnsicG9zdF9pZCI6IjM1NyJ9fQ==@\u00a0\u00bb module_alignment_tablet=\u00a0\u00bb\u00a0\u00bb module_alignment_phone=\u00a0\u00bb\u00a0\u00bb module_alignment_last_edited=\u00a0\u00bbon|desktop\u00a0\u00bb border_radii=\u00a0\u00bbon|25px|25px|25px|25px\u00a0\u00bb global_colors_info=\u00a0\u00bb{}\u00a0\u00bb]<\/p>\n<p><strong>Les parcours<\/strong><\/p>\n<p>[\/et_pb_text][et_pb_text module_id=\u00a0\u00bblyr-btn-accueilhoraire\u00a0\u00bb _builder_version=\u00a0\u00bb4.16&Prime; _dynamic_attributes=\u00a0\u00bblink_option_url\u00a0\u00bb text_text_color=\u00a0\u00bb#ffffff\u00a0\u00bb text_font_size=\u00a0\u00bb15px\u00a0\u00bb text_letter_spacing=\u00a0\u00bb2px\u00a0\u00bb background_color=\u00a0\u00bbrgba(0,0,0,0)\u00a0\u00bb background_image=\u00a0\u00bbhttps:\/\/canyonforest.com\/wp-content\/uploads\/2020\/02\/temp-boutontest.jpg\u00a0\u00bb text_orientation=\u00a0\u00bbcenter\u00a0\u00bb custom_padding=\u00a0\u00bb168px||35px||false|false\u00a0\u00bb link_option_url=\u00a0\u00bb@ET-DC@eyJkeW5hbWljIjp0cnVlLCJjb250ZW50IjoicG9zdF9saW5rX3VybF9wYWdlIiwic2V0dGluZ3MiOnsicG9zdF9pZCI6IjM4NyJ9fQ==@\u00a0\u00bb border_radii=\u00a0\u00bbon|25px|25px|25px|25px\u00a0\u00bb global_colors_info=\u00a0\u00bb{}\u00a0\u00bb]<\/p>\n<p><strong>Horaires &amp; tarifs<\/strong><\/p>\n<p>[\/et_pb_text][\/et_pb_column][et_pb_column type=\u00a0\u00bb1_3&Prime; _builder_version=\u00a0\u00bb4.16&Prime; global_colors_info=\u00a0\u00bb{}\u00a0\u00bb][et_pb_text module_id=\u00a0\u00bblyr-btn-accueillaser\u00a0\u00bb _builder_version=\u00a0\u00bb4.16&Prime; _dynamic_attributes=\u00a0\u00bblink_option_url\u00a0\u00bb text_text_color=\u00a0\u00bb#ffffff\u00a0\u00bb text_font_size=\u00a0\u00bb15px\u00a0\u00bb text_letter_spacing=\u00a0\u00bb2px\u00a0\u00bb background_color=\u00a0\u00bbrgba(0,0,0,0)\u00a0\u00bb background_image=\u00a0\u00bbhttps:\/\/canyonforest.com\/wp-content\/uploads\/2020\/02\/temp-boutontest.jpg\u00a0\u00bb text_orientation=\u00a0\u00bbcenter\u00a0\u00bb custom_padding=\u00a0\u00bb170px||35px||false|false\u00a0\u00bb link_option_url=\u00a0\u00bb@ET-DC@eyJkeW5hbWljIjp0cnVlLCJjb250ZW50IjoicG9zdF9saW5rX3VybF9wYWdlIiwic2V0dGluZ3MiOnsicG9zdF9pZCI6IjM2MSJ9fQ==@\u00a0\u00bb border_radii=\u00a0\u00bbon|25px|25px|25px|25px\u00a0\u00bb global_colors_info=\u00a0\u00bb{}\u00a0\u00bb]<\/p>\n<p><strong>Laser game Outdoor<\/strong><\/p>\n<p>[\/et_pb_text][et_pb_text module_id=\u00a0\u00bblyr-btn-accueilcanyoning\u00a0\u00bb _builder_version=\u00a0\u00bb4.16&Prime; _dynamic_attributes=\u00a0\u00bblink_option_url\u00a0\u00bb text_text_color=\u00a0\u00bb#ffffff\u00a0\u00bb text_font_size=\u00a0\u00bb15px\u00a0\u00bb text_letter_spacing=\u00a0\u00bb2px\u00a0\u00bb background_color=\u00a0\u00bbrgba(0,0,0,0)\u00a0\u00bb background_image=\u00a0\u00bbhttps:\/\/canyonforest.com\/wp-content\/uploads\/2020\/02\/temp-boutontest.jpg\u00a0\u00bb text_orientation=\u00a0\u00bbcenter\u00a0\u00bb custom_padding=\u00a0\u00bb170px||35px||false|false\u00a0\u00bb link_option_url=\u00a0\u00bb@ET-DC@eyJkeW5hbWljIjp0cnVlLCJjb250ZW50IjoicG9zdF9saW5rX3VybF9wYWdlIiwic2V0dGluZ3MiOnsicG9zdF9pZCI6IjM2NSJ9fQ==@\u00a0\u00bb border_radii=\u00a0\u00bbon|25px|25px|25px|25px\u00a0\u00bb global_colors_info=\u00a0\u00bb{}\u00a0\u00bb]<\/p>\n<p><strong>Canyoning<\/strong><\/p>\n<p>[\/et_pb_text][\/et_pb_column][\/et_pb_row][et_pb_row _builder_version=\u00a0\u00bb4.16&Prime; custom_padding=\u00a0\u00bb12px|||||\u00a0\u00bb global_colors_info=\u00a0\u00bb{}\u00a0\u00bb][et_pb_column type=\u00a0\u00bb4_4&Prime; _builder_version=\u00a0\u00bb4.16&Prime; global_colors_info=\u00a0\u00bb{}\u00a0\u00bb][et_pb_text _builder_version=\u00a0\u00bb4.27.4&Prime; header_2_text_color=\u00a0\u00bb#003b46&Prime; text_orientation=\u00a0\u00bbcenter\u00a0\u00bb global_colors_info=\u00a0\u00bb{}\u00a0\u00bb]<\/p>\n<h2>Canyon Forest vous accueille dans un site naturel exceptionnel<\/h2>\n<p>Situ\u00e9 dans un \u00e9crin de nature au c\u0153ur du parc d\u00e9partemental des rives du Loup \u00e0 Villeneuve-Loubet, \u00e0 proximit\u00e9 de Grasse, Nice et Antibes,<br \/>\nCanyon Forest est un territoire d\u2019aventures fantastique avec ses diff\u00e9rentes activit\u00e9s :<br \/>\n&#8211; Parcours Aventure, <a href=\"https:\/\/canyonforest.com\/fr\/activites\/parcours-aventure\/\"><b>4 parcours accrobranche<\/b><\/a> de niveaux croissants \u00e0 partir de 8 ans et 1m30.<br \/>\n&#8211; Parcours D\u00e9couverte, <a href=\"https:\/\/canyonforest.com\/fr\/activites\/parcours-decouverte\/\"><b>2 parcours sp\u00e9cialement con\u00e7us pour nos plus jeunes aventuriers<\/b><\/a> \u00e0 partir d&rsquo;1m10. Les parcours d\u00e9couvertes sont r\u00e9alisables deux fois pour chaque enfant.<br \/>\n&#8211; Laser game outdoor, <a href=\"https:\/\/canyonforest.com\/fr\/activites\/laser-game-outdoor\/\"><b> une exp\u00e9rience grandeur nature <\/b><\/a>en pleine for\u00eat<br \/>\nCanyon Forest vous promet des exp\u00e9riences riches en adr\u00e9naline, divertissement et sensations fortes.<br \/>\nHabitu\u00e9\u00b7es des sports extr\u00eames ou adeptes d&rsquo;activit\u00e9s en nature, vous cherchez \u00e0 vous d\u00e9passer ou \u00e0 passer un moment de d\u00e9tente entre falaise, for\u00eat et rivi\u00e8re ? Vous trouverez \u00e0 Canyon Forest l\u2019aventure qui vous convient parmi nos multiples activit\u00e9s.<br \/>\nC&rsquo;est au terme d\u2019une magnifique balade \u00e0 v\u00e9lo ou \u00e0 pieds sur une piste ombrag\u00e9e le long de la rivi\u00e8re que vous arriverez au pied des parcours aventures.<br \/>\nEnvie de go\u00fbter aux joies de la hauteur\u00a0? La team de Canyon Forest vous \u00e9quipe et vous oriente sur<b> le parcours dans les arbres<\/b> le plus adapt\u00e9 \u00e0 votre profil!\u00a0Vous souhaitez vous affronter en \u00e9quipe dans un d\u00e9cor post-apocalyptique\u00a0? Dirigez-vous vers la zone du Laser, r\u00e9cup\u00e9rez vos armes et d\u00e9marrez votre guerre de territoire\u00a0(20mn, 40mn ou 60mn) ![\/et_pb_text][\/et_pb_column][\/et_pb_row][\/et_pb_section]<\/p>\n","protected":false},"excerpt":{"rendered":"<p>Accrobranche &#038; Laser Game : Canyon Forest territoire d&rsquo;aventures Pour acc\u00e9der \u00e0 toutes nos activit\u00e9s (accrobranche ou laser game), vous devrez effectuer une balade de 2,5 km de l&rsquo;accueil au parc le long de la rivi\u00e8re Le Loup. L&rsquo;acc\u00e8s peut se faire uniquement \u00e0 pied (comptez 30 minutes) ou en v\u00e9lo (15 minutes). Vous pouvez [&hellip;]<\/p>\n","protected":false},"author":1,"featured_media":0,"parent":0,"menu_order":0,"comment_status":"closed","ping_status":"closed","template":"","meta":{"_et_pb_use_builder":"on","_et_pb_old_content":"","_et_gb_content_width":"1080","footnotes":""},"class_list":["post-16","page","type-page","status-publish","hentry"],"yoast_head":"<!-- This site is optimized with the Yoast SEO plugin v26.4 - https:\/\/yoast.com\/wordpress\/plugins\/seo\/ -->\n<title>Accueil du parcours aventure accrobranche et du laser | Canyon Forest<\/title>\n<meta name=\"description\" content=\"Canyon Forest, accrobranche situ\u00e9 entre Nice, Grasse et Antibes propose \u00e9galement un laser situ\u00e9 en pleine for\u00eat pour toute la famille\" \/>\n<meta name=\"robots\" content=\"index, follow, max-snippet:-1, max-image-preview:large, max-video-preview:-1\" \/>\n<link rel=\"canonical\" href=\"https:\/\/canyonforest.com\/fr\/\" \/>\n<meta property=\"og:locale\" content=\"fr_FR\" \/>\n<meta property=\"og:type\" content=\"article\" \/>\n<meta property=\"og:title\" content=\"Accueil du parcours aventure accrobranche et du laser | Canyon Forest\" \/>\n<meta property=\"og:description\" content=\"Canyon Forest, accrobranche situ\u00e9 entre Nice, Grasse et Antibes propose \u00e9galement un laser situ\u00e9 en pleine for\u00eat pour toute la famille\" \/>\n<meta property=\"og:url\" content=\"https:\/\/canyonforest.com\/fr\/\" \/>\n<meta property=\"og:site_name\" content=\"Canyon Forest\" \/>\n<meta property=\"article:modified_time\" content=\"2025-11-25T12:51:46+00:00\" \/>\n<meta name=\"twitter:card\" content=\"summary_large_image\" \/>\n<meta name=\"twitter:label1\" content=\"Dur\u00e9e de lecture estim\u00e9e\" \/>\n\t<meta name=\"twitter:data1\" content=\"5 minutes\" \/>\n<script type=\"application\/ld+json\" class=\"yoast-schema-graph\">{\"@context\":\"https:\/\/schema.org\",\"@graph\":[{\"@type\":\"WebPage\",\"@id\":\"https:\/\/canyonforest.com\/fr\/\",\"url\":\"https:\/\/canyonforest.com\/fr\/\",\"name\":\"Accueil du parcours aventure accrobranche et du laser | Canyon Forest\",\"isPartOf\":{\"@id\":\"https:\/\/canyonforest.com\/fr\/#website\"},\"datePublished\":\"2020-02-08T17:03:49+00:00\",\"dateModified\":\"2025-11-25T12:51:46+00:00\",\"description\":\"Canyon Forest, accrobranche situ\u00e9 entre Nice, Grasse et Antibes propose \u00e9galement un laser situ\u00e9 en pleine for\u00eat pour toute la famille\",\"breadcrumb\":{\"@id\":\"https:\/\/canyonforest.com\/fr\/#breadcrumb\"},\"inLanguage\":\"fr-FR\",\"potentialAction\":[{\"@type\":\"ReadAction\",\"target\":[\"https:\/\/canyonforest.com\/fr\/\"]}]},{\"@type\":\"BreadcrumbList\",\"@id\":\"https:\/\/canyonforest.com\/fr\/#breadcrumb\",\"itemListElement\":[{\"@type\":\"ListItem\",\"position\":1,\"name\":\"Accueil\",\"item\":\"https:\/\/canyonforest.com\/fr\/\"},{\"@type\":\"ListItem\",\"position\":2,\"name\":\"Accueil\"}]},{\"@type\":\"WebSite\",\"@id\":\"https:\/\/canyonforest.com\/fr\/#website\",\"url\":\"https:\/\/canyonforest.com\/fr\/\",\"name\":\"Canyon Forest\",\"description\":\"\",\"potentialAction\":[{\"@type\":\"SearchAction\",\"target\":{\"@type\":\"EntryPoint\",\"urlTemplate\":\"https:\/\/canyonforest.com\/fr\/?s={search_term_string}\"},\"query-input\":{\"@type\":\"PropertyValueSpecification\",\"valueRequired\":true,\"valueName\":\"search_term_string\"}}],\"inLanguage\":\"fr-FR\"}]}<\/script>\n<!-- \/ Yoast SEO plugin. -->","yoast_head_json":{"title":"Accueil du parcours aventure accrobranche et du laser | Canyon Forest","description":"Canyon Forest, accrobranche situ\u00e9 entre Nice, Grasse et Antibes propose \u00e9galement un laser situ\u00e9 en pleine for\u00eat pour toute la famille","robots":{"index":"index","follow":"follow","max-snippet":"max-snippet:-1","max-image-preview":"max-image-preview:large","max-video-preview":"max-video-preview:-1"},"canonical":"https:\/\/canyonforest.com\/fr\/","og_locale":"fr_FR","og_type":"article","og_title":"Accueil du parcours aventure accrobranche et du laser | Canyon Forest","og_description":"Canyon Forest, accrobranche situ\u00e9 entre Nice, Grasse et Antibes propose \u00e9galement un laser situ\u00e9 en pleine for\u00eat pour toute la famille","og_url":"https:\/\/canyonforest.com\/fr\/","og_site_name":"Canyon Forest","article_modified_time":"2025-11-25T12:51:46+00:00","twitter_card":"summary_large_image","twitter_misc":{"Dur\u00e9e de lecture estim\u00e9e":"5 minutes"},"schema":{"@context":"https:\/\/schema.org","@graph":[{"@type":"WebPage","@id":"https:\/\/canyonforest.com\/fr\/","url":"https:\/\/canyonforest.com\/fr\/","name":"Accueil du parcours aventure accrobranche et du laser | Canyon Forest","isPartOf":{"@id":"https:\/\/canyonforest.com\/fr\/#website"},"datePublished":"2020-02-08T17:03:49+00:00","dateModified":"2025-11-25T12:51:46+00:00","description":"Canyon Forest, accrobranche situ\u00e9 entre Nice, Grasse et Antibes propose \u00e9galement un laser situ\u00e9 en pleine for\u00eat pour toute la famille","breadcrumb":{"@id":"https:\/\/canyonforest.com\/fr\/#breadcrumb"},"inLanguage":"fr-FR","potentialAction":[{"@type":"ReadAction","target":["https:\/\/canyonforest.com\/fr\/"]}]},{"@type":"BreadcrumbList","@id":"https:\/\/canyonforest.com\/fr\/#breadcrumb","itemListElement":[{"@type":"ListItem","position":1,"name":"Accueil","item":"https:\/\/canyonforest.com\/fr\/"},{"@type":"ListItem","position":2,"name":"Accueil"}]},{"@type":"WebSite","@id":"https:\/\/canyonforest.com\/fr\/#website","url":"https:\/\/canyonforest.com\/fr\/","name":"Canyon Forest","description":"","potentialAction":[{"@type":"SearchAction","target":{"@type":"EntryPoint","urlTemplate":"https:\/\/canyonforest.com\/fr\/?s={search_term_string}"},"query-input":{"@type":"PropertyValueSpecification","valueRequired":true,"valueName":"search_term_string"}}],"inLanguage":"fr-FR"}]}},"_links":{"self":[{"href":"https:\/\/canyonforest.com\/fr\/wp-json\/wp\/v2\/pages\/16","targetHints":{"allow":["GET"]}}],"collection":[{"href":"https:\/\/canyonforest.com\/fr\/wp-json\/wp\/v2\/pages"}],"about":[{"href":"https:\/\/canyonforest.com\/fr\/wp-json\/wp\/v2\/types\/page"}],"author":[{"embeddable":true,"href":"https:\/\/canyonforest.com\/fr\/wp-json\/wp\/v2\/users\/1"}],"replies":[{"embeddable":true,"href":"https:\/\/canyonforest.com\/fr\/wp-json\/wp\/v2\/comments?post=16"}],"version-history":[{"count":132,"href":"https:\/\/canyonforest.com\/fr\/wp-json\/wp\/v2\/pages\/16\/revisions"}],"predecessor-version":[{"id":5036,"href":"https:\/\/canyonforest.com\/fr\/wp-json\/wp\/v2\/pages\/16\/revisions\/5036"}],"wp:attachment":[{"href":"https:\/\/canyonforest.com\/fr\/wp-json\/wp\/v2\/media?parent=16"}],"curies":[{"name":"wp","href":"https:\/\/api.w.org\/{rel}","templated":true}]}}