{"id":3492,"date":"2021-10-18T15:19:11","date_gmt":"2021-10-18T13:19:11","guid":{"rendered":"https:\/\/canyonforest.com\/?page_id=3492"},"modified":"2025-12-02T09:17:32","modified_gmt":"2025-12-02T08:17:32","slug":"promotion-evenement","status":"publish","type":"page","link":"https:\/\/canyonforest.com\/fr\/promotion-evenement\/","title":{"rendered":"Promotions et \u00e9v\u00e8nements"},"content":{"rendered":"<p>[et_pb_section fb_built=\u00a0\u00bb1&Prime; admin_label=\u00a0\u00bbSection Bandeau\u00a0\u00bb module_id=\u00a0\u00bblyr-section-accueil-btn\u00a0\u00bb _builder_version=\u00a0\u00bb4.23.1&Prime; width=\u00a0\u00bb101%\u00a0\u00bb module_alignment=\u00a0\u00bbcenter\u00a0\u00bb custom_padding=\u00a0\u00bb4px||4px||false|false\u00a0\u00bb collapsed=\u00a0\u00bboff\u00a0\u00bb global_colors_info=\u00a0\u00bb{}\u00a0\u00bb][et_pb_row admin_label=\u00a0\u00bbColonne bandeau\u00a0\u00bb module_id=\u00a0\u00bblyr-img-accueil\u00a0\u00bb _builder_version=\u00a0\u00bb4.23.1&Prime; module_alignment=\u00a0\u00bbcenter\u00a0\u00bb custom_margin=\u00a0\u00bb||||false|false\u00a0\u00bb custom_padding=\u00a0\u00bb0px||||false|false\u00a0\u00bb global_colors_info=\u00a0\u00bb{}\u00a0\u00bb][et_pb_column type=\u00a0\u00bb4_4&Prime; _builder_version=\u00a0\u00bb4.16&Prime; global_colors_info=\u00a0\u00bb{}\u00a0\u00bb][et_pb_image src=\u00a0\u00bbhttps:\/\/canyonforest.com\/wp-content\/uploads\/2020\/05\/canyon-forest-mentions-legales.jpg\u00a0\u00bb alt=\u00a0\u00bbPr\u00e9paration au parcours accrobranche\u00a0\u00bb title_text=\u00a0\u00bbBLACK_FRIDAY_2025&Prime; url_new_window=\u00a0\u00bbon\u00a0\u00bb align=\u00a0\u00bbcenter\u00a0\u00bb force_fullwidth=\u00a0\u00bbon\u00a0\u00bb admin_label=\u00a0\u00bbImage bandeau\u00a0\u00bb _builder_version=\u00a0\u00bb4.27.4&Prime; custom_margin=\u00a0\u00bb||||false|false\u00a0\u00bb custom_padding=\u00a0\u00bb||||false|false\u00a0\u00bb hover_enabled=\u00a0\u00bb0&Prime; custom_css_before=\u00a0\u00bbclear:both;\u00a0\u00bb global_colors_info=\u00a0\u00bb{}\u00a0\u00bb sticky_enabled=\u00a0\u00bb0&Prime;][\/et_pb_image][\/et_pb_column][\/et_pb_row][\/et_pb_section][et_pb_section fb_built=\u00a0\u00bb1&Prime; admin_label=\u00a0\u00bbSection event en cours\u00a0\u00bb _builder_version=\u00a0\u00bb4.23.1&Prime; custom_padding=\u00a0\u00bb4px||0px||false|false\u00a0\u00bb global_colors_info=\u00a0\u00bb{}\u00a0\u00bb][et_pb_row admin_label=\u00a0\u00bbColonne event en cours\u00a0\u00bb _builder_version=\u00a0\u00bb4.24.0&Prime; _module_preset=\u00a0\u00bbdefault\u00a0\u00bb custom_padding=\u00a0\u00bb|||4px||\u00a0\u00bb global_colors_info=\u00a0\u00bb{}\u00a0\u00bb][et_pb_column type=\u00a0\u00bb4_4&Prime; _builder_version=\u00a0\u00bb4.17.4&Prime; _module_preset=\u00a0\u00bbdefault\u00a0\u00bb global_colors_info=\u00a0\u00bb{}\u00a0\u00bb][et_pb_text admin_label=\u00a0\u00bbTexte H2 Events pass\u00e9s\u00a0\u00bb _builder_version=\u00a0\u00bb4.27.4&Prime; header_font=\u00a0\u00bb||||||||\u00a0\u00bb header_text_align=\u00a0\u00bbcenter\u00a0\u00bb header_font_size=\u00a0\u00bb2.1em\u00a0\u00bb text_orientation=\u00a0\u00bbcenter\u00a0\u00bb custom_margin=\u00a0\u00bb||||false|false\u00a0\u00bb custom_padding=\u00a0\u00bb||||false|false\u00a0\u00bb header_font_size_tablet=\u00a0\u00bb\u00a0\u00bb header_font_size_phone=\u00a0\u00bb\u00a0\u00bb header_font_size_last_edited=\u00a0\u00bbon|phone\u00a0\u00bb global_colors_info=\u00a0\u00bb{}\u00a0\u00bb]<\/p>\n<h2>&#8211; Nos \u00e9v\u00e8nements \u00e0 venir prochainement &#8211;<\/h2>\n<p>[\/et_pb_text][\/et_pb_column][\/et_pb_row][\/et_pb_section][et_pb_section fb_built=\u00a0\u00bb1&Prime; admin_label=\u00a0\u00bbSection events pass\u00e9s\u00a0\u00bb _builder_version=\u00a0\u00bb4.24.0&Prime; background_color=\u00a0\u00bbrgba(239,191,17,0.13)\u00a0\u00bb custom_padding=\u00a0\u00bb4px||0px||false|false\u00a0\u00bb global_colors_info=\u00a0\u00bb{}\u00a0\u00bb][et_pb_row admin_label=\u00a0\u00bbColonne events pass\u00e9s titre\u00a0\u00bb _builder_version=\u00a0\u00bb4.23.1&Prime; _module_preset=\u00a0\u00bbdefault\u00a0\u00bb custom_padding=\u00a0\u00bb||||false|false\u00a0\u00bb global_colors_info=\u00a0\u00bb{}\u00a0\u00bb][et_pb_column type=\u00a0\u00bb4_4&Prime; _builder_version=\u00a0\u00bb4.17.4&Prime; _module_preset=\u00a0\u00bbdefault\u00a0\u00bb global_colors_info=\u00a0\u00bb{}\u00a0\u00bb][et_pb_text admin_label=\u00a0\u00bbTexte H2 Events pass\u00e9s\u00a0\u00bb _builder_version=\u00a0\u00bb4.24.0&Prime; header_font=\u00a0\u00bb||||||||\u00a0\u00bb header_text_align=\u00a0\u00bbcenter\u00a0\u00bb header_font_size=\u00a0\u00bb2.1em\u00a0\u00bb text_orientation=\u00a0\u00bbcenter\u00a0\u00bb custom_margin=\u00a0\u00bb||||false|false\u00a0\u00bb custom_padding=\u00a0\u00bb||||false|false\u00a0\u00bb header_font_size_tablet=\u00a0\u00bb\u00a0\u00bb header_font_size_phone=\u00a0\u00bb\u00a0\u00bb header_font_size_last_edited=\u00a0\u00bbon|phone\u00a0\u00bb global_colors_info=\u00a0\u00bb{}\u00a0\u00bb]<\/p>\n<h2>&#8211; Nos \u00e9v\u00e8nements pass\u00e9s &#8211;<\/h2>\n<p>[\/et_pb_text][et_pb_text _builder_version=\u00a0\u00bb4.27.4&Prime; header_font=\u00a0\u00bb||||||||\u00a0\u00bb header_text_align=\u00a0\u00bbcenter\u00a0\u00bb header_font_size=\u00a0\u00bb2.1em\u00a0\u00bb text_orientation=\u00a0\u00bbcenter\u00a0\u00bb min_height=\u00a0\u00bb61px\u00a0\u00bb custom_margin=\u00a0\u00bb||10px||false|false\u00a0\u00bb custom_padding=\u00a0\u00bb||0px|||\u00a0\u00bb header_font_size_tablet=\u00a0\u00bb\u00a0\u00bb header_font_size_phone=\u00a0\u00bb\u00a0\u00bb header_font_size_last_edited=\u00a0\u00bbon|phone\u00a0\u00bb global_colors_info=\u00a0\u00bb{}\u00a0\u00bb]<\/p>\n<h3>BLACK FRIDAY : Vendredi 28 novembre 2025<br \/>\n\u00ab\u00a0Profitez de -40% sur nos tarifs individuels : Parcours Aventure, Parcours D\u00e9couverte, Forfaits Journ\u00e9e, ainsi que sur nos sessions Laser Game de 20, 40 et 60 minutes !\u00a0\u00bb<\/h3>\n<p>[\/et_pb_text][et_pb_text admin_label=\u00a0\u00bbTexte Black Friday\u00a0\u00bb _builder_version=\u00a0\u00bb4.27.4&Prime; _module_preset=\u00a0\u00bbdefault\u00a0\u00bb header_text_align=\u00a0\u00bbcenter\u00a0\u00bb header_3_font_size=\u00a0\u00bb30px\u00a0\u00bb header_4_text_color=\u00a0\u00bb#ea0000&Prime; header_4_letter_spacing=\u00a0\u00bb2px\u00a0\u00bb text_orientation=\u00a0\u00bbcenter\u00a0\u00bb custom_padding=\u00a0\u00bb0px||45px|||\u00a0\u00bb global_colors_info=\u00a0\u00bb{}\u00a0\u00bb]<\/p>\n<h3>BLACK FRIDAY<\/h3>\n<h4>Vendredi 28 novembre 2025<\/h4>\n<p><strong>-40% sur les Parcours Aventure, Parcours D\u00e9couverte, Forfaits Journ\u00e9e et Laser Game (20\/40\/60 min) \u2014 tarif individuel<\/strong><\/p>\n<p><span class=\"bold\">Conditions de l\u2019offre Black Friday<\/span><br \/>\nProfitez de \u201340% sur l\u2019achat de :<\/p>\n<p>Parcours Aventure (tarif individuel)<\/p>\n<p>Parcours D\u00e9couverte (tarif individuel)<\/p>\n<p>Forfaits Journ\u00e9e (tarif individuel)<\/p>\n<p>Laser Game 20 \/ 40 \/ 60 minutes<\/p>\n<p><em>valable uniquement pour tout achat fait le 28 novembre 2025.<\/em><\/p>\n<p><span class=\"red bold\">Les e-billets sont valables 1 an.<br \/>\nNi repris, ni \u00e9chang\u00e9s.<\/span><\/p>\n<h4>Comment en profiter ?<\/h4>\n<p>1 &#8211; Sur <a href=\"https:\/\/canyonforest.com\/fr\/billetterie\/?g-path=%2Fcart%2Factivities%2FU1LX2bcMPktNJWzqOAdFp7nRCw3YBQoIf6uV\">&gt;&gt; R\u00e9servez un Parcours Aventure, D\u00e9couverte, Forfait Journ\u00e9e ou Laser Game en ligne  &lt;&lt;<\/a>\u00a0 s\u00e9lectionnez \u00ab\u00a0Bon Cadeau\u00a0\u00bb<br \/>\n2- Remplissez vos coordonn\u00e9es ou celles du destinataire du cadeau puis cliquez sur \u00ab\u00a0SUIVANT\u00a0\u00bb<br \/>\n3- Choisir le forfait correspondant :<br \/>\nCANYON-FOREST INDIVIDUEL 1 \u00c0 4 PERSONNES<\/p>\n<p>CANYON-D\u00c9COUVERTE INDIVIDUEL 1 \u00c0 4 PERSONNES<\/p>\n<p>FORFAIT JOURN\u00c9E INDIVIDUEL<\/p>\n<p>LASER GAME 20\/40\/60 MINUTES<br \/>\n4- S\u00e9lectionnez les produits qui vous int\u00e9ressent (pas de promotion sur les gants ni les v\u00e9los visiteurs) puis cliquez sur \u00ab\u00a0SUIVANT\u00a0\u00bb<br \/>\n5 &#8211; Remplissez vos coordonn\u00e9es puis cliquez sur \u00ab\u00a0utiliser un code promo\u00a0\u00bb,<br \/>\n6- Renseignez \u00ab\u00a0<span class=\"bold\">BLACKFRIDAY-CF25<\/span>\u00a0\u00bb puis cliquez sur \u00ab\u00a0FINALISER MON CADEAU\u00a0\u00bb<br \/>\n7- Proc\u00e9dez au r\u00e8glement sur notre plateforme s\u00e9curis\u00e9e.<\/p>\n<p><span class=\"red bold\">ATTENTION, ces billets ne valent pas pour r\u00e9servation.<br \/>\nLorsque vous aurez choisi une date pour votre venue,<br \/>\nr\u00e9servez votre parcours en ligne en choisissant \u00ab\u00a0utiliser un bon cadeau\u00a0\u00bb<br \/>\nRenseignements : 04.92.02.88.88<\/span>[\/et_pb_text][et_pb_text admin_label=\u00a0\u00bbTexte Halloween\u00a0\u00bb _builder_version=\u00a0\u00bb4.27.4&Prime; _module_preset=\u00a0\u00bbdefault\u00a0\u00bb header_4_text_color=\u00a0\u00bb#003b46&Prime; header_4_letter_spacing=\u00a0\u00bb1px\u00a0\u00bb header_5_font=\u00a0\u00bbCovered By Your Grace||||||||\u00a0\u00bb header_5_letter_spacing=\u00a0\u00bb1px\u00a0\u00bb text_orientation=\u00a0\u00bbcenter\u00a0\u00bb global_colors_info=\u00a0\u00bb{}\u00a0\u00bb]<\/p>\n<h2>\ud83c\udd95 AVENTURE PARTAG\u00c9E : TOUSSAINT 2 POUR 1 \ud83c\udd95<\/h2>\n<h4>\ud83d\udcc5 \u00c0 partir du samedi 18 octobre au mardi 11 novembre 2025<\/h4>\n<h5>2\u00e8me parcours offert pour tout parcours r\u00e9alis\u00e9 le matin<\/h5>\n<p><span class=\"bold\">Conditions de l\u2019offre <\/span><br \/>\n<em>\u26d4 Hors groupes et collectivit\u00e9s, hors tickets CE, hors invitations, non reportable, non transmissible, non cumulable avec les autres offres \u26d4<\/em><br \/>\n<span class=\"bold\">Valable du 18 octobre au 11 novembre 2025 pour les parcours r\u00e9alis\u00e9s sur les cr\u00e9neaux de 10h\/10h30\/11h et 11h30<\/span><\/p>\n<p>Pour les parcours Aventure : un parcours suppl\u00e9mentaire offert, \u00e0 r\u00e9aliser cons\u00e9cutivement au premier par la m\u00eame personne le jour m\u00eame<br \/>\nPour les parcours D\u00e9couverte : une partie de Laser Game Outdoor offerte \u00e0 r\u00e9aliser le jour m\u00eame ou ult\u00e9rieurement suivant les disponibilit\u00e9s.<\/p>\n<p class=\"red bold\">!!! Snack \u00e0 votre disposition dans le parc !!!<\/p>\n<p class=\"red bold\">R\u00e9servation obligatoire : 04.92.02.88.88<\/p>\n<p>[\/et_pb_text][et_pb_text admin_label=\u00a0\u00bbH3 Nocturnes\u00a0\u00bb _builder_version=\u00a0\u00bb4.27.4&Prime; header_font=\u00a0\u00bbBangers||||||||\u00a0\u00bb header_text_align=\u00a0\u00bbcenter\u00a0\u00bb header_text_color=\u00a0\u00bb#333&Prime; header_font_size=\u00a0\u00bb2.1em\u00a0\u00bb header_4_letter_spacing=\u00a0\u00bb1px\u00a0\u00bb text_orientation=\u00a0\u00bbcenter\u00a0\u00bb custom_margin=\u00a0\u00bb||||false|false\u00a0\u00bb custom_padding=\u00a0\u00bb||||false|false\u00a0\u00bb header_font_size_tablet=\u00a0\u00bb\u00a0\u00bb header_font_size_phone=\u00a0\u00bb\u00a0\u00bb header_font_size_last_edited=\u00a0\u00bbon|phone\u00a0\u00bb global_colors_info=\u00a0\u00bb{}\u00a0\u00bb]<\/p>\n<h1 style=\"color: #8300e9;\">Nocturnes Canyon Forest 2025<\/h1>\n<h4>vendredi 18 juillet, vendredi 25 juillet, vendredi 1 ao\u00fbt, vendredi 8 ao\u00fbt et vendredi 15 ao\u00fbt <\/h4>\n<p>[\/et_pb_text][et_pb_text admin_label=\u00a0\u00bbTexte nocturnes\u00a0\u00bb _builder_version=\u00a0\u00bb4.27.4&Prime; _module_preset=\u00a0\u00bbdefault\u00a0\u00bb text_orientation=\u00a0\u00bbcenter\u00a0\u00bb custom_margin=\u00a0\u00bb61px|||||\u00a0\u00bb global_colors_info=\u00a0\u00bb{}\u00a0\u00bb]Comme chaque ann\u00e9e, Canyon Forest vous propose cet \u00e9t\u00e9 de vivre les parcours en nocturne.<\/p>\n<p><span class=\"bold\">Vendredi 18 juillet 2025 &#8211; 2 d\u00e9parts : 21h00 et 21h30<br \/>\nVendredi 25 juillet 2025 &#8211; 3 d\u00e9parts : 21h00 et 21h30<br \/>\nVendredi 01 ao\u00fbt 2025 &#8211; 3 d\u00e9parts : 20h30, 21h00, 21h30<br \/>\nVendredi 08 ao\u00fbt 2025 &#8211; 3 d\u00e9parts : 20h30, 21h00, 21h30<br \/>\nVendredi 15 ao\u00fbt 2025 &#8211; 3 d\u00e9parts : 20h30, 21h00, 21h30<\/span><\/p>\n<p><span class=\"red bold\">!!! Attention, les places sont limit\u00e9es !!! FRONTALE (obligatoire).<br \/>\nr\u00e9servation obligatoire via Internet ci-dessous\u00a0<\/span><br \/>\n<a href=\"https:\/\/canyonforest.com\/fr\/billetterie\/?g-path=%2Fcart%2Fadd-to-cart%2F1lqxTiD0QKyUsOvLdARY4teZXomJWHha76fn%2Fundefined%2FDEPARTURE\">&gt;&gt; R\u00e9servez un Parcours Aventure en ligne &lt;&lt;<\/a><\/p>\n<p><span style=\"color: #6c3264;\" class=\"bold\">A NOTER :<br \/>\n-PAS DE PARCOURS D\u00c9COUVERTE<br \/>\n&#8211; les invitations ne sont pas accept\u00e9es pendant les nocturnes<br \/>\n&#8211; les tickets CSE ne sont pas accept\u00e9s.<br \/>\n&#8211; Paiement en ligne obligatoire <\/span><\/p>\n<p>Les participant\u00b7es pourront choisir un parcours parmi le vert, le rouge et le violet.<br \/>\nParcours noir non accessible lors de nos \u00e9v\u00e8nements<br \/>\nLes conditions tarifaires et d&rsquo;acc\u00e8s sont identiques \u00e0 celles pratiqu\u00e9es en journ\u00e9e<\/p>\n<p><span class=\"bold\">Conditions requises :\u00a0<\/span><br \/>\n&#8211; avoir 8 ans r\u00e9volus et mesurer plus d&rsquo;1m30<br \/>\n&#8211; poids maximum autoris\u00e9 120kg<\/p>\n<p><span class=\"bold\">Equipement pour la nocturne\u00a0:<\/span><br \/>\n&#8211; chaussures de sport, des gants en tissu pour faire le parcours (fortement recommand\u00e9),<\/p>\n<p>(\u00e9v\u00e8nement NON remboursable)[\/et_pb_text][et_pb_text admin_label=\u00a0\u00bbH3 Nocturnes\u00a0\u00bb _builder_version=\u00a0\u00bb4.27.4&Prime; header_font=\u00a0\u00bbBangers||||||||\u00a0\u00bb header_text_align=\u00a0\u00bbcenter\u00a0\u00bb header_text_color=\u00a0\u00bb#333&Prime; header_font_size=\u00a0\u00bb2.1em\u00a0\u00bb header_4_letter_spacing=\u00a0\u00bb1px\u00a0\u00bb text_orientation=\u00a0\u00bbcenter\u00a0\u00bb custom_margin=\u00a0\u00bb||||false|false\u00a0\u00bb custom_padding=\u00a0\u00bb||||false|false\u00a0\u00bb header_font_size_tablet=\u00a0\u00bb\u00a0\u00bb header_font_size_phone=\u00a0\u00bb\u00a0\u00bb header_font_size_last_edited=\u00a0\u00bbon|phone\u00a0\u00bb global_colors_info=\u00a0\u00bb{}\u00a0\u00bb]<\/p>\n<h1 style=\"color: #8300e9;\">\ud83d\udc7b\ud83d\udd77\ufe0f Nocturne Halloween 2025 \ud83d\udd77\ufe0f\ud83c\udf83<br \/>\n\u00ab\u00a0Les sorci\u00e8res volent &#8230; vous aussi, mais en tyrolienne ! \u00ab\u00a0<\/h1>\n<h4>\ud83d\udcc5 vendredi 31 octobre 2025<\/h4>\n<p>[\/et_pb_text][et_pb_text admin_label=\u00a0\u00bbTexte nocturnes\u00a0\u00bb _builder_version=\u00a0\u00bb4.27.4&Prime; _module_preset=\u00a0\u00bbdefault\u00a0\u00bb text_orientation=\u00a0\u00bbcenter\u00a0\u00bb global_colors_info=\u00a0\u00bb{}\u00a0\u00bb]Apr\u00e8s le succ\u00e8s de notre premi\u00e8re \u00e9dition l&rsquo;ann\u00e9e derni\u00e8re, Canyon Forest vous propose une 2\u00e8me \u00e9dition sp\u00e9ciale de ses nocturnes pour c\u00e9l\u00e9brer Halloween.<\/p>\n<p><span class=\"bold\">Vendredi 31 octobre 2025 &#8211; 2 d\u00e9parts : \u23f2\ufe0f 19h00 et 19h30<br \/>\n<\/span><\/p>\n<p><span class=\"red bold\">!!! Attention, les places sont limit\u00e9es !!! FRONTALE (obligatoire).<br \/>\nr\u00e9servation obligatoire via Internet ci-dessous\u00a0<\/span><br \/>\n<a href=\"https:\/\/canyonforest.com\/fr\/billetterie\/?g-path=%2Fcart%2Factivities%2FU1LX2bcMPktNJWzqOAdFp7nRCw3YBQoIf6uV\">&gt;&gt; R\u00e9servez un Parcours Aventure en ligne &lt;&lt;<\/a><\/p>\n<h3><span class=\"orange bold\"> \u00ab\u00a0Sorci\u00e8res : balai magique. Vous : tyroliennes fantastiques \ud83e\uddd9\ud83c\udffb\u200d\u2640\ufe0f \u00ab\u00a0<\/span><\/h3>\n<p>&nbsp;<\/p>\n<p><span style=\"color: #6c3264;\" class=\"bold\">A NOTER :<br \/>\n\u26d4PAS DE PARCOURS D\u00c9COUVERTE<br \/>\n\u26d4 les invitations ne sont pas accept\u00e9es pendant les nocturnes<br \/>\n\u26d4les tickets CSE ne sont pas accept\u00e9s.<\/span><\/p>\n<p>Les participant\u00b7es pourront choisir un parcours parmi le vert\ud83d\udfe9 , le rouge\ud83d\udfe5 et le violet\ud83d\udfea.<br \/>\nLes conditions tarifaires et d&rsquo;acc\u00e8s sont identiques \u00e0 celles pratiqu\u00e9es en journ\u00e9e<\/p>\n<p><span class=\"bold\"> Conditions requises :\u00a0<\/span><br \/>\n&#8211; avoir 8 ans r\u00e9volus et mesurer plus d&rsquo;1m30<br \/>\n&#8211; poids maximum autoris\u00e9 120kg<\/p>\n<p><span class=\"bold\">Equipement pour la nocturne\u00a0:<\/span><br \/>\n&#8211; chaussures de sport, des gants en tissu pour faire le parcours (fortement recommand\u00e9),<\/p>\n<p>(\u00e9v\u00e8nement NON remboursable)[\/et_pb_text][et_pb_text _builder_version=\u00a0\u00bb4.24.0&Prime; header_font=\u00a0\u00bb||||||||\u00a0\u00bb header_text_align=\u00a0\u00bbcenter\u00a0\u00bb header_font_size=\u00a0\u00bb2.1em\u00a0\u00bb text_orientation=\u00a0\u00bbcenter\u00a0\u00bb min_height=\u00a0\u00bb61px\u00a0\u00bb custom_margin=\u00a0\u00bb||10px||false|false\u00a0\u00bb custom_padding=\u00a0\u00bb||0px|||\u00a0\u00bb header_font_size_tablet=\u00a0\u00bb\u00a0\u00bb header_font_size_phone=\u00a0\u00bb\u00a0\u00bb header_font_size_last_edited=\u00a0\u00bbon|phone\u00a0\u00bb global_colors_info=\u00a0\u00bb{}\u00a0\u00bb]<\/p>\n<h3>PROMOTION DE NOEL : Du 20 d\u00e9cembre au 23 d\u00e9cembre 2023<br \/>Les parcours aventure tarif individuel de Canyon Forest \u00e0 -20%<\/h3>\n<p>[\/et_pb_text][et_pb_text admin_label=\u00a0\u00bbTexte Black Friday\u00a0\u00bb _builder_version=\u00a0\u00bb4.25.1&Prime; _module_preset=\u00a0\u00bbdefault\u00a0\u00bb header_text_align=\u00a0\u00bbcenter\u00a0\u00bb header_3_font_size=\u00a0\u00bb30px\u00a0\u00bb header_4_text_color=\u00a0\u00bb#ea0000&Prime; text_orientation=\u00a0\u00bbcenter\u00a0\u00bb global_colors_info=\u00a0\u00bb{}\u00a0\u00bb]<\/p>\n<h3>JOYEUX NOEL<\/h3>\n<h4>Du 20 d\u00e9cembre au 24 d\u00e9cembre 2023<\/h4>\n<p><strong>Les parcours aventure tarif individuel de Canyon Forest \u00e0 -20%<\/strong><\/p>\n<p><span class=\"bold\">Conditions de l\u2019offre<\/span><br \/>&#8211; 20% pour tout achat de parcours aventure au tarif individuel sur notre vente en ligne,<br \/><em>valable uniquement pour tout achat fait entre le 20 d\u00e9cembre et le 23 d\u00e9cembre 2023.<\/em><\/p>\n<p><span class=\"red bold\">Les e-billets sont valables 1 an.<br \/>Ni repris, ni \u00e9chang\u00e9s.<\/span><\/p>\n<h4>Comment en profiter ?<\/h4>\n<p>1 &#8211; Sur\u00a0<a href=\"https:\/\/canyonforest.com\/fr\/billetterie\/\" target=\"_blank\" class=\"bold\" rel=\"noopener\">&gt;&gt; notre vente en ligne &lt;&lt;<\/a>, s\u00e9lectionnez \u00ab\u00a0Bon Cadeau\u00a0\u00bb<br \/>2- Remplissez vos coordonn\u00e9es ou celles du destinataire du cadeau puis cliquez sur \u00ab\u00a0SUIVANT\u00a0\u00bb<br \/>3- Choisir le forfait \u00ab\u00a0CANYON-FOREST INDIVIDUEL 1 A 4 PERSONNES\u00a0\u00bb<br \/>4- S\u00e9lectionnez les produits qui vous int\u00e9ressent (pas de promotion sur les gants ni les v\u00e9los visiteurs) puis cliquez sur \u00ab\u00a0SUIVANT\u00a0\u00bb<br \/>5 &#8211; Remplissez vos coordonn\u00e9es puis cliquez sur \u00ab\u00a0utiliser un code promo\u00a0\u00bb,<br \/>6- Renseignez \u00ab\u00a0<span class=\"bold\">NOEL-CF20<\/span>\u00a0\u00bb puis cliquez sur \u00ab\u00a0FINALISER MON CADEAU\u00a0\u00bb<br \/>7- Proc\u00e9dez au r\u00e8glement sur notre plateforme s\u00e9curis\u00e9e.<\/p>\n<p><span class=\"red bold\">ATTENTION, ces billets ne valent pas pour r\u00e9servation.<br \/>Lorsque vous aurez choisi une date pour votre venue,<br \/>r\u00e9servez votre parcours en ligne en choisissant \u00ab\u00a0utiliser un bon cadeau\u00a0\u00bb<br \/>Renseignements : 04.92.02.88.88<\/span><\/p>\n<p>[\/et_pb_text][\/et_pb_column][\/et_pb_row][\/et_pb_section][et_pb_section fb_built=\u00a0\u00bb1&Prime; _builder_version=\u00a0\u00bb4.27.2&Prime; _module_preset=\u00a0\u00bbdefault\u00a0\u00bb global_colors_info=\u00a0\u00bb{}\u00a0\u00bb][\/et_pb_section]<\/p>\n","protected":false},"excerpt":{"rendered":"<p>&#8211; Nos \u00e9v\u00e8nements \u00e0 venir prochainement &#8212; Nos \u00e9v\u00e8nements pass\u00e9s -BLACK FRIDAY : Vendredi 28 novembre 2025 \u00ab\u00a0Profitez de -40% sur nos tarifs individuels : Parcours Aventure, Parcours D\u00e9couverte, Forfaits Journ\u00e9e, ainsi que sur nos sessions Laser Game de 20, 40 et 60 minutes !\u00a0\u00bbBLACK FRIDAY Vendredi 28 novembre 2025 -40% sur les Parcours Aventure, [&hellip;]<\/p>\n","protected":false},"author":1,"featured_media":0,"parent":0,"menu_order":0,"comment_status":"closed","ping_status":"closed","template":"","meta":{"_et_pb_use_builder":"on","_et_pb_old_content":"","_et_gb_content_width":"","footnotes":""},"class_list":["post-3492","page","type-page","status-publish","hentry"],"yoast_head":"<!-- This site is optimized with the Yoast SEO plugin v26.4 - https:\/\/yoast.com\/wordpress\/plugins\/seo\/ -->\n<title>Promotions et \u00e9v\u00e8nements - Canyon Forest<\/title>\n<meta name=\"description\" content=\"Retrouvez nos \u00e9v\u00e8nements ainsi que nos diff\u00e9rentes promotions pour le parc accrobranche Canyon Forest id\u00e9alement situ\u00e9 sur la C\u00f4te d&#039;Azur.\" \/>\n<meta name=\"robots\" content=\"index, follow, max-snippet:-1, max-image-preview:large, max-video-preview:-1\" \/>\n<link rel=\"canonical\" href=\"https:\/\/canyonforest.com\/fr\/promotion-evenement\/\" \/>\n<meta property=\"og:locale\" content=\"fr_FR\" \/>\n<meta property=\"og:type\" content=\"article\" \/>\n<meta property=\"og:title\" content=\"Promotions et \u00e9v\u00e8nements - Canyon Forest\" \/>\n<meta property=\"og:description\" content=\"Retrouvez nos \u00e9v\u00e8nements ainsi que nos diff\u00e9rentes promotions pour le parc accrobranche Canyon Forest id\u00e9alement situ\u00e9 sur la C\u00f4te d&#039;Azur.\" \/>\n<meta property=\"og:url\" content=\"https:\/\/canyonforest.com\/fr\/promotion-evenement\/\" \/>\n<meta property=\"og:site_name\" content=\"Canyon Forest\" \/>\n<meta property=\"article:modified_time\" content=\"2025-12-02T08:17:32+00:00\" \/>\n<meta name=\"twitter:card\" content=\"summary_large_image\" \/>\n<meta name=\"twitter:label1\" content=\"Dur\u00e9e de lecture estim\u00e9e\" \/>\n\t<meta name=\"twitter:data1\" content=\"3 minutes\" \/>\n<script type=\"application\/ld+json\" class=\"yoast-schema-graph\">{\"@context\":\"https:\/\/schema.org\",\"@graph\":[{\"@type\":\"WebPage\",\"@id\":\"https:\/\/canyonforest.com\/fr\/promotion-evenement\/\",\"url\":\"https:\/\/canyonforest.com\/fr\/promotion-evenement\/\",\"name\":\"Promotions et \u00e9v\u00e8nements - Canyon Forest\",\"isPartOf\":{\"@id\":\"https:\/\/canyonforest.com\/fr\/#website\"},\"datePublished\":\"2021-10-18T13:19:11+00:00\",\"dateModified\":\"2025-12-02T08:17:32+00:00\",\"description\":\"Retrouvez nos \u00e9v\u00e8nements ainsi que nos diff\u00e9rentes promotions pour le parc accrobranche Canyon Forest id\u00e9alement situ\u00e9 sur la C\u00f4te d'Azur.\",\"breadcrumb\":{\"@id\":\"https:\/\/canyonforest.com\/fr\/promotion-evenement\/#breadcrumb\"},\"inLanguage\":\"fr-FR\",\"potentialAction\":[{\"@type\":\"ReadAction\",\"target\":[\"https:\/\/canyonforest.com\/fr\/promotion-evenement\/\"]}]},{\"@type\":\"BreadcrumbList\",\"@id\":\"https:\/\/canyonforest.com\/fr\/promotion-evenement\/#breadcrumb\",\"itemListElement\":[{\"@type\":\"ListItem\",\"position\":1,\"name\":\"Accueil\",\"item\":\"https:\/\/canyonforest.com\/fr\/\"},{\"@type\":\"ListItem\",\"position\":2,\"name\":\"Promotions et \u00e9v\u00e8nements\"}]},{\"@type\":\"WebSite\",\"@id\":\"https:\/\/canyonforest.com\/fr\/#website\",\"url\":\"https:\/\/canyonforest.com\/fr\/\",\"name\":\"Canyon Forest\",\"description\":\"\",\"potentialAction\":[{\"@type\":\"SearchAction\",\"target\":{\"@type\":\"EntryPoint\",\"urlTemplate\":\"https:\/\/canyonforest.com\/fr\/?s={search_term_string}\"},\"query-input\":{\"@type\":\"PropertyValueSpecification\",\"valueRequired\":true,\"valueName\":\"search_term_string\"}}],\"inLanguage\":\"fr-FR\"}]}<\/script>\n<!-- \/ Yoast SEO plugin. -->","yoast_head_json":{"title":"Promotions et \u00e9v\u00e8nements - Canyon Forest","description":"Retrouvez nos \u00e9v\u00e8nements ainsi que nos diff\u00e9rentes promotions pour le parc accrobranche Canyon Forest id\u00e9alement situ\u00e9 sur la C\u00f4te d'Azur.","robots":{"index":"index","follow":"follow","max-snippet":"max-snippet:-1","max-image-preview":"max-image-preview:large","max-video-preview":"max-video-preview:-1"},"canonical":"https:\/\/canyonforest.com\/fr\/promotion-evenement\/","og_locale":"fr_FR","og_type":"article","og_title":"Promotions et \u00e9v\u00e8nements - Canyon Forest","og_description":"Retrouvez nos \u00e9v\u00e8nements ainsi que nos diff\u00e9rentes promotions pour le parc accrobranche Canyon Forest id\u00e9alement situ\u00e9 sur la C\u00f4te d'Azur.","og_url":"https:\/\/canyonforest.com\/fr\/promotion-evenement\/","og_site_name":"Canyon Forest","article_modified_time":"2025-12-02T08:17:32+00:00","twitter_card":"summary_large_image","twitter_misc":{"Dur\u00e9e de lecture estim\u00e9e":"3 minutes"},"schema":{"@context":"https:\/\/schema.org","@graph":[{"@type":"WebPage","@id":"https:\/\/canyonforest.com\/fr\/promotion-evenement\/","url":"https:\/\/canyonforest.com\/fr\/promotion-evenement\/","name":"Promotions et \u00e9v\u00e8nements - Canyon Forest","isPartOf":{"@id":"https:\/\/canyonforest.com\/fr\/#website"},"datePublished":"2021-10-18T13:19:11+00:00","dateModified":"2025-12-02T08:17:32+00:00","description":"Retrouvez nos \u00e9v\u00e8nements ainsi que nos diff\u00e9rentes promotions pour le parc accrobranche Canyon Forest id\u00e9alement situ\u00e9 sur la C\u00f4te d'Azur.","breadcrumb":{"@id":"https:\/\/canyonforest.com\/fr\/promotion-evenement\/#breadcrumb"},"inLanguage":"fr-FR","potentialAction":[{"@type":"ReadAction","target":["https:\/\/canyonforest.com\/fr\/promotion-evenement\/"]}]},{"@type":"BreadcrumbList","@id":"https:\/\/canyonforest.com\/fr\/promotion-evenement\/#breadcrumb","itemListElement":[{"@type":"ListItem","position":1,"name":"Accueil","item":"https:\/\/canyonforest.com\/fr\/"},{"@type":"ListItem","position":2,"name":"Promotions et \u00e9v\u00e8nements"}]},{"@type":"WebSite","@id":"https:\/\/canyonforest.com\/fr\/#website","url":"https:\/\/canyonforest.com\/fr\/","name":"Canyon Forest","description":"","potentialAction":[{"@type":"SearchAction","target":{"@type":"EntryPoint","urlTemplate":"https:\/\/canyonforest.com\/fr\/?s={search_term_string}"},"query-input":{"@type":"PropertyValueSpecification","valueRequired":true,"valueName":"search_term_string"}}],"inLanguage":"fr-FR"}]}},"_links":{"self":[{"href":"https:\/\/canyonforest.com\/fr\/wp-json\/wp\/v2\/pages\/3492","targetHints":{"allow":["GET"]}}],"collection":[{"href":"https:\/\/canyonforest.com\/fr\/wp-json\/wp\/v2\/pages"}],"about":[{"href":"https:\/\/canyonforest.com\/fr\/wp-json\/wp\/v2\/types\/page"}],"author":[{"embeddable":true,"href":"https:\/\/canyonforest.com\/fr\/wp-json\/wp\/v2\/users\/1"}],"replies":[{"embeddable":true,"href":"https:\/\/canyonforest.com\/fr\/wp-json\/wp\/v2\/comments?post=3492"}],"version-history":[{"count":125,"href":"https:\/\/canyonforest.com\/fr\/wp-json\/wp\/v2\/pages\/3492\/revisions"}],"predecessor-version":[{"id":5039,"href":"https:\/\/canyonforest.com\/fr\/wp-json\/wp\/v2\/pages\/3492\/revisions\/5039"}],"wp:attachment":[{"href":"https:\/\/canyonforest.com\/fr\/wp-json\/wp\/v2\/media?parent=3492"}],"curies":[{"name":"wp","href":"https:\/\/api.w.org\/{rel}","templated":true}]}}