{"id":361,"date":"2020-02-12T16:50:47","date_gmt":"2020-02-12T15:50:47","guid":{"rendered":"https:\/\/canyonforest.com\/?page_id=361"},"modified":"2025-11-24T15:32:56","modified_gmt":"2025-11-24T14:32:56","slug":"laser-game-outdoor","status":"publish","type":"page","link":"https:\/\/canyonforest.com\/fr\/activites\/laser-game-outdoor\/","title":{"rendered":"Laser game outdoor"},"content":{"rendered":"<p>[et_pb_section fb_built=\u00a0\u00bb1&Prime; module_id=\u00a0\u00bblyr-section-laser\u00a0\u00bb _builder_version=\u00a0\u00bb4.16&Prime; width=\u00a0\u00bb101%\u00a0\u00bb module_alignment=\u00a0\u00bbcenter\u00a0\u00bb custom_margin=\u00a0\u00bb||0px||false|false\u00a0\u00bb custom_padding=\u00a0\u00bb4px||0px||false|false\u00a0\u00bb collapsed=\u00a0\u00bboff\u00a0\u00bb global_colors_info=\u00a0\u00bb{}\u00a0\u00bb][et_pb_row module_id=\u00a0\u00bblyr-img-laser\u00a0\u00bb _builder_version=\u00a0\u00bb4.16&Prime; module_alignment=\u00a0\u00bbcenter\u00a0\u00bb custom_margin=\u00a0\u00bb||||false|false\u00a0\u00bb custom_padding=\u00a0\u00bb0px||||false|false\u00a0\u00bb global_colors_info=\u00a0\u00bb{}\u00a0\u00bb][et_pb_column type=\u00a0\u00bb4_4&Prime; _builder_version=\u00a0\u00bb4.16&Prime; global_colors_info=\u00a0\u00bb{}\u00a0\u00bb][et_pb_image src=\u00a0\u00bbhttps:\/\/canyonforest.com\/wp-content\/uploads\/2020\/03\/canyon-forest-laser-game-outdoor.jpg\u00a0\u00bb align=\u00a0\u00bbcenter\u00a0\u00bb force_fullwidth=\u00a0\u00bbon\u00a0\u00bb _builder_version=\u00a0\u00bb4.16&Prime; custom_margin=\u00a0\u00bb||||false|false\u00a0\u00bb custom_padding=\u00a0\u00bb||||false|false\u00a0\u00bb custom_css_before=\u00a0\u00bbclear:both;\u00a0\u00bb global_colors_info=\u00a0\u00bb{}\u00a0\u00bb][\/et_pb_image][\/et_pb_column][\/et_pb_row][et_pb_row custom_padding_last_edited=\u00a0\u00bbon|tablet\u00a0\u00bb module_class=\u00a0\u00bbmarg25top\u00a0\u00bb _builder_version=\u00a0\u00bb4.16&Prime; custom_margin=\u00a0\u00bb||0px||false|false\u00a0\u00bb custom_margin_tablet=\u00a0\u00bb\u00a0\u00bb custom_margin_phone=\u00a0\u00bb\u00a0\u00bb custom_margin_last_edited=\u00a0\u00bbon|desktop\u00a0\u00bb custom_padding=\u00a0\u00bb38px||0px||false|false\u00a0\u00bb custom_padding_tablet=\u00a0\u00bb34px||||false|false\u00a0\u00bb custom_padding_phone=\u00a0\u00bb42px||||false|false\u00a0\u00bb global_colors_info=\u00a0\u00bb{}\u00a0\u00bb][et_pb_column type=\u00a0\u00bb4_4&Prime; _builder_version=\u00a0\u00bb4.16&Prime; global_colors_info=\u00a0\u00bb{}\u00a0\u00bb][et_pb_image src=\u00a0\u00bbhttps:\/\/canyonforest.com\/wp-content\/uploads\/2020\/04\/canyon-forest-laser-game-outdoor.png\u00a0\u00bb align=\u00a0\u00bbcenter\u00a0\u00bb _builder_version=\u00a0\u00bb4.16&Prime; width=\u00a0\u00bb45%\u00a0\u00bb min_height=\u00a0\u00bb30%\u00a0\u00bb custom_margin=\u00a0\u00bb-199px||||false|false\u00a0\u00bb custom_margin_tablet=\u00a0\u00bb-132px||||false|false\u00a0\u00bb custom_margin_phone=\u00a0\u00bb-98px||||false|false\u00a0\u00bb custom_margin_last_edited=\u00a0\u00bbon|phone\u00a0\u00bb global_colors_info=\u00a0\u00bb{}\u00a0\u00bb][\/et_pb_image][\/et_pb_column][\/et_pb_row][\/et_pb_section][et_pb_section fb_built=\u00a0\u00bb1&Prime; _builder_version=\u00a0\u00bb4.16&Prime; width=\u00a0\u00bb101%\u00a0\u00bb module_alignment=\u00a0\u00bbcenter\u00a0\u00bb custom_margin=\u00a0\u00bb||0px||false|false\u00a0\u00bb custom_padding=\u00a0\u00bb0px||0px||false|false\u00a0\u00bb collapsed=\u00a0\u00bboff\u00a0\u00bb global_colors_info=\u00a0\u00bb{}\u00a0\u00bb][et_pb_row _builder_version=\u00a0\u00bb4.16&Prime; custom_padding=\u00a0\u00bb39px||2px|||\u00a0\u00bb global_colors_info=\u00a0\u00bb{}\u00a0\u00bb][et_pb_column type=\u00a0\u00bb4_4&Prime; _builder_version=\u00a0\u00bb4.16&Prime; global_colors_info=\u00a0\u00bb{}\u00a0\u00bb][et_pb_text _builder_version=\u00a0\u00bb4.24.0&Prime; header_2_font=\u00a0\u00bbBangers||||||||\u00a0\u00bb header_2_text_align=\u00a0\u00bbcenter\u00a0\u00bb header_2_font_size=\u00a0\u00bb3.3em\u00a0\u00bb header_2_line_height=\u00a0\u00bb1.1em\u00a0\u00bb global_colors_info=\u00a0\u00bb{}\u00a0\u00bb]<\/p>\n<h2>Laser Game outdoor<\/h2>\n<p>[\/et_pb_text][\/et_pb_column][\/et_pb_row][et_pb_row column_structure=\u00a0\u00bb1_2,1_2&Prime; custom_padding_last_edited=\u00a0\u00bbon|phone\u00a0\u00bb _builder_version=\u00a0\u00bb4.16&Prime; custom_padding=\u00a0\u00bb12px|||||\u00a0\u00bb custom_padding_tablet=\u00a0\u00bb\u00a0\u00bb custom_padding_phone=\u00a0\u00bb||25px||false|false\u00a0\u00bb global_colors_info=\u00a0\u00bb{}\u00a0\u00bb][et_pb_column type=\u00a0\u00bb1_2&Prime; _builder_version=\u00a0\u00bb4.16&Prime; global_colors_info=\u00a0\u00bb{}\u00a0\u00bb][et_pb_image src=\u00a0\u00bbhttps:\/\/canyonforest.com\/wp-content\/uploads\/2020\/04\/canyon-forest-laser-game-forest.jpg\u00a0\u00bb alt=\u00a0\u00bbD\u00e9cors :  Un obus ayant travers\u00e9 une palissade\u00a0\u00bb align=\u00a0\u00bbcenter\u00a0\u00bb _builder_version=\u00a0\u00bb4.16&Prime; module_alignment=\u00a0\u00bbcenter\u00a0\u00bb max_height=\u00a0\u00bb680px\u00a0\u00bb global_colors_info=\u00a0\u00bb{}\u00a0\u00bb][\/et_pb_image][\/et_pb_column][et_pb_column type=\u00a0\u00bb1_2&Prime; _builder_version=\u00a0\u00bb4.16&Prime; global_colors_info=\u00a0\u00bb{}\u00a0\u00bb][et_pb_text module_class=\u00a0\u00bbmarg25right\u00a0\u00bb _builder_version=\u00a0\u00bb4.27.4&Prime; hover_enabled=\u00a0\u00bb0&Prime; text_orientation_tablet=\u00a0\u00bbcenter\u00a0\u00bb text_orientation_phone=\u00a0\u00bb\u00a0\u00bb text_orientation_last_edited=\u00a0\u00bbon|phone\u00a0\u00bb global_colors_info=\u00a0\u00bb{}\u00a0\u00bb sticky_enabled=\u00a0\u00bb0&Prime;]<i>\u00ab\u00a0<span class=\"bold\">An 2182<\/span>\u00a0: la civilisation humaine telle que nous la connaissons n\u2019est plus. Les \u00eatres humains sont retourn\u00e9s vivre dans la for\u00eat, dernier endroit o\u00f9 subsistent encore les ressources vitales. Apr\u00e8s la Grande Catastrophe, les zones bois\u00e9es sont devenues des territoires de lutte tenus pas des clans affam\u00e9s. L\u2019ancien d\u00e9coupage en parcelles cadastrales fait office de fronti\u00e8res.<\/i><br \/>\n<i>Les habitations de ces cr\u00e9atures humaines sont frustes et rudimentaires, faites de t\u00f4les, de bois et de feuillages. Pourtant, hommes et femmes ont emport\u00e9 dans leur retour \u00e0 la nature certaines technologies de derni\u00e8re g\u00e9n\u00e9ration. Ils\u00b7elles s\u2019affrontent avec des trodons lasers courts \u00e0 viseur infrarouge. Par chance, les satellites continuent de fonctionner permettant la g\u00e9olocalisation par GPS. La guerre et la d\u00e9solation sont leur lot quotidien.<\/i><br \/>\nAujourd\u2019hui, Jour oubli\u00e9 de l\u2019an 2182\u00a0: le clan de la parcelle 821 s\u2019oppose \u00e0 nouveau au clan de la parcelle 257, de part et d\u2019autre des postes fronti\u00e8re s\u00e9parant leur territoire. Lequel l\u2019emportera\u00a0?\u00a0\u00bb<\/p>\n<h3>Aventure futuriste dans une ambiance post-apocalyptique<\/h3>\n<p>Au c\u0153ur du parc d\u00e9partemental des rives du Loup (Villeneuve-Loubet), \u00e0 proximit\u00e9 de Nice, Grasse, Cannes et Antibes, l\u2019\u00e9quipe de Canyon Forest vous invite \u00e0 vivre une aventure futuriste dans une ambiance post-apocalyptique m\u00ealant humour et r\u00e9alisme. Venez vous frotter \u00e0 la dure loi du plus fort et affrontez les ennemis qui se terrent dans cette jungle plus vraie que nature au milieu d\u2019une vall\u00e9e idyllique entre falaise et rivi\u00e8re, \u00e0 l\u2019ombre des grands arbres.<\/p>\n<p><strong>En famille ou entre amis, dans le cadre d\u2019un anniversaire ou d\u2019un enterrement de vie de c\u00e9libataire<\/strong>, n\u2019attendez plus et d\u00e9couvrez notre \u00ab\u00a0for\u00eat sauvage\u00a0\u00bb et ses nombreux sc\u00e9narii de jeux.<\/p>\n<h3>Dur\u00e9e du jeu<\/h3>\n<p>D\u00e9fiez vos adversaires en <span class=\"bold\">20 minutes<\/span> (10\u20ac par personne).<br \/>\n<span class=\"bold\">15 personnes maximum<\/span> par session.[\/et_pb_text][\/et_pb_column][\/et_pb_row][et_pb_row _builder_version=\u00a0\u00bb4.19.1&Prime; custom_padding=\u00a0\u00bb||30px|||\u00a0\u00bb global_colors_info=\u00a0\u00bb{}\u00a0\u00bb][et_pb_column type=\u00a0\u00bb4_4&Prime; _builder_version=\u00a0\u00bb4.16&Prime; global_colors_info=\u00a0\u00bb{}\u00a0\u00bb][et_pb_text _builder_version=\u00a0\u00bb4.24.0&Prime; text_font=\u00a0\u00bbOpen Sans|600|||||||\u00a0\u00bb text_text_color=\u00a0\u00bb#FFFFFF\u00a0\u00bb text_font_size=\u00a0\u00bb1em\u00a0\u00bb text_line_height=\u00a0\u00bb1.8em\u00a0\u00bb header_3_font=\u00a0\u00bbCovered By Your Grace||||||||\u00a0\u00bb header_3_text_align=\u00a0\u00bbcenter\u00a0\u00bb header_3_text_color=\u00a0\u00bb#FFFFFF\u00a0\u00bb header_3_font_size=\u00a0\u00bb27px\u00a0\u00bb header_3_line_height=\u00a0\u00bb23pt\u00a0\u00bb header_4_font=\u00a0\u00bbCovered By Your Grace||||||||\u00a0\u00bb header_4_text_align=\u00a0\u00bbcenter\u00a0\u00bb header_4_text_color=\u00a0\u00bb#FFFFFF\u00a0\u00bb header_4_font_size=\u00a0\u00bb2em\u00a0\u00bb header_5_font=\u00a0\u00bbCovered By Your Grace||||||||\u00a0\u00bb header_5_text_align=\u00a0\u00bbcenter\u00a0\u00bb header_5_text_color=\u00a0\u00bb#FFFFFF\u00a0\u00bb header_5_font_size=\u00a0\u00bb1.5em\u00a0\u00bb header_6_font=\u00a0\u00bbCovered By Your Grace||||||||\u00a0\u00bb header_6_text_align=\u00a0\u00bbcenter\u00a0\u00bb header_6_text_color=\u00a0\u00bb#ffffff\u00a0\u00bb header_6_font_size=\u00a0\u00bb3em\u00a0\u00bb header_6_line_height=\u00a0\u00bb0.8em\u00a0\u00bb background_color=\u00a0\u00bb#8baf1a\u00a0\u00bb text_orientation=\u00a0\u00bbcenter\u00a0\u00bb custom_padding=\u00a0\u00bb10px|15px|10px|15px|false|false\u00a0\u00bb border_radii=\u00a0\u00bbon|10px|10px|10px|10px\u00a0\u00bb global_colors_info=\u00a0\u00bb{}\u00a0\u00bb]<\/p>\n<h4>Accrochage<\/h4>\n<h5>20 mn<\/h5>\n<h6>10\u20ac<\/h6>\n<p>Tarif par personne<\/p>\n<p>[\/et_pb_text][\/et_pb_column][\/et_pb_row][et_pb_row _builder_version=\u00a0\u00bb4.16&Prime; global_colors_info=\u00a0\u00bb{}\u00a0\u00bb][et_pb_column type=\u00a0\u00bb4_4&Prime; _builder_version=\u00a0\u00bb4.16&Prime; global_colors_info=\u00a0\u00bb{}\u00a0\u00bb][et_pb_text _builder_version=\u00a0\u00bb4.24.0&Prime; header_3_font=\u00a0\u00bbBangers||||||||\u00a0\u00bb header_3_text_align=\u00a0\u00bbcenter\u00a0\u00bb global_colors_info=\u00a0\u00bb{}\u00a0\u00bb]<\/p>\n<h3 class=\"prixparcav\">>> <a href=\"https:\/\/canyonforest.com\/fr\/horaires-tarifs\/\">D\u00e9couvrez aussi nos packs multi-activit\u00e9s<\/a> <<<\/h3>\n<p>[\/et_pb_text][\/et_pb_column][\/et_pb_row][et_pb_row _builder_version=\u00a0\u00bb4.16&Prime; custom_margin=\u00a0\u00bb0px||0px||false|false\u00a0\u00bb custom_padding=\u00a0\u00bb0px||0px||false|false\u00a0\u00bb global_colors_info=\u00a0\u00bb{}\u00a0\u00bb][et_pb_column type=\u00a0\u00bb4_4&Prime; _builder_version=\u00a0\u00bb4.16&Prime; custom_padding=\u00a0\u00bb||0px||false|false\u00a0\u00bb global_colors_info=\u00a0\u00bb{}\u00a0\u00bb][et_pb_image src=\u00a0\u00bbhttps:\/\/canyonforest.com\/wp-content\/uploads\/2020\/04\/canyon-forest-laser-game-exterieur.jpg\u00a0\u00bb alt=\u00a0\u00bbD\u00e9cors : Vue d&rsquo;ensemble du terrain de jeu\u00a0\u00bb _builder_version=\u00a0\u00bb4.16&Prime; global_colors_info=\u00a0\u00bb{}\u00a0\u00bb][\/et_pb_image][\/et_pb_column][\/et_pb_row][\/et_pb_section]<\/p>\n","protected":false},"excerpt":{"rendered":"<p>Laser Game outdoor\u00a0\u00bbAn 2182\u00a0: la civilisation humaine telle que nous la connaissons n\u2019est plus. Les \u00eatres humains sont retourn\u00e9s vivre dans la for\u00eat, dernier endroit o\u00f9 subsistent encore les ressources vitales. Apr\u00e8s la Grande Catastrophe, les zones bois\u00e9es sont devenues des territoires de lutte tenus pas des clans affam\u00e9s. L\u2019ancien d\u00e9coupage en parcelles cadastrales fait [&hellip;]<\/p>\n","protected":false},"author":1,"featured_media":0,"parent":4077,"menu_order":0,"comment_status":"closed","ping_status":"closed","template":"","meta":{"_et_pb_use_builder":"on","_et_pb_old_content":"","_et_gb_content_width":"1080","footnotes":""},"class_list":["post-361","page","type-page","status-publish","hentry"],"yoast_head":"<!-- This site is optimized with the Yoast SEO plugin v26.4 - https:\/\/yoast.com\/wordpress\/plugins\/seo\/ -->\n<title>Laser game outdoor ou le laser en pleine for\u00eat | Canyon Forest<\/title>\n<meta name=\"description\" content=\"Laser game outdoor pour s&#039;affronter en pleine nature sur un d\u00e9cor post-apocalyptique. Il est situ\u00e9 \u00e0 Canyon Forest, \u00e0 Villeneuve-Loubet\" \/>\n<meta name=\"robots\" content=\"index, follow, max-snippet:-1, max-image-preview:large, max-video-preview:-1\" \/>\n<link rel=\"canonical\" href=\"https:\/\/canyonforest.com\/fr\/activites\/laser-game-outdoor\/\" \/>\n<meta property=\"og:locale\" content=\"fr_FR\" \/>\n<meta property=\"og:type\" content=\"article\" \/>\n<meta property=\"og:title\" content=\"Laser game outdoor ou le laser en pleine for\u00eat | Canyon Forest\" \/>\n<meta property=\"og:description\" content=\"Laser game outdoor pour s&#039;affronter en pleine nature sur un d\u00e9cor post-apocalyptique. Il est situ\u00e9 \u00e0 Canyon Forest, \u00e0 Villeneuve-Loubet\" \/>\n<meta property=\"og:url\" content=\"https:\/\/canyonforest.com\/fr\/activites\/laser-game-outdoor\/\" \/>\n<meta property=\"og:site_name\" content=\"Canyon Forest\" \/>\n<meta property=\"article:modified_time\" content=\"2025-11-24T14:32:56+00:00\" \/>\n<meta name=\"twitter:card\" content=\"summary_large_image\" \/>\n<meta name=\"twitter:label1\" content=\"Dur\u00e9e de lecture estim\u00e9e\" \/>\n\t<meta name=\"twitter:data1\" content=\"4 minutes\" \/>\n<script type=\"application\/ld+json\" class=\"yoast-schema-graph\">{\"@context\":\"https:\/\/schema.org\",\"@graph\":[{\"@type\":\"WebPage\",\"@id\":\"https:\/\/canyonforest.com\/fr\/activites\/laser-game-outdoor\/\",\"url\":\"https:\/\/canyonforest.com\/fr\/activites\/laser-game-outdoor\/\",\"name\":\"Laser game outdoor ou le laser en pleine for\u00eat | Canyon Forest\",\"isPartOf\":{\"@id\":\"https:\/\/canyonforest.com\/fr\/#website\"},\"datePublished\":\"2020-02-12T15:50:47+00:00\",\"dateModified\":\"2025-11-24T14:32:56+00:00\",\"description\":\"Laser game outdoor pour s'affronter en pleine nature sur un d\u00e9cor post-apocalyptique. Il est situ\u00e9 \u00e0 Canyon Forest, \u00e0 Villeneuve-Loubet\",\"breadcrumb\":{\"@id\":\"https:\/\/canyonforest.com\/fr\/activites\/laser-game-outdoor\/#breadcrumb\"},\"inLanguage\":\"fr-FR\",\"potentialAction\":[{\"@type\":\"ReadAction\",\"target\":[\"https:\/\/canyonforest.com\/fr\/activites\/laser-game-outdoor\/\"]}]},{\"@type\":\"BreadcrumbList\",\"@id\":\"https:\/\/canyonforest.com\/fr\/activites\/laser-game-outdoor\/#breadcrumb\",\"itemListElement\":[{\"@type\":\"ListItem\",\"position\":1,\"name\":\"Accueil\",\"item\":\"https:\/\/canyonforest.com\/fr\/\"},{\"@type\":\"ListItem\",\"position\":2,\"name\":\"Activit\u00e9s\",\"item\":\"https:\/\/canyonforest.com\/fr\/activites\/\"},{\"@type\":\"ListItem\",\"position\":3,\"name\":\"Laser game outdoor\"}]},{\"@type\":\"WebSite\",\"@id\":\"https:\/\/canyonforest.com\/fr\/#website\",\"url\":\"https:\/\/canyonforest.com\/fr\/\",\"name\":\"Canyon Forest\",\"description\":\"\",\"potentialAction\":[{\"@type\":\"SearchAction\",\"target\":{\"@type\":\"EntryPoint\",\"urlTemplate\":\"https:\/\/canyonforest.com\/fr\/?s={search_term_string}\"},\"query-input\":{\"@type\":\"PropertyValueSpecification\",\"valueRequired\":true,\"valueName\":\"search_term_string\"}}],\"inLanguage\":\"fr-FR\"}]}<\/script>\n<!-- \/ Yoast SEO plugin. -->","yoast_head_json":{"title":"Laser game outdoor ou le laser en pleine for\u00eat | Canyon Forest","description":"Laser game outdoor pour s'affronter en pleine nature sur un d\u00e9cor post-apocalyptique. Il est situ\u00e9 \u00e0 Canyon Forest, \u00e0 Villeneuve-Loubet","robots":{"index":"index","follow":"follow","max-snippet":"max-snippet:-1","max-image-preview":"max-image-preview:large","max-video-preview":"max-video-preview:-1"},"canonical":"https:\/\/canyonforest.com\/fr\/activites\/laser-game-outdoor\/","og_locale":"fr_FR","og_type":"article","og_title":"Laser game outdoor ou le laser en pleine for\u00eat | Canyon Forest","og_description":"Laser game outdoor pour s'affronter en pleine nature sur un d\u00e9cor post-apocalyptique. Il est situ\u00e9 \u00e0 Canyon Forest, \u00e0 Villeneuve-Loubet","og_url":"https:\/\/canyonforest.com\/fr\/activites\/laser-game-outdoor\/","og_site_name":"Canyon Forest","article_modified_time":"2025-11-24T14:32:56+00:00","twitter_card":"summary_large_image","twitter_misc":{"Dur\u00e9e de lecture estim\u00e9e":"4 minutes"},"schema":{"@context":"https:\/\/schema.org","@graph":[{"@type":"WebPage","@id":"https:\/\/canyonforest.com\/fr\/activites\/laser-game-outdoor\/","url":"https:\/\/canyonforest.com\/fr\/activites\/laser-game-outdoor\/","name":"Laser game outdoor ou le laser en pleine for\u00eat | Canyon Forest","isPartOf":{"@id":"https:\/\/canyonforest.com\/fr\/#website"},"datePublished":"2020-02-12T15:50:47+00:00","dateModified":"2025-11-24T14:32:56+00:00","description":"Laser game outdoor pour s'affronter en pleine nature sur un d\u00e9cor post-apocalyptique. Il est situ\u00e9 \u00e0 Canyon Forest, \u00e0 Villeneuve-Loubet","breadcrumb":{"@id":"https:\/\/canyonforest.com\/fr\/activites\/laser-game-outdoor\/#breadcrumb"},"inLanguage":"fr-FR","potentialAction":[{"@type":"ReadAction","target":["https:\/\/canyonforest.com\/fr\/activites\/laser-game-outdoor\/"]}]},{"@type":"BreadcrumbList","@id":"https:\/\/canyonforest.com\/fr\/activites\/laser-game-outdoor\/#breadcrumb","itemListElement":[{"@type":"ListItem","position":1,"name":"Accueil","item":"https:\/\/canyonforest.com\/fr\/"},{"@type":"ListItem","position":2,"name":"Activit\u00e9s","item":"https:\/\/canyonforest.com\/fr\/activites\/"},{"@type":"ListItem","position":3,"name":"Laser game outdoor"}]},{"@type":"WebSite","@id":"https:\/\/canyonforest.com\/fr\/#website","url":"https:\/\/canyonforest.com\/fr\/","name":"Canyon Forest","description":"","potentialAction":[{"@type":"SearchAction","target":{"@type":"EntryPoint","urlTemplate":"https:\/\/canyonforest.com\/fr\/?s={search_term_string}"},"query-input":{"@type":"PropertyValueSpecification","valueRequired":true,"valueName":"search_term_string"}}],"inLanguage":"fr-FR"}]}},"_links":{"self":[{"href":"https:\/\/canyonforest.com\/fr\/wp-json\/wp\/v2\/pages\/361","targetHints":{"allow":["GET"]}}],"collection":[{"href":"https:\/\/canyonforest.com\/fr\/wp-json\/wp\/v2\/pages"}],"about":[{"href":"https:\/\/canyonforest.com\/fr\/wp-json\/wp\/v2\/types\/page"}],"author":[{"embeddable":true,"href":"https:\/\/canyonforest.com\/fr\/wp-json\/wp\/v2\/users\/1"}],"replies":[{"embeddable":true,"href":"https:\/\/canyonforest.com\/fr\/wp-json\/wp\/v2\/comments?post=361"}],"version-history":[{"count":41,"href":"https:\/\/canyonforest.com\/fr\/wp-json\/wp\/v2\/pages\/361\/revisions"}],"predecessor-version":[{"id":5022,"href":"https:\/\/canyonforest.com\/fr\/wp-json\/wp\/v2\/pages\/361\/revisions\/5022"}],"up":[{"embeddable":true,"href":"https:\/\/canyonforest.com\/fr\/wp-json\/wp\/v2\/pages\/4077"}],"wp:attachment":[{"href":"https:\/\/canyonforest.com\/fr\/wp-json\/wp\/v2\/media?parent=361"}],"curies":[{"name":"wp","href":"https:\/\/api.w.org\/{rel}","templated":true}]}}