{"id":365,"date":"2020-02-12T16:52:51","date_gmt":"2020-02-12T15:52:51","guid":{"rendered":"https:\/\/canyonforest.com\/?page_id=365"},"modified":"2026-01-27T14:47:35","modified_gmt":"2026-01-27T13:47:35","slug":"canyoning","status":"publish","type":"page","link":"https:\/\/canyonforest.com\/fr\/activites\/canyoning\/","title":{"rendered":"Canyoning"},"content":{"rendered":"<p>[et_pb_section fb_built=\u00a0\u00bb1&Prime; module_id=\u00a0\u00bblyr-section-canyoning\u00a0\u00bb _builder_version=\u00a0\u00bb4.16&Prime; width=\u00a0\u00bb101%\u00a0\u00bb module_alignment=\u00a0\u00bbcenter\u00a0\u00bb custom_margin=\u00a0\u00bb||0px||false|false\u00a0\u00bb custom_padding=\u00a0\u00bb||0px||false|false\u00a0\u00bb collapsed=\u00a0\u00bboff\u00a0\u00bb global_colors_info=\u00a0\u00bb{}\u00a0\u00bb][et_pb_row module_id=\u00a0\u00bblyr-img-canyoning\u00a0\u00bb _builder_version=\u00a0\u00bb4.16&Prime; module_alignment=\u00a0\u00bbcenter\u00a0\u00bb custom_margin=\u00a0\u00bb||||false|false\u00a0\u00bb custom_padding=\u00a0\u00bb0px||||false|false\u00a0\u00bb global_colors_info=\u00a0\u00bb{}\u00a0\u00bb][et_pb_column type=\u00a0\u00bb4_4&Prime; _builder_version=\u00a0\u00bb4.16&Prime; global_colors_info=\u00a0\u00bb{}\u00a0\u00bb][et_pb_image src=\u00a0\u00bbhttps:\/\/canyonforest.com\/wp-content\/uploads\/2020\/03\/canyon-forest-saut-canyoning-gorges-du-loup.jpg\u00a0\u00bb alt=\u00a0\u00bbGrand saut dans les gorges du Loup\u00a0\u00bb align=\u00a0\u00bbcenter\u00a0\u00bb force_fullwidth=\u00a0\u00bbon\u00a0\u00bb _builder_version=\u00a0\u00bb4.16&Prime; custom_margin=\u00a0\u00bb||||false|false\u00a0\u00bb custom_padding=\u00a0\u00bb||||false|false\u00a0\u00bb custom_css_before=\u00a0\u00bbclear:both;\u00a0\u00bb global_colors_info=\u00a0\u00bb{}\u00a0\u00bb][\/et_pb_image][\/et_pb_column][\/et_pb_row][\/et_pb_section][et_pb_section fb_built=\u00a0\u00bb1&Prime; _builder_version=\u00a0\u00bb4.16&Prime; custom_margin=\u00a0\u00bb||0px||false|false\u00a0\u00bb custom_padding=\u00a0\u00bb4px||0px||false|false\u00a0\u00bb global_colors_info=\u00a0\u00bb{}\u00a0\u00bb][et_pb_row _builder_version=\u00a0\u00bb4.16&Prime; custom_padding=\u00a0\u00bb39px||2px|||\u00a0\u00bb global_colors_info=\u00a0\u00bb{}\u00a0\u00bb][et_pb_column type=\u00a0\u00bb4_4&Prime; _builder_version=\u00a0\u00bb4.16&Prime; global_colors_info=\u00a0\u00bb{}\u00a0\u00bb][et_pb_text _builder_version=\u00a0\u00bb4.24.0&Prime; header_2_font=\u00a0\u00bb||||||||\u00a0\u00bb header_2_text_align=\u00a0\u00bbcenter\u00a0\u00bb header_2_font_size=\u00a0\u00bb3.3em\u00a0\u00bb header_2_line_height=\u00a0\u00bb1.1em\u00a0\u00bb global_colors_info=\u00a0\u00bb{}\u00a0\u00bb]<\/p>\n<h2>Canyoning<\/h2>\n<p>[\/et_pb_text][et_pb_text _builder_version=\u00a0\u00bb4.24.0&Prime; header_font=\u00a0\u00bb||||||||\u00a0\u00bb header_text_align=\u00a0\u00bbcenter\u00a0\u00bb header_font_size=\u00a0\u00bb2.1em\u00a0\u00bb header_font_size_tablet=\u00a0\u00bb\u00a0\u00bb header_font_size_phone=\u00a0\u00bb\u00a0\u00bb header_font_size_last_edited=\u00a0\u00bbon|phone\u00a0\u00bb global_colors_info=\u00a0\u00bb{}\u00a0\u00bb]<\/p>\n<h1>Cet \u00e9t\u00e9 jetez-vous \u00e0 l&rsquo;eau !<\/h1>\n<p>[\/et_pb_text][et_pb_text _builder_version=\u00a0\u00bb4.27.5&Prime; text_font=\u00a0\u00bbOpen Sans|800|||||||\u00a0\u00bb text_font_size=\u00a0\u00bb16px\u00a0\u00bb text_line_height=\u00a0\u00bb2em\u00a0\u00bb header_font=\u00a0\u00bb||||||||\u00a0\u00bb header_text_align=\u00a0\u00bbcenter\u00a0\u00bb header_font_size=\u00a0\u00bb2.1em\u00a0\u00bb header_2_text_align=\u00a0\u00bbcenter\u00a0\u00bb header_2_text_color=\u00a0\u00bb#d4005a\u00a0\u00bb header_2_font_size=\u00a0\u00bb51px\u00a0\u00bb header_3_line_height=\u00a0\u00bb1.2em\u00a0\u00bb text_orientation=\u00a0\u00bbcenter\u00a0\u00bb custom_margin=\u00a0\u00bb50px||50px||false|false\u00a0\u00bb header_font_size_tablet=\u00a0\u00bb\u00a0\u00bb header_font_size_phone=\u00a0\u00bb\u00a0\u00bb header_font_size_last_edited=\u00a0\u00bbon|phone\u00a0\u00bb global_colors_info=\u00a0\u00bb{}\u00a0\u00bb]<\/p>\n<h2>Encadr\u00e9 par notre partenaire sp\u00e9cialis\u00e9 100% Canyon<\/h2>\n<p>[\/et_pb_text][et_pb_text _builder_version=\u00a0\u00bb4.27.5&Prime; text_font=\u00a0\u00bbOpen Sans|800|||||||\u00a0\u00bb text_font_size=\u00a0\u00bb16px\u00a0\u00bb text_line_height=\u00a0\u00bb2em\u00a0\u00bb header_font=\u00a0\u00bb||||||||\u00a0\u00bb header_text_align=\u00a0\u00bbcenter\u00a0\u00bb header_font_size=\u00a0\u00bb2.1em\u00a0\u00bb header_2_text_align=\u00a0\u00bbcenter\u00a0\u00bb header_2_text_color=\u00a0\u00bb#d4005a\u00a0\u00bb header_2_font_size=\u00a0\u00bb51px\u00a0\u00bb header_3_line_height=\u00a0\u00bb1.2em\u00a0\u00bb text_orientation=\u00a0\u00bbcenter\u00a0\u00bb custom_margin=\u00a0\u00bb50px||50px||false|false\u00a0\u00bb link_option_url=\u00a0\u00bbhttps:\/\/www.100canyon.com\/\u00a0\u00bb header_font_size_tablet=\u00a0\u00bb\u00a0\u00bb header_font_size_phone=\u00a0\u00bb\u00a0\u00bb header_font_size_last_edited=\u00a0\u00bbon|phone\u00a0\u00bb global_colors_info=\u00a0\u00bb{}\u00a0\u00bb]<\/p>\n<h1>&lt;&lt; D\u00e9couvrir le site de notre partenaire 100% Canyon &gt;&gt;<\/h1>\n<p>[\/et_pb_text][\/et_pb_column][\/et_pb_row][et_pb_row column_structure=\u00a0\u00bb1_2,1_2&Prime; _builder_version=\u00a0\u00bb4.27.5&Prime; background_color=\u00a0\u00bbRGBA(255,255,255,0)\u00a0\u00bb custom_padding=\u00a0\u00bb12px|||||\u00a0\u00bb hover_enabled=\u00a0\u00bb0&Prime; global_colors_info=\u00a0\u00bb{}\u00a0\u00bb sticky_enabled=\u00a0\u00bb0&Prime;][et_pb_column type=\u00a0\u00bb1_2&Prime; _builder_version=\u00a0\u00bb4.16&Prime; global_colors_info=\u00a0\u00bb{}\u00a0\u00bb][et_pb_image src=\u00a0\u00bbhttps:\/\/canyonforest.com\/wp-content\/uploads\/2026\/01\/Saut-Gours-du-ray3.jpg\u00a0\u00bb alt=\u00a0\u00bbCanyoning dans le 06&Prime; title_text=\u00a0\u00bbSaut Gours du ray3&Prime; align=\u00a0\u00bbright\u00a0\u00bb align_tablet=\u00a0\u00bbcenter\u00a0\u00bb align_phone=\u00a0\u00bbcenter\u00a0\u00bb align_last_edited=\u00a0\u00bbon|desktop\u00a0\u00bb _builder_version=\u00a0\u00bb4.27.5&Prime; background_color=\u00a0\u00bbRGBA(255,255,255,0)\u00a0\u00bb module_alignment=\u00a0\u00bbcenter\u00a0\u00bb max_height=\u00a0\u00bb680px\u00a0\u00bb custom_margin=\u00a0\u00bb||106px|||\u00a0\u00bb global_colors_info=\u00a0\u00bb{}\u00a0\u00bb][\/et_pb_image][\/et_pb_column][et_pb_column type=\u00a0\u00bb1_2&Prime; _builder_version=\u00a0\u00bb4.16&Prime; global_colors_info=\u00a0\u00bb{}\u00a0\u00bb][et_pb_text module_class=\u00a0\u00bbmarg25right\u00a0\u00bb _builder_version=\u00a0\u00bb4.27.5&Prime; header_4_font_size=\u00a0\u00bb22px\u00a0\u00bb custom_margin=\u00a0\u00bb||-113px|||\u00a0\u00bb hover_enabled=\u00a0\u00bb0&Prime; text_orientation_tablet=\u00a0\u00bbcenter\u00a0\u00bb text_orientation_phone=\u00a0\u00bbcenter\u00a0\u00bb text_orientation_last_edited=\u00a0\u00bbon|desktop\u00a0\u00bb global_colors_info=\u00a0\u00bb{}\u00a0\u00bb sticky_enabled=\u00a0\u00bb0&Prime;]<\/p>\n<h3>Vous aimez jouer dans l\u2019eau\u00a0?<\/h3>\n<p>Le <strong>d\u00e9partement des Alpes-Maritimes<\/strong> est parcouru de vall\u00e9es et de rivi\u00e8res qui ont fa\u00e7onn\u00e9 des <strong>canyons sensationnels<\/strong>. Le canyoning consiste \u00e0 parcourir ces gorges compos\u00e9es de successions fantastiques de cascades et de vasques naturelles que l\u2019on franchit en sautant, en empruntant les toboggans creus\u00e9s par l\u2019eau ou encore en s\u2019aidant de corde.<\/p>\n<p><strong>100% Canyon<\/strong> est une entreprise de canyoning \u00e9tablie dans les Alpes-Maritimes.<br \/>Leurs excursions sont con\u00e7ues pour offrir des exp\u00e9riences uniques et s\u00e9curis\u00e9es, adapt\u00e9es \u00e0 chacun.<\/p>\n<h4>Pour quel niveau\u00a0?<\/h4>\n<p>De la <strong>d\u00e9couverte familiale<\/strong> en demi-journ\u00e9e \u00e0 la <strong>course engag\u00e9e<\/strong>, la descente de canyon peut se pratiquer par tou\u00b7tes selon son \u00e2ge, ses comp\u00e9tences et ses envies. Aimer jouer dans l\u2019eau est la condition minimale requise. Pour les plus jeunes, nous conseillons les canyons \u00ab\u00a0d\u00e9couverte\u00a0\u00bb en demi-journ\u00e9e.<br \/><span class=\"bold\">NIVEAU 2 : D\u00e9butants &amp; Famille <\/span>\u00a0: Initiez-vous au canyoning. Parcours ludique, encadrement professionnel.<br \/>Tout niveaux. Demi-journ\u00e9e \u00e0 partir de 8 ans &amp; 30 kg.<br \/>Lieu : Les Gorges du Loup.<br \/><span class=\"bold\">NIVEAU 3 : Confirm\u00e9 <\/span>\u00a0: Sensations garanties dans les canyons techniques! Descente en rappel, saut jusqu&rsquo;\u00e0 10m!!<br \/>Pour sportifs motiv\u00e9s.<br \/>Journ\u00e9e, \u00e0 partir de 12 ans.<br \/>Lieu : La Boll\u00e8ne.<br \/><span class=\"bold\"> Groupe \/ EVG \/ EVJF <\/span>\u00a0: Pourquoi choisir le canyoning ? Parce que se perdre dans une salle de r\u00e9union est bien trop banal !<br \/>Canyon 1\/2 journ\u00e9e adapt\u00e9 \u00e0 votre demande!<br \/>Place offerte pour la\/le mari\u00e9(e)<\/p>\n<p>[\/et_pb_text][\/et_pb_column][\/et_pb_row][et_pb_row _builder_version=\u00a0\u00bb4.27.5&Prime; _module_preset=\u00a0\u00bbdefault\u00a0\u00bb column_structure=\u00a0\u00bb2_5,3_5&Prime;][et_pb_column _builder_version=\u00a0\u00bb4.27.5&Prime; _module_preset=\u00a0\u00bbdefault\u00a0\u00bb type=\u00a0\u00bb2_5&Prime;][et_pb_image src=\u00a0\u00bbhttps:\/\/canyonforest.com\/wp-content\/uploads\/2026\/01\/Pierre-Yves-Toudic.jpg\u00a0\u00bb _builder_version=\u00a0\u00bb4.27.5&Prime; _module_preset=\u00a0\u00bbdefault\u00a0\u00bb hover_enabled=\u00a0\u00bb0&Prime; sticky_enabled=\u00a0\u00bb0&Prime; alt=\u00a0\u00bbMoniteur Canyoning<br \/>\n\u00a0\u00bb title_text=\u00a0\u00bbPierre-Yves Toudic\u00a0\u00bb][\/et_pb_image][\/et_pb_column][et_pb_column _builder_version=\u00a0\u00bb4.27.5&Prime; _module_preset=\u00a0\u00bbdefault\u00a0\u00bb type=\u00a0\u00bb3_5&Prime;][et_pb_text _builder_version=\u00a0\u00bb4.27.5&Prime; _module_preset=\u00a0\u00bbdefault\u00a0\u00bb hover_enabled=\u00a0\u00bb0&Prime; sticky_enabled=\u00a0\u00bb0&Prime;]<\/p>\n<h1 style=\"text-align: center;\">Pierre-Yves votre guide 100% Canyon<\/h1>\n<p>&nbsp;<\/p>\n<p style=\"text-align: center;\">Son num\u00e9ro : 07.63.58.49.34<br \/>Son e-mail : pytoudic@gmail.com<\/p>\n<p>&nbsp;<\/p>\n<p>[\/et_pb_text][\/et_pb_column][\/et_pb_row][et_pb_row _builder_version=\u00a0\u00bb4.16&Prime; custom_margin_tablet=\u00a0\u00bb||||false|false\u00a0\u00bb custom_margin_phone=\u00a0\u00bb\u00a0\u00bb custom_margin_last_edited=\u00a0\u00bbon|phone\u00a0\u00bb custom_padding=\u00a0\u00bb19px||10px||false|false\u00a0\u00bb global_colors_info=\u00a0\u00bb{}\u00a0\u00bb][et_pb_column type=\u00a0\u00bb4_4&Prime; _builder_version=\u00a0\u00bb4.16&Prime; global_colors_info=\u00a0\u00bb{}\u00a0\u00bb][et_pb_text _builder_version=\u00a0\u00bb4.27.5&Prime; header_3_text_align=\u00a0\u00bbcenter\u00a0\u00bb global_colors_info=\u00a0\u00bb{}\u00a0\u00bb]<\/p>\n<h3 class=\"prixparcav\">&gt;&gt; <a href=\"\/horaires-tarifs#tarifmultiactivites\">D\u00e9couvrez aussi nos packs multi-activit\u00e9s<\/a> &lt;&lt;<\/h3>\n<p>[\/et_pb_text][\/et_pb_column][\/et_pb_row][et_pb_row _builder_version=\u00a0\u00bb4.27.5&Prime; custom_margin=\u00a0\u00bb0px||0px||false|false\u00a0\u00bb custom_padding=\u00a0\u00bb0px||0px||false|false\u00a0\u00bb hover_enabled=\u00a0\u00bb0&Prime; collapsed=\u00a0\u00bboff\u00a0\u00bb global_colors_info=\u00a0\u00bb{}\u00a0\u00bb sticky_enabled=\u00a0\u00bb0&Prime;][et_pb_column type=\u00a0\u00bb4_4&Prime; _builder_version=\u00a0\u00bb4.16&Prime; global_colors_info=\u00a0\u00bb{}\u00a0\u00bb][et_pb_image src=\u00a0\u00bbhttps:\/\/canyonforest.com\/wp-content\/uploads\/2020\/03\/canyon-forest-vasque-canyon-cramassouri.jpg\u00a0\u00bb alt=\u00a0\u00bbDescente en rappel en toute s\u00e9curit\u00e9\u00a0\u00bb _builder_version=\u00a0\u00bb4.27.5&Prime; background_color=\u00a0\u00bbRGBA(255,255,255,0)\u00a0\u00bb global_colors_info=\u00a0\u00bb{}\u00a0\u00bb][\/et_pb_image][\/et_pb_column][\/et_pb_row][\/et_pb_section]<\/p>\n","protected":false},"excerpt":{"rendered":"<p>Canyon Forest vous propose des sorties dans les diff\u00e9rents Canyons des Alpes Maritimes que vous soyez d\u00e9butants ou confirm\u00e9s, encadr\u00e9s par des guides dipl\u00f4m\u00e9s d&rsquo;\u00e9tat<\/p>\n","protected":false},"author":1,"featured_media":0,"parent":4077,"menu_order":0,"comment_status":"closed","ping_status":"closed","template":"","meta":{"_et_pb_use_builder":"on","_et_pb_old_content":"","_et_gb_content_width":"1080","footnotes":""},"class_list":["post-365","page","type-page","status-publish","hentry"],"yoast_head":"<!-- This site is optimized with the Yoast SEO plugin v26.4 - https:\/\/yoast.com\/wordpress\/plugins\/seo\/ -->\n<title>Canyoning | Canyon Forest<\/title>\n<meta name=\"description\" content=\"Le canyoning, activit\u00e9 propos\u00e9e par Canyon Forest pour vous rafra\u00eechir, dans les plus beaux canyons des Alpes Maritimes.\" \/>\n<meta name=\"robots\" content=\"index, follow, max-snippet:-1, max-image-preview:large, max-video-preview:-1\" \/>\n<link rel=\"canonical\" href=\"https:\/\/canyonforest.com\/fr\/activites\/canyoning\/\" \/>\n<meta property=\"og:locale\" content=\"fr_FR\" \/>\n<meta property=\"og:type\" content=\"article\" \/>\n<meta property=\"og:title\" content=\"Canyoning | Canyon Forest\" \/>\n<meta property=\"og:description\" content=\"Le canyoning, activit\u00e9 propos\u00e9e par Canyon Forest pour vous rafra\u00eechir, dans les plus beaux canyons des Alpes Maritimes.\" \/>\n<meta property=\"og:url\" content=\"https:\/\/canyonforest.com\/fr\/activites\/canyoning\/\" \/>\n<meta property=\"og:site_name\" content=\"Canyon Forest\" \/>\n<meta property=\"article:modified_time\" content=\"2026-01-27T13:47:35+00:00\" \/>\n<meta name=\"twitter:card\" content=\"summary_large_image\" \/>\n<meta name=\"twitter:label1\" content=\"Dur\u00e9e de lecture estim\u00e9e\" \/>\n\t<meta name=\"twitter:data1\" content=\"5 minutes\" \/>\n<script type=\"application\/ld+json\" class=\"yoast-schema-graph\">{\"@context\":\"https:\/\/schema.org\",\"@graph\":[{\"@type\":\"WebPage\",\"@id\":\"https:\/\/canyonforest.com\/fr\/activites\/canyoning\/\",\"url\":\"https:\/\/canyonforest.com\/fr\/activites\/canyoning\/\",\"name\":\"Canyoning | Canyon Forest\",\"isPartOf\":{\"@id\":\"https:\/\/canyonforest.com\/fr\/#website\"},\"datePublished\":\"2020-02-12T15:52:51+00:00\",\"dateModified\":\"2026-01-27T13:47:35+00:00\",\"description\":\"Le canyoning, activit\u00e9 propos\u00e9e par Canyon Forest pour vous rafra\u00eechir, dans les plus beaux canyons des Alpes Maritimes.\",\"breadcrumb\":{\"@id\":\"https:\/\/canyonforest.com\/fr\/activites\/canyoning\/#breadcrumb\"},\"inLanguage\":\"fr-FR\",\"potentialAction\":[{\"@type\":\"ReadAction\",\"target\":[\"https:\/\/canyonforest.com\/fr\/activites\/canyoning\/\"]}]},{\"@type\":\"BreadcrumbList\",\"@id\":\"https:\/\/canyonforest.com\/fr\/activites\/canyoning\/#breadcrumb\",\"itemListElement\":[{\"@type\":\"ListItem\",\"position\":1,\"name\":\"Accueil\",\"item\":\"https:\/\/canyonforest.com\/fr\/\"},{\"@type\":\"ListItem\",\"position\":2,\"name\":\"Activit\u00e9s\",\"item\":\"https:\/\/canyonforest.com\/fr\/activites\/\"},{\"@type\":\"ListItem\",\"position\":3,\"name\":\"Canyoning\"}]},{\"@type\":\"WebSite\",\"@id\":\"https:\/\/canyonforest.com\/fr\/#website\",\"url\":\"https:\/\/canyonforest.com\/fr\/\",\"name\":\"Canyon Forest\",\"description\":\"\",\"potentialAction\":[{\"@type\":\"SearchAction\",\"target\":{\"@type\":\"EntryPoint\",\"urlTemplate\":\"https:\/\/canyonforest.com\/fr\/?s={search_term_string}\"},\"query-input\":{\"@type\":\"PropertyValueSpecification\",\"valueRequired\":true,\"valueName\":\"search_term_string\"}}],\"inLanguage\":\"fr-FR\"}]}<\/script>\n<!-- \/ Yoast SEO plugin. -->","yoast_head_json":{"title":"Canyoning | Canyon Forest","description":"Le canyoning, activit\u00e9 propos\u00e9e par Canyon Forest pour vous rafra\u00eechir, dans les plus beaux canyons des Alpes Maritimes.","robots":{"index":"index","follow":"follow","max-snippet":"max-snippet:-1","max-image-preview":"max-image-preview:large","max-video-preview":"max-video-preview:-1"},"canonical":"https:\/\/canyonforest.com\/fr\/activites\/canyoning\/","og_locale":"fr_FR","og_type":"article","og_title":"Canyoning | Canyon Forest","og_description":"Le canyoning, activit\u00e9 propos\u00e9e par Canyon Forest pour vous rafra\u00eechir, dans les plus beaux canyons des Alpes Maritimes.","og_url":"https:\/\/canyonforest.com\/fr\/activites\/canyoning\/","og_site_name":"Canyon Forest","article_modified_time":"2026-01-27T13:47:35+00:00","twitter_card":"summary_large_image","twitter_misc":{"Dur\u00e9e de lecture estim\u00e9e":"5 minutes"},"schema":{"@context":"https:\/\/schema.org","@graph":[{"@type":"WebPage","@id":"https:\/\/canyonforest.com\/fr\/activites\/canyoning\/","url":"https:\/\/canyonforest.com\/fr\/activites\/canyoning\/","name":"Canyoning | Canyon Forest","isPartOf":{"@id":"https:\/\/canyonforest.com\/fr\/#website"},"datePublished":"2020-02-12T15:52:51+00:00","dateModified":"2026-01-27T13:47:35+00:00","description":"Le canyoning, activit\u00e9 propos\u00e9e par Canyon Forest pour vous rafra\u00eechir, dans les plus beaux canyons des Alpes Maritimes.","breadcrumb":{"@id":"https:\/\/canyonforest.com\/fr\/activites\/canyoning\/#breadcrumb"},"inLanguage":"fr-FR","potentialAction":[{"@type":"ReadAction","target":["https:\/\/canyonforest.com\/fr\/activites\/canyoning\/"]}]},{"@type":"BreadcrumbList","@id":"https:\/\/canyonforest.com\/fr\/activites\/canyoning\/#breadcrumb","itemListElement":[{"@type":"ListItem","position":1,"name":"Accueil","item":"https:\/\/canyonforest.com\/fr\/"},{"@type":"ListItem","position":2,"name":"Activit\u00e9s","item":"https:\/\/canyonforest.com\/fr\/activites\/"},{"@type":"ListItem","position":3,"name":"Canyoning"}]},{"@type":"WebSite","@id":"https:\/\/canyonforest.com\/fr\/#website","url":"https:\/\/canyonforest.com\/fr\/","name":"Canyon Forest","description":"","potentialAction":[{"@type":"SearchAction","target":{"@type":"EntryPoint","urlTemplate":"https:\/\/canyonforest.com\/fr\/?s={search_term_string}"},"query-input":{"@type":"PropertyValueSpecification","valueRequired":true,"valueName":"search_term_string"}}],"inLanguage":"fr-FR"}]}},"_links":{"self":[{"href":"https:\/\/canyonforest.com\/fr\/wp-json\/wp\/v2\/pages\/365","targetHints":{"allow":["GET"]}}],"collection":[{"href":"https:\/\/canyonforest.com\/fr\/wp-json\/wp\/v2\/pages"}],"about":[{"href":"https:\/\/canyonforest.com\/fr\/wp-json\/wp\/v2\/types\/page"}],"author":[{"embeddable":true,"href":"https:\/\/canyonforest.com\/fr\/wp-json\/wp\/v2\/users\/1"}],"replies":[{"embeddable":true,"href":"https:\/\/canyonforest.com\/fr\/wp-json\/wp\/v2\/comments?post=365"}],"version-history":[{"count":47,"href":"https:\/\/canyonforest.com\/fr\/wp-json\/wp\/v2\/pages\/365\/revisions"}],"predecessor-version":[{"id":5069,"href":"https:\/\/canyonforest.com\/fr\/wp-json\/wp\/v2\/pages\/365\/revisions\/5069"}],"up":[{"embeddable":true,"href":"https:\/\/canyonforest.com\/fr\/wp-json\/wp\/v2\/pages\/4077"}],"wp:attachment":[{"href":"https:\/\/canyonforest.com\/fr\/wp-json\/wp\/v2\/media?parent=365"}],"curies":[{"name":"wp","href":"https:\/\/api.w.org\/{rel}","templated":true}]}}