{"id":376,"date":"2020-02-12T16:57:38","date_gmt":"2020-02-12T15:57:38","guid":{"rendered":"https:\/\/canyonforest.com\/?page_id=376"},"modified":"2024-06-28T11:43:26","modified_gmt":"2024-06-28T09:43:26","slug":"anniversaires","status":"publish","type":"page","link":"https:\/\/canyonforest.com\/fr\/preparez-visite\/anniversaires\/","title":{"rendered":"Anniversaires"},"content":{"rendered":"<p>[et_pb_section fb_built=\u00a0\u00bb1&Prime; module_id=\u00a0\u00bblyr-section-accueil-btn\u00a0\u00bb _builder_version=\u00a0\u00bb4.16&Prime; width=\u00a0\u00bb101%\u00a0\u00bb module_alignment=\u00a0\u00bbcenter\u00a0\u00bb custom_padding=\u00a0\u00bb4px||4px||false|false\u00a0\u00bb collapsed=\u00a0\u00bboff\u00a0\u00bb global_colors_info=\u00a0\u00bb{}\u00a0\u00bb][et_pb_row module_id=\u00a0\u00bblyr-img-accueil\u00a0\u00bb _builder_version=\u00a0\u00bb4.16&Prime; module_alignment=\u00a0\u00bbcenter\u00a0\u00bb custom_margin=\u00a0\u00bb||||false|false\u00a0\u00bb custom_padding=\u00a0\u00bb0px||||false|false\u00a0\u00bb global_colors_info=\u00a0\u00bb{}\u00a0\u00bb][et_pb_column type=\u00a0\u00bb4_4&Prime; _builder_version=\u00a0\u00bb4.16&Prime; global_colors_info=\u00a0\u00bb{}\u00a0\u00bb][et_pb_image src=\u00a0\u00bbhttps:\/\/canyonforest.com\/wp-content\/uploads\/2020\/03\/canyon-forest-tyrolienne-185-metres.jpg\u00a0\u00bb alt=\u00a0\u00bbAventurier sur une tyrolienne\u00a0\u00bb align=\u00a0\u00bbcenter\u00a0\u00bb force_fullwidth=\u00a0\u00bbon\u00a0\u00bb _builder_version=\u00a0\u00bb4.16&Prime; custom_margin=\u00a0\u00bb||||false|false\u00a0\u00bb custom_padding=\u00a0\u00bb||||false|false\u00a0\u00bb custom_css_before=\u00a0\u00bbclear:both;\u00a0\u00bb global_colors_info=\u00a0\u00bb{}\u00a0\u00bb][\/et_pb_image][\/et_pb_column][\/et_pb_row][\/et_pb_section][et_pb_section fb_built=\u00a0\u00bb1&Prime; _builder_version=\u00a0\u00bb4.16&Prime; custom_margin=\u00a0\u00bb||0px||false|false\u00a0\u00bb custom_padding=\u00a0\u00bb4px||0px||false|false\u00a0\u00bb global_colors_info=\u00a0\u00bb{}\u00a0\u00bb][et_pb_row _builder_version=\u00a0\u00bb4.16&Prime; custom_padding=\u00a0\u00bb39px||2px|||\u00a0\u00bb global_colors_info=\u00a0\u00bb{}\u00a0\u00bb][et_pb_column type=\u00a0\u00bb4_4&Prime; _builder_version=\u00a0\u00bb4.16&Prime; global_colors_info=\u00a0\u00bb{}\u00a0\u00bb][et_pb_text _builder_version=\u00a0\u00bb4.24.0&Prime; header_2_font=\u00a0\u00bb||||||||\u00a0\u00bb header_2_text_align=\u00a0\u00bbcenter\u00a0\u00bb header_2_font_size=\u00a0\u00bb3.3em\u00a0\u00bb header_2_line_height=\u00a0\u00bb1.1em\u00a0\u00bb header_2_font_size_tablet=\u00a0\u00bb\u00a0\u00bb header_2_font_size_phone=\u00a0\u00bb3em\u00a0\u00bb header_2_font_size_last_edited=\u00a0\u00bbon|tablet\u00a0\u00bb global_colors_info=\u00a0\u00bb{}\u00a0\u00bb]<\/p>\n<h2>Anniversaires<\/h2>\n<p>[\/et_pb_text][et_pb_text _builder_version=\u00a0\u00bb4.24.0&Prime; header_font=\u00a0\u00bb||||||||\u00a0\u00bb header_text_align=\u00a0\u00bbcenter\u00a0\u00bb header_font_size=\u00a0\u00bb2.1em\u00a0\u00bb header_font_size_tablet=\u00a0\u00bb\u00a0\u00bb header_font_size_phone=\u00a0\u00bb\u00a0\u00bb header_font_size_last_edited=\u00a0\u00bbon|phone\u00a0\u00bb global_colors_info=\u00a0\u00bb{}\u00a0\u00bb]<\/p>\n<h1>et enterrements de vie de c\u00e9libataire<\/h1>\n<p>[\/et_pb_text][et_pb_text _builder_version=\u00a0\u00bb4.24.0&Prime; header_3_text_align=\u00a0\u00bbcenter\u00a0\u00bb text_orientation=\u00a0\u00bbcenter\u00a0\u00bb width=\u00a0\u00bb100%\u00a0\u00bb global_colors_info=\u00a0\u00bb{}\u00a0\u00bb]<\/p>\n<h3><a class=\"linkinterne\" href=\"\/contact\/\"> >> R\u00e9servez au parc aventure de Canyon Forest <<<\/a><\/h3>\n<p>(\u00e0 partir de 6 personnes) ![\/et_pb_text][\/et_pb_column][\/et_pb_row][et_pb_row column_structure=\u00a0\u00bb1_2,1_2&Prime; _builder_version=\u00a0\u00bb4.16&Prime; custom_padding=\u00a0\u00bb12px|||||\u00a0\u00bb global_colors_info=\u00a0\u00bb{}\u00a0\u00bb][et_pb_column type=\u00a0\u00bb1_2&Prime; _builder_version=\u00a0\u00bb4.16&Prime; global_colors_info=\u00a0\u00bb{}\u00a0\u00bb][et_pb_image src=\u00a0\u00bbhttps:\/\/canyonforest.com\/wp-content\/uploads\/2020\/03\/idee-anniversaire-laser-escape-game.jpg\u00a0\u00bb alt=\u00a0\u00bbJeune fille soufflant ses bougies\u00a0\u00bb align=\u00a0\u00bbright\u00a0\u00bb _builder_version=\u00a0\u00bb4.25.2&Prime; module_alignment=\u00a0\u00bbcenter\u00a0\u00bb hover_enabled=\u00a0\u00bb0&Prime; global_colors_info=\u00a0\u00bb{}\u00a0\u00bb sticky_enabled=\u00a0\u00bb0&Prime;][\/et_pb_image][\/et_pb_column][et_pb_column type=\u00a0\u00bb1_2&Prime; _builder_version=\u00a0\u00bb4.16&Prime; global_colors_info=\u00a0\u00bb{}\u00a0\u00bb][et_pb_text module_class=\u00a0\u00bbmarg25right\u00a0\u00bb _builder_version=\u00a0\u00bb4.25.2&Prime; header_5_font=\u00a0\u00bbCovered By Your Grace||||||||\u00a0\u00bb header_5_text_align=\u00a0\u00bbleft\u00a0\u00bb header_5_font_size=\u00a0\u00bb25px\u00a0\u00bb width=\u00a0\u00bb100%\u00a0\u00bb hover_enabled=\u00a0\u00bb0&Prime; header_5_text_align_tablet=\u00a0\u00bbcenter\u00a0\u00bb header_5_text_align_phone=\u00a0\u00bbcenter\u00a0\u00bb header_5_text_align_last_edited=\u00a0\u00bbon|desktop\u00a0\u00bb text_orientation_tablet=\u00a0\u00bbcenter\u00a0\u00bb text_orientation_phone=\u00a0\u00bb\u00a0\u00bb text_orientation_last_edited=\u00a0\u00bbon|phone\u00a0\u00bb global_colors_info=\u00a0\u00bb{}\u00a0\u00bb sticky_enabled=\u00a0\u00bb0&Prime;]<\/p>\n<h5>Les activit\u00e9s \u00ab\u00a0Canyon Forest\u00a0\u00bb<\/h5>\n<p>Le Parcours Aventure (4 niveaux au choix)<br \/>\nLe Parcours D\u00e9couverte (2 niveaux au choix)<br \/>\nLe Laser game Outdoor \u00ab\u00a0La For\u00eat Sauvage\u00a0\u00bb<\/p>\n<p>D\u00e9placement pi\u00e9ton OBLIGATOIRE pour les groupes de + de 6 enfants<\/p>\n<p>&nbsp;<\/p>\n<p>&nbsp;<\/p>\n<h5>L&rsquo;accueil \u00ab\u00a0Canyon Forest\u00a0\u00bb<\/h5>\n<p>Pour les parcours Aventure &amp; D\u00e9couverte : Le parcours sera offert \u00e0 la personne qui f\u00eate son anniversaire ou \u00e0 la ou au futur\u00b7e mari\u00e9\u00b7e.<\/p>\n<p>Pour le Laser game uniquement : une boisson offerte \u00e0 chaque participant.<\/p>\n<p>Des op\u00e9rateurs dipl\u00f4m\u00e9s au service de votre s\u00e9curit\u00e9 et de votre plaisir.<\/p>\n<p>N&rsquo;oubliez pas d&rsquo;apporter le g\u00e2teau d&rsquo;anniversaire dans votre sac \u00e0 dos ![\/et_pb_text][\/et_pb_column][\/et_pb_row][et_pb_row _builder_version=\u00a0\u00bb4.16&Prime; custom_margin=\u00a0\u00bb||0px||false|false\u00a0\u00bb custom_padding=\u00a0\u00bb||0px||false|false\u00a0\u00bb collapsed=\u00a0\u00bboff\u00a0\u00bb global_colors_info=\u00a0\u00bb{}\u00a0\u00bb][et_pb_column type=\u00a0\u00bb4_4&Prime; _builder_version=\u00a0\u00bb4.16&Prime; global_colors_info=\u00a0\u00bb{}\u00a0\u00bb][et_pb_text _builder_version=\u00a0\u00bb4.24.0&Prime; header_5_font=\u00a0\u00bbCovered By Your Grace||||||||\u00a0\u00bb header_5_text_align=\u00a0\u00bbcenter\u00a0\u00bb header_5_font_size=\u00a0\u00bb25px\u00a0\u00bb text_orientation=\u00a0\u00bbcenter\u00a0\u00bb min_height=\u00a0\u00bb229px\u00a0\u00bb custom_margin=\u00a0\u00bb-19px||||false|false\u00a0\u00bb global_colors_info=\u00a0\u00bb{}\u00a0\u00bb]<\/p>\n<p>Dans un superbe cadre naturel, vous passerez une journ\u00e9e inoubliable entre amis, encadr\u00e9s par notre joyeuse \u00e9quipe.<br \/><a class=\"linkinterne\" href=\"\/activites\/parcours-aventure\/\">Connectez-vous au vrai r\u00e9seau, celui de la nature<\/a> : acc\u00e9dez au sommet des plus grands arbres pour glisser sur des tyroliennes entre falaise et rivi\u00e8re ou encore faites vos \u00e9quipes et affrontez-vous au laser dans le d\u00e9cor de <a class=\"linkinterne\" href=\"\/activites\/laser-game-outdoor\/\">La For\u00eat Sauvage<\/a>.\u00a0Cette journ\u00e9e active et ludique d\u00e9butera par une balade \u00e0 v\u00e9lo le long de la rivi\u00e8re du Loup, avant d&rsquo;arriver sur le site du parc de Canyon Forest o\u00f9 toutes ces activit\u00e9s de pleine nature n&rsquo;attendent plus que vous.<\/p>\n<h5>A tr\u00e8s vite !<\/h5>\n<p>[\/et_pb_text][\/et_pb_column][\/et_pb_row][\/et_pb_section]<\/p>\n","protected":false},"excerpt":{"rendered":"<p>Anniversaireset enterrements de vie de c\u00e9libataire >> R\u00e9servez au parc aventure de Canyon Forest<\/p>\n","protected":false},"author":1,"featured_media":0,"parent":402,"menu_order":0,"comment_status":"closed","ping_status":"closed","template":"","meta":{"_et_pb_use_builder":"on","_et_pb_old_content":"","_et_gb_content_width":"1080","footnotes":""},"class_list":["post-376","page","type-page","status-publish","hentry"],"yoast_head":"<!-- This site is optimized with the Yoast SEO plugin v26.4 - https:\/\/yoast.com\/wordpress\/plugins\/seo\/ -->\n<title>Anniversaires - Canyon Forest<\/title>\n<meta name=\"description\" content=\"Organisez votre anniversaire : parcours aventure, laser game outdoor, pour faire de cette journ\u00e9e un moment inoubliable et original.\" \/>\n<meta name=\"robots\" content=\"index, follow, max-snippet:-1, max-image-preview:large, max-video-preview:-1\" \/>\n<link rel=\"canonical\" href=\"https:\/\/canyonforest.com\/fr\/preparez-visite\/anniversaires\/\" \/>\n<meta property=\"og:locale\" content=\"fr_FR\" \/>\n<meta property=\"og:type\" content=\"article\" \/>\n<meta property=\"og:title\" content=\"Anniversaires - Canyon Forest\" \/>\n<meta property=\"og:description\" content=\"Organisez votre anniversaire : parcours aventure, laser game outdoor, pour faire de cette journ\u00e9e un moment inoubliable et original.\" \/>\n<meta property=\"og:url\" content=\"https:\/\/canyonforest.com\/fr\/preparez-visite\/anniversaires\/\" \/>\n<meta property=\"og:site_name\" content=\"Canyon Forest\" \/>\n<meta property=\"article:modified_time\" content=\"2024-06-28T09:43:26+00:00\" \/>\n<meta name=\"twitter:card\" content=\"summary_large_image\" \/>\n<meta name=\"twitter:label1\" content=\"Dur\u00e9e de lecture estim\u00e9e\" \/>\n\t<meta name=\"twitter:data1\" content=\"1 minute\" \/>\n<script type=\"application\/ld+json\" class=\"yoast-schema-graph\">{\"@context\":\"https:\/\/schema.org\",\"@graph\":[{\"@type\":\"WebPage\",\"@id\":\"https:\/\/canyonforest.com\/fr\/preparez-visite\/anniversaires\/\",\"url\":\"https:\/\/canyonforest.com\/fr\/preparez-visite\/anniversaires\/\",\"name\":\"Anniversaires - Canyon Forest\",\"isPartOf\":{\"@id\":\"https:\/\/canyonforest.com\/fr\/#website\"},\"datePublished\":\"2020-02-12T15:57:38+00:00\",\"dateModified\":\"2024-06-28T09:43:26+00:00\",\"description\":\"Organisez votre anniversaire : parcours aventure, laser game outdoor, pour faire de cette journ\u00e9e un moment inoubliable et original.\",\"breadcrumb\":{\"@id\":\"https:\/\/canyonforest.com\/fr\/preparez-visite\/anniversaires\/#breadcrumb\"},\"inLanguage\":\"fr-FR\",\"potentialAction\":[{\"@type\":\"ReadAction\",\"target\":[\"https:\/\/canyonforest.com\/fr\/preparez-visite\/anniversaires\/\"]}]},{\"@type\":\"BreadcrumbList\",\"@id\":\"https:\/\/canyonforest.com\/fr\/preparez-visite\/anniversaires\/#breadcrumb\",\"itemListElement\":[{\"@type\":\"ListItem\",\"position\":1,\"name\":\"Accueil\",\"item\":\"https:\/\/canyonforest.com\/fr\/\"},{\"@type\":\"ListItem\",\"position\":2,\"name\":\"Pr\u00e9parez votre visite\",\"item\":\"https:\/\/canyonforest.com\/fr\/preparez-visite\/\"},{\"@type\":\"ListItem\",\"position\":3,\"name\":\"Anniversaires\"}]},{\"@type\":\"WebSite\",\"@id\":\"https:\/\/canyonforest.com\/fr\/#website\",\"url\":\"https:\/\/canyonforest.com\/fr\/\",\"name\":\"Canyon Forest\",\"description\":\"\",\"potentialAction\":[{\"@type\":\"SearchAction\",\"target\":{\"@type\":\"EntryPoint\",\"urlTemplate\":\"https:\/\/canyonforest.com\/fr\/?s={search_term_string}\"},\"query-input\":{\"@type\":\"PropertyValueSpecification\",\"valueRequired\":true,\"valueName\":\"search_term_string\"}}],\"inLanguage\":\"fr-FR\"}]}<\/script>\n<!-- \/ Yoast SEO plugin. -->","yoast_head_json":{"title":"Anniversaires - Canyon Forest","description":"Organisez votre anniversaire : parcours aventure, laser game outdoor, pour faire de cette journ\u00e9e un moment inoubliable et original.","robots":{"index":"index","follow":"follow","max-snippet":"max-snippet:-1","max-image-preview":"max-image-preview:large","max-video-preview":"max-video-preview:-1"},"canonical":"https:\/\/canyonforest.com\/fr\/preparez-visite\/anniversaires\/","og_locale":"fr_FR","og_type":"article","og_title":"Anniversaires - Canyon Forest","og_description":"Organisez votre anniversaire : parcours aventure, laser game outdoor, pour faire de cette journ\u00e9e un moment inoubliable et original.","og_url":"https:\/\/canyonforest.com\/fr\/preparez-visite\/anniversaires\/","og_site_name":"Canyon Forest","article_modified_time":"2024-06-28T09:43:26+00:00","twitter_card":"summary_large_image","twitter_misc":{"Dur\u00e9e de lecture estim\u00e9e":"1 minute"},"schema":{"@context":"https:\/\/schema.org","@graph":[{"@type":"WebPage","@id":"https:\/\/canyonforest.com\/fr\/preparez-visite\/anniversaires\/","url":"https:\/\/canyonforest.com\/fr\/preparez-visite\/anniversaires\/","name":"Anniversaires - Canyon Forest","isPartOf":{"@id":"https:\/\/canyonforest.com\/fr\/#website"},"datePublished":"2020-02-12T15:57:38+00:00","dateModified":"2024-06-28T09:43:26+00:00","description":"Organisez votre anniversaire : parcours aventure, laser game outdoor, pour faire de cette journ\u00e9e un moment inoubliable et original.","breadcrumb":{"@id":"https:\/\/canyonforest.com\/fr\/preparez-visite\/anniversaires\/#breadcrumb"},"inLanguage":"fr-FR","potentialAction":[{"@type":"ReadAction","target":["https:\/\/canyonforest.com\/fr\/preparez-visite\/anniversaires\/"]}]},{"@type":"BreadcrumbList","@id":"https:\/\/canyonforest.com\/fr\/preparez-visite\/anniversaires\/#breadcrumb","itemListElement":[{"@type":"ListItem","position":1,"name":"Accueil","item":"https:\/\/canyonforest.com\/fr\/"},{"@type":"ListItem","position":2,"name":"Pr\u00e9parez votre visite","item":"https:\/\/canyonforest.com\/fr\/preparez-visite\/"},{"@type":"ListItem","position":3,"name":"Anniversaires"}]},{"@type":"WebSite","@id":"https:\/\/canyonforest.com\/fr\/#website","url":"https:\/\/canyonforest.com\/fr\/","name":"Canyon Forest","description":"","potentialAction":[{"@type":"SearchAction","target":{"@type":"EntryPoint","urlTemplate":"https:\/\/canyonforest.com\/fr\/?s={search_term_string}"},"query-input":{"@type":"PropertyValueSpecification","valueRequired":true,"valueName":"search_term_string"}}],"inLanguage":"fr-FR"}]}},"_links":{"self":[{"href":"https:\/\/canyonforest.com\/fr\/wp-json\/wp\/v2\/pages\/376","targetHints":{"allow":["GET"]}}],"collection":[{"href":"https:\/\/canyonforest.com\/fr\/wp-json\/wp\/v2\/pages"}],"about":[{"href":"https:\/\/canyonforest.com\/fr\/wp-json\/wp\/v2\/types\/page"}],"author":[{"embeddable":true,"href":"https:\/\/canyonforest.com\/fr\/wp-json\/wp\/v2\/users\/1"}],"replies":[{"embeddable":true,"href":"https:\/\/canyonforest.com\/fr\/wp-json\/wp\/v2\/comments?post=376"}],"version-history":[{"count":23,"href":"https:\/\/canyonforest.com\/fr\/wp-json\/wp\/v2\/pages\/376\/revisions"}],"predecessor-version":[{"id":4793,"href":"https:\/\/canyonforest.com\/fr\/wp-json\/wp\/v2\/pages\/376\/revisions\/4793"}],"up":[{"embeddable":true,"href":"https:\/\/canyonforest.com\/fr\/wp-json\/wp\/v2\/pages\/402"}],"wp:attachment":[{"href":"https:\/\/canyonforest.com\/fr\/wp-json\/wp\/v2\/media?parent=376"}],"curies":[{"name":"wp","href":"https:\/\/api.w.org\/{rel}","templated":true}]}}