{"id":429,"date":"2020-02-12T18:42:59","date_gmt":"2020-02-12T17:42:59","guid":{"rendered":"https:\/\/canyonforest.com\/?page_id=429"},"modified":"2024-01-30T09:49:08","modified_gmt":"2024-01-30T08:49:08","slug":"partenaires","status":"publish","type":"page","link":"https:\/\/canyonforest.com\/fr\/partenaires\/","title":{"rendered":"Partenaires"},"content":{"rendered":"<p>[et_pb_section fb_built=\u00a0\u00bb1&Prime; module_id=\u00a0\u00bblyr-section-accueil-btn\u00a0\u00bb _builder_version=\u00a0\u00bb4.16&Prime; width=\u00a0\u00bb101%\u00a0\u00bb module_alignment=\u00a0\u00bbcenter\u00a0\u00bb custom_padding=\u00a0\u00bb4px||4px||false|false\u00a0\u00bb collapsed=\u00a0\u00bboff\u00a0\u00bb global_colors_info=\u00a0\u00bb{}\u00a0\u00bb][et_pb_row module_id=\u00a0\u00bblyr-img-accueil\u00a0\u00bb _builder_version=\u00a0\u00bb4.16&Prime; module_alignment=\u00a0\u00bbcenter\u00a0\u00bb custom_margin=\u00a0\u00bb||||false|false\u00a0\u00bb custom_padding=\u00a0\u00bb0px||||false|false\u00a0\u00bb global_colors_info=\u00a0\u00bb{}\u00a0\u00bb][et_pb_column type=\u00a0\u00bb4_4&Prime; _builder_version=\u00a0\u00bb4.16&Prime; global_colors_info=\u00a0\u00bb{}\u00a0\u00bb][et_pb_image src=\u00a0\u00bbhttps:\/\/canyonforest.com\/wp-content\/uploads\/2020\/03\/canyon-forest-partenaires.jpg\u00a0\u00bb alt=\u00a0\u00bbD\u00e9part d&rsquo;une \u00e9quipe \u00e0 v\u00e9lo\u00a0\u00bb align=\u00a0\u00bbcenter\u00a0\u00bb force_fullwidth=\u00a0\u00bbon\u00a0\u00bb _builder_version=\u00a0\u00bb4.16&Prime; custom_margin=\u00a0\u00bb||||false|false\u00a0\u00bb custom_padding=\u00a0\u00bb||||false|false\u00a0\u00bb custom_css_before=\u00a0\u00bbclear:both;\u00a0\u00bb global_colors_info=\u00a0\u00bb{}\u00a0\u00bb][\/et_pb_image][\/et_pb_column][\/et_pb_row][et_pb_row _builder_version=\u00a0\u00bb4.16&Prime; custom_padding=\u00a0\u00bb39px||2px|||\u00a0\u00bb global_colors_info=\u00a0\u00bb{}\u00a0\u00bb][et_pb_column type=\u00a0\u00bb4_4&Prime; _builder_version=\u00a0\u00bb4.16&Prime; global_colors_info=\u00a0\u00bb{}\u00a0\u00bb][et_pb_text _builder_version=\u00a0\u00bb4.24.0&Prime; header_font=\u00a0\u00bbCovered By Your Grace||||||||\u00a0\u00bb header_text_align=\u00a0\u00bbcenter\u00a0\u00bb header_font_size=\u00a0\u00bb2.1em\u00a0\u00bb hover_enabled=\u00a0\u00bb0&Prime; header_font_size_tablet=\u00a0\u00bb\u00a0\u00bb header_font_size_phone=\u00a0\u00bb\u00a0\u00bb header_font_size_last_edited=\u00a0\u00bbon|phone\u00a0\u00bb global_colors_info=\u00a0\u00bb{}\u00a0\u00bb sticky_enabled=\u00a0\u00bb0&Prime;]<\/p>\n<h1>Nos partenaires<\/h1>\n<p>[\/et_pb_text][\/et_pb_column][\/et_pb_row][et_pb_row column_structure=\u00a0\u00bb1_3,1_3,1_3&Prime; _builder_version=\u00a0\u00bb4.23.4&Prime; min_height=\u00a0\u00bb258px\u00a0\u00bb global_colors_info=\u00a0\u00bb{}\u00a0\u00bb][et_pb_column type=\u00a0\u00bb1_3&Prime; _builder_version=\u00a0\u00bb4.16&Prime; global_colors_info=\u00a0\u00bb{}\u00a0\u00bb][et_pb_image src=\u00a0\u00bbhttps:\/\/canyonforest.com\/wp-content\/uploads\/2020\/05\/logo-Villeneuve-Loubet.jpg\u00a0\u00bb alt=\u00a0\u00bbLogo Villeneuve-Loubet\u00a0\u00bb url=\u00a0\u00bbhttps:\/\/www.villeneuve-tourisme.com\/\u00a0\u00bb url_new_window=\u00a0\u00bbon\u00a0\u00bb align=\u00a0\u00bbcenter\u00a0\u00bb align_tablet=\u00a0\u00bb\u00a0\u00bb align_phone=\u00a0\u00bb\u00a0\u00bb align_last_edited=\u00a0\u00bbon|phone\u00a0\u00bb module_class=\u00a0\u00bblogo-partenaires\u00a0\u00bb _builder_version=\u00a0\u00bb4.16&Prime; border_radii=\u00a0\u00bbon|20px|20px|20px|20px\u00a0\u00bb global_colors_info=\u00a0\u00bb{}\u00a0\u00bb][\/et_pb_image][et_pb_text _builder_version=\u00a0\u00bb4.16&Prime; text_orientation=\u00a0\u00bbcenter\u00a0\u00bb global_colors_info=\u00a0\u00bb{}\u00a0\u00bb]<\/p>\n<p><b>Office du Tourisme Villeneuve-Loubet<\/b><br \/>L\u2019Office de Tourisme de Villeneuve-Loubet est engag\u00e9 dans la d\u00e9marche nationale Qualit\u00e9 TourismeTM depuis 2007. L\u2019objectif est de garantir aux visiteurs des prestations de qualit\u00e9. L&rsquo;\u00e9quipe est \u00e0 votre \u00e9coute pour vous informer sur les diff\u00e9rentes activit\u00e9s et curiosit\u00e9s de la commune et de la r\u00e9gion, sur les \u00e9v\u00e9nements, pour vous aider \u00e0 organiser au mieux vos journ\u00e9es mais aussi sur les solutions d&rsquo;h\u00e9bergements disponibles sur la commune.<\/p>\n<p>[\/et_pb_text][et_pb_image src=\u00a0\u00bbhttps:\/\/canyonforest.com\/wp-content\/uploads\/2020\/03\/logo-chullanka.jpg\u00a0\u00bb alt=\u00a0\u00bbLogo Chullanka\u00a0\u00bb url=\u00a0\u00bbhttps:\/\/www.chullanka.com\/\u00a0\u00bb url_new_window=\u00a0\u00bbon\u00a0\u00bb align=\u00a0\u00bbcenter\u00a0\u00bb align_tablet=\u00a0\u00bb\u00a0\u00bb align_phone=\u00a0\u00bb\u00a0\u00bb align_last_edited=\u00a0\u00bbon|phone\u00a0\u00bb module_class=\u00a0\u00bblogo-partenaires\u00a0\u00bb _builder_version=\u00a0\u00bb4.16&Prime; border_radii=\u00a0\u00bbon|20px|20px|20px|20px\u00a0\u00bb global_colors_info=\u00a0\u00bb{}\u00a0\u00bb][\/et_pb_image][et_pb_text _builder_version=\u00a0\u00bb4.16&Prime; text_orientation=\u00a0\u00bbcenter\u00a0\u00bb global_colors_info=\u00a0\u00bb{}\u00a0\u00bb]<\/p>\n<p><b>Magasin d&rsquo;\u00e9quipements pour les sportifs de tout niveau<\/b><br \/>\nC&rsquo;est avant tout un lieu d\u2019\u00e9changes, d\u2019\u00e9motions et de solutions techniques pour les passionn\u00e9s de sports de montagne et de v\u00e9lo, de tous niveaux. Leur offre de produits des plus grandes marques outdoor, leurs services sur-mesure, leurs zones de tests, leurs conseillers passionn\u00e9s mais aussi leurs engagements locaux, font de Chullanka une r\u00e9f\u00e9rence incontournable.<\/p>\n<p>[\/et_pb_text][\/et_pb_column][et_pb_column type=\u00a0\u00bb1_3&Prime; _builder_version=\u00a0\u00bb4.16&Prime; global_colors_info=\u00a0\u00bb{}\u00a0\u00bb][et_pb_image src=\u00a0\u00bbhttps:\/\/canyonforest.com\/wp-content\/uploads\/2020\/03\/logo-Kidiklik.jpg\u00a0\u00bb alt=\u00a0\u00bbLogo Kidiklik.fr\u00a0\u00bb url=\u00a0\u00bbhttps:\/\/www.kidiklik.fr\/\u00a0\u00bb url_new_window=\u00a0\u00bbon\u00a0\u00bb align=\u00a0\u00bbcenter\u00a0\u00bb align_tablet=\u00a0\u00bb\u00a0\u00bb align_phone=\u00a0\u00bb\u00a0\u00bb align_last_edited=\u00a0\u00bbon|phone\u00a0\u00bb module_class=\u00a0\u00bblogo-partenaires\u00a0\u00bb _builder_version=\u00a0\u00bb4.16&Prime; border_radii=\u00a0\u00bbon|20px|20px|20px|20px\u00a0\u00bb global_colors_info=\u00a0\u00bb{}\u00a0\u00bb][\/et_pb_image][et_pb_text _builder_version=\u00a0\u00bb4.16&Prime; text_orientation=\u00a0\u00bbcenter\u00a0\u00bb global_colors_info=\u00a0\u00bb{}\u00a0\u00bb]<\/p>\n<p><b>Le Meilleur des Sorties pour Enfants dans les Alpes Maritimes<\/b><br \/>spectacles, ateliers, parcs de loisirs, expos, mus\u00e9es, zoos et autres curiosit\u00e9s!<br \/>\nPour des id\u00e9es de sorties en famille, se tenir au courant des diff\u00e9rents \u00e9v\u00e9nements dans les Alpes Maritimes, @Kidiklik06 est la page incontournable ! Retrouvez toutes leurs id\u00e9es sur leur page facebook ainsi que sur leur site Internet<\/p>\n<p>[\/et_pb_text][et_pb_image src=\u00a0\u00bbhttps:\/\/canyonforest.com\/wp-content\/uploads\/2020\/05\/logo-comite-regional-tourisme.jpg\u00a0\u00bb alt=\u00a0\u00bbLogo C\u00f4te d&rsquo;Azur Tourisme\u00a0\u00bb url=\u00a0\u00bbhttps:\/\/cotedazurfrance.fr\/\u00a0\u00bb url_new_window=\u00a0\u00bbon\u00a0\u00bb align=\u00a0\u00bbcenter\u00a0\u00bb module_class=\u00a0\u00bblogo-partenaires\u00a0\u00bb _builder_version=\u00a0\u00bb4.16&Prime; border_radii=\u00a0\u00bbon|20px|20px|20px|20px\u00a0\u00bb global_colors_info=\u00a0\u00bb{}\u00a0\u00bb][\/et_pb_image][et_pb_text _builder_version=\u00a0\u00bb4.16&Prime; text_orientation=\u00a0\u00bbcenter\u00a0\u00bb global_colors_info=\u00a0\u00bb{}\u00a0\u00bb]<\/p>\n<p><b>Site officiel du tourisme de la C\u00f4te d&rsquo;Azur.<\/b><br \/>Retrouvez toutes les informations dont vous avez besoin pour pr\u00e9parer votre s\u00e9jour sur la C\u00f4te d&rsquo;Azur : activit\u00e9s, h\u00e9bergements, \u00e9v\u00e9nements, randonn\u00e9es,&#8230; Le site du Comit\u00e9 R\u00e9gional Touristique regroupe toutes les merveilles de la C\u00f4te d&rsquo;Azur.<\/p>\n<p>[\/et_pb_text][\/et_pb_column][et_pb_column type=\u00a0\u00bb1_3&Prime; _builder_version=\u00a0\u00bb4.23.4&Prime; _module_preset=\u00a0\u00bbdefault\u00a0\u00bb global_colors_info=\u00a0\u00bb{}\u00a0\u00bb][et_pb_image src=\u00a0\u00bbhttps:\/\/canyonforest.com\/wp-content\/uploads\/2020\/03\/logo-beaume-obscure.jpg\u00a0\u00bb alt=\u00a0\u00bbLogo Grotte de Baume Obscure\u00a0\u00bb url=\u00a0\u00bbhttps:\/\/www.baumeobscure.com\/\u00a0\u00bb url_new_window=\u00a0\u00bbon\u00a0\u00bb align=\u00a0\u00bbcenter\u00a0\u00bb align_tablet=\u00a0\u00bb\u00a0\u00bb align_phone=\u00a0\u00bb\u00a0\u00bb align_last_edited=\u00a0\u00bbon|phone\u00a0\u00bb module_class=\u00a0\u00bblogo-partenaires\u00a0\u00bb _builder_version=\u00a0\u00bb4.16&Prime; border_radii=\u00a0\u00bbon|20px|20px|20px|20px\u00a0\u00bb global_colors_info=\u00a0\u00bb{}\u00a0\u00bb][\/et_pb_image][et_pb_text _builder_version=\u00a0\u00bb4.16&Prime; text_orientation=\u00a0\u00bbcenter\u00a0\u00bb global_colors_info=\u00a0\u00bb{}\u00a0\u00bb]<\/p>\n<p><b>Apprendre en s&rsquo;amusant!<\/b><br \/>\nVenez d\u00e9couvrir la fabuleuse Grotte de la Baume Obscure. Tous les jeux sont pens\u00e9s pour valoriser, sensibiliser et informer les visiteurs et visiteuses avec l&rsquo;environnement dans lequel ils.elles \u00e9voluent.<\/p>\n<p>[\/et_pb_text][et_pb_image src=\u00a0\u00bbhttps:\/\/canyonforest.com\/wp-content\/uploads\/2022\/01\/recreanice-idee-sortie-famille.jpg\u00a0\u00bb alt=\u00a0\u00bblogo R\u00e9cr\u00e9aNice\u00a0\u00bb title_text=\u00a0\u00bbrecreanice-idee-sortie-famille\u00a0\u00bb url=\u00a0\u00bbhttps:\/\/recreanice.fr\/\u00a0\u00bb url_new_window=\u00a0\u00bbon\u00a0\u00bb align=\u00a0\u00bbcenter\u00a0\u00bb module_class=\u00a0\u00bblogo-partenaires\u00a0\u00bb _builder_version=\u00a0\u00bb4.16&Prime; border_radii=\u00a0\u00bbon|20px|20px|20px|20px\u00a0\u00bb global_colors_info=\u00a0\u00bb{}\u00a0\u00bb][\/et_pb_image][et_pb_text _builder_version=\u00a0\u00bb4.16&Prime; text_orientation=\u00a0\u00bbcenter\u00a0\u00bb global_colors_info=\u00a0\u00bb{}\u00a0\u00bb]<\/p>\n<p><b>RecreaNice : les sorties en famille des Alpes-Maritimes !<\/b><br \/><span>Tout au long de l&rsquo;ann\u00e9e, RecreaNice.fr vous fait d\u00e9couvrir les plus belles sorties en famille du 06, les p\u00e9pites de la C\u00f4te d&rsquo;Azur, les stages vacances, les activit\u00e9s sportives, culturelles et cr\u00e9atives pour vos enfants et adolescents, des id\u00e9es pour une f\u00eate d&rsquo;Anniversaire inoubliable ainsi que de nombreux bons plans et des r\u00e9ductions ! Facebook : @RecreaNice.fr<\/span><\/p>\n<p>[\/et_pb_text][\/et_pb_column][\/et_pb_row][\/et_pb_section]<\/p>\n","protected":false},"excerpt":{"rendered":"<p>Nos partenairesOffice du Tourisme Villeneuve-LoubetL\u2019Office de Tourisme de Villeneuve-Loubet est engag\u00e9 dans la d\u00e9marche nationale Qualit\u00e9 TourismeTM depuis 2007. L\u2019objectif est de garantir aux visiteurs des prestations de qualit\u00e9. L&rsquo;\u00e9quipe est \u00e0 votre \u00e9coute pour vous informer sur les diff\u00e9rentes activit\u00e9s et curiosit\u00e9s de la commune et de la r\u00e9gion, sur les \u00e9v\u00e9nements, pour vous [&hellip;]<\/p>\n","protected":false},"author":1,"featured_media":0,"parent":0,"menu_order":0,"comment_status":"closed","ping_status":"closed","template":"","meta":{"_et_pb_use_builder":"on","_et_pb_old_content":"","_et_gb_content_width":"1080","footnotes":""},"class_list":["post-429","page","type-page","status-publish","hentry"],"yoast_head":"<!-- This site is optimized with the Yoast SEO plugin v26.4 - https:\/\/yoast.com\/wordpress\/plugins\/seo\/ -->\n<title>Partenaires - Canyon Forest<\/title>\n<meta name=\"description\" content=\"Retrouvez les partenaires de Canyon Forest, parcours aventure dans les Alpes-Maritimes, belle id\u00e9e de sortie !\" \/>\n<meta name=\"robots\" content=\"index, follow, max-snippet:-1, max-image-preview:large, max-video-preview:-1\" \/>\n<link rel=\"canonical\" href=\"https:\/\/canyonforest.com\/fr\/partenaires\/\" \/>\n<meta property=\"og:locale\" content=\"fr_FR\" \/>\n<meta property=\"og:type\" content=\"article\" \/>\n<meta property=\"og:title\" content=\"Partenaires - Canyon Forest\" \/>\n<meta property=\"og:description\" content=\"Retrouvez les partenaires de Canyon Forest, parcours aventure dans les Alpes-Maritimes, belle id\u00e9e de sortie !\" \/>\n<meta property=\"og:url\" content=\"https:\/\/canyonforest.com\/fr\/partenaires\/\" \/>\n<meta property=\"og:site_name\" content=\"Canyon Forest\" \/>\n<meta property=\"article:modified_time\" content=\"2024-01-30T08:49:08+00:00\" \/>\n<meta name=\"twitter:card\" content=\"summary_large_image\" \/>\n<meta name=\"twitter:label1\" content=\"Dur\u00e9e de lecture estim\u00e9e\" \/>\n\t<meta name=\"twitter:data1\" content=\"5 minutes\" \/>\n<script type=\"application\/ld+json\" class=\"yoast-schema-graph\">{\"@context\":\"https:\/\/schema.org\",\"@graph\":[{\"@type\":\"WebPage\",\"@id\":\"https:\/\/canyonforest.com\/fr\/partenaires\/\",\"url\":\"https:\/\/canyonforest.com\/fr\/partenaires\/\",\"name\":\"Partenaires - Canyon Forest\",\"isPartOf\":{\"@id\":\"https:\/\/canyonforest.com\/fr\/#website\"},\"datePublished\":\"2020-02-12T17:42:59+00:00\",\"dateModified\":\"2024-01-30T08:49:08+00:00\",\"description\":\"Retrouvez les partenaires de Canyon Forest, parcours aventure dans les Alpes-Maritimes, belle id\u00e9e de sortie !\",\"breadcrumb\":{\"@id\":\"https:\/\/canyonforest.com\/fr\/partenaires\/#breadcrumb\"},\"inLanguage\":\"fr-FR\",\"potentialAction\":[{\"@type\":\"ReadAction\",\"target\":[\"https:\/\/canyonforest.com\/fr\/partenaires\/\"]}]},{\"@type\":\"BreadcrumbList\",\"@id\":\"https:\/\/canyonforest.com\/fr\/partenaires\/#breadcrumb\",\"itemListElement\":[{\"@type\":\"ListItem\",\"position\":1,\"name\":\"Accueil\",\"item\":\"https:\/\/canyonforest.com\/fr\/\"},{\"@type\":\"ListItem\",\"position\":2,\"name\":\"Partenaires\"}]},{\"@type\":\"WebSite\",\"@id\":\"https:\/\/canyonforest.com\/fr\/#website\",\"url\":\"https:\/\/canyonforest.com\/fr\/\",\"name\":\"Canyon Forest\",\"description\":\"\",\"potentialAction\":[{\"@type\":\"SearchAction\",\"target\":{\"@type\":\"EntryPoint\",\"urlTemplate\":\"https:\/\/canyonforest.com\/fr\/?s={search_term_string}\"},\"query-input\":{\"@type\":\"PropertyValueSpecification\",\"valueRequired\":true,\"valueName\":\"search_term_string\"}}],\"inLanguage\":\"fr-FR\"}]}<\/script>\n<!-- \/ Yoast SEO plugin. -->","yoast_head_json":{"title":"Partenaires - Canyon Forest","description":"Retrouvez les partenaires de Canyon Forest, parcours aventure dans les Alpes-Maritimes, belle id\u00e9e de sortie !","robots":{"index":"index","follow":"follow","max-snippet":"max-snippet:-1","max-image-preview":"max-image-preview:large","max-video-preview":"max-video-preview:-1"},"canonical":"https:\/\/canyonforest.com\/fr\/partenaires\/","og_locale":"fr_FR","og_type":"article","og_title":"Partenaires - Canyon Forest","og_description":"Retrouvez les partenaires de Canyon Forest, parcours aventure dans les Alpes-Maritimes, belle id\u00e9e de sortie !","og_url":"https:\/\/canyonforest.com\/fr\/partenaires\/","og_site_name":"Canyon Forest","article_modified_time":"2024-01-30T08:49:08+00:00","twitter_card":"summary_large_image","twitter_misc":{"Dur\u00e9e de lecture estim\u00e9e":"5 minutes"},"schema":{"@context":"https:\/\/schema.org","@graph":[{"@type":"WebPage","@id":"https:\/\/canyonforest.com\/fr\/partenaires\/","url":"https:\/\/canyonforest.com\/fr\/partenaires\/","name":"Partenaires - Canyon Forest","isPartOf":{"@id":"https:\/\/canyonforest.com\/fr\/#website"},"datePublished":"2020-02-12T17:42:59+00:00","dateModified":"2024-01-30T08:49:08+00:00","description":"Retrouvez les partenaires de Canyon Forest, parcours aventure dans les Alpes-Maritimes, belle id\u00e9e de sortie !","breadcrumb":{"@id":"https:\/\/canyonforest.com\/fr\/partenaires\/#breadcrumb"},"inLanguage":"fr-FR","potentialAction":[{"@type":"ReadAction","target":["https:\/\/canyonforest.com\/fr\/partenaires\/"]}]},{"@type":"BreadcrumbList","@id":"https:\/\/canyonforest.com\/fr\/partenaires\/#breadcrumb","itemListElement":[{"@type":"ListItem","position":1,"name":"Accueil","item":"https:\/\/canyonforest.com\/fr\/"},{"@type":"ListItem","position":2,"name":"Partenaires"}]},{"@type":"WebSite","@id":"https:\/\/canyonforest.com\/fr\/#website","url":"https:\/\/canyonforest.com\/fr\/","name":"Canyon Forest","description":"","potentialAction":[{"@type":"SearchAction","target":{"@type":"EntryPoint","urlTemplate":"https:\/\/canyonforest.com\/fr\/?s={search_term_string}"},"query-input":{"@type":"PropertyValueSpecification","valueRequired":true,"valueName":"search_term_string"}}],"inLanguage":"fr-FR"}]}},"_links":{"self":[{"href":"https:\/\/canyonforest.com\/fr\/wp-json\/wp\/v2\/pages\/429","targetHints":{"allow":["GET"]}}],"collection":[{"href":"https:\/\/canyonforest.com\/fr\/wp-json\/wp\/v2\/pages"}],"about":[{"href":"https:\/\/canyonforest.com\/fr\/wp-json\/wp\/v2\/types\/page"}],"author":[{"embeddable":true,"href":"https:\/\/canyonforest.com\/fr\/wp-json\/wp\/v2\/users\/1"}],"replies":[{"embeddable":true,"href":"https:\/\/canyonforest.com\/fr\/wp-json\/wp\/v2\/comments?post=429"}],"version-history":[{"count":10,"href":"https:\/\/canyonforest.com\/fr\/wp-json\/wp\/v2\/pages\/429\/revisions"}],"predecessor-version":[{"id":4390,"href":"https:\/\/canyonforest.com\/fr\/wp-json\/wp\/v2\/pages\/429\/revisions\/4390"}],"wp:attachment":[{"href":"https:\/\/canyonforest.com\/fr\/wp-json\/wp\/v2\/media?parent=429"}],"curies":[{"name":"wp","href":"https:\/\/api.w.org\/{rel}","templated":true}]}}