{"id":431,"date":"2020-02-12T18:43:14","date_gmt":"2020-02-12T17:43:14","guid":{"rendered":"https:\/\/canyonforest.com\/?page_id=431"},"modified":"2024-01-30T09:54:07","modified_gmt":"2024-01-30T08:54:07","slug":"mentions-legales","status":"publish","type":"page","link":"https:\/\/canyonforest.com\/fr\/mentions-legales\/","title":{"rendered":"Mentions l\u00e9gales"},"content":{"rendered":"<p>[et_pb_section fb_built=\u00a0\u00bb1&Prime; module_id=\u00a0\u00bblyr-section-accueil-btn\u00a0\u00bb _builder_version=\u00a0\u00bb4.16&Prime; width=\u00a0\u00bb101%\u00a0\u00bb module_alignment=\u00a0\u00bbcenter\u00a0\u00bb custom_margin=\u00a0\u00bb||28px|||\u00a0\u00bb custom_padding=\u00a0\u00bb4px||4px||false|false\u00a0\u00bb collapsed=\u00a0\u00bboff\u00a0\u00bb global_colors_info=\u00a0\u00bb{}\u00a0\u00bb][et_pb_row module_id=\u00a0\u00bblyr-img-accueil\u00a0\u00bb _builder_version=\u00a0\u00bb4.16&Prime; module_alignment=\u00a0\u00bbcenter\u00a0\u00bb custom_margin=\u00a0\u00bb||||false|false\u00a0\u00bb custom_padding=\u00a0\u00bb0px||||false|false\u00a0\u00bb global_colors_info=\u00a0\u00bb{}\u00a0\u00bb][et_pb_column type=\u00a0\u00bb4_4&Prime; _builder_version=\u00a0\u00bb4.16&Prime; global_colors_info=\u00a0\u00bb{}\u00a0\u00bb][et_pb_image src=\u00a0\u00bbhttps:\/\/canyonforest.com\/wp-content\/uploads\/2020\/05\/canyon-forest-mentions-legales.jpg\u00a0\u00bb alt=\u00a0\u00bbPr\u00e9paration au parcours\u00a0\u00bb align=\u00a0\u00bbcenter\u00a0\u00bb force_fullwidth=\u00a0\u00bbon\u00a0\u00bb _builder_version=\u00a0\u00bb4.16&Prime; custom_margin=\u00a0\u00bb||||false|false\u00a0\u00bb custom_padding=\u00a0\u00bb||||false|false\u00a0\u00bb custom_css_before=\u00a0\u00bbclear:both;\u00a0\u00bb global_colors_info=\u00a0\u00bb{}\u00a0\u00bb][\/et_pb_image][\/et_pb_column][\/et_pb_row][et_pb_row _builder_version=\u00a0\u00bb4.16&Prime; custom_padding=\u00a0\u00bb39px||2px|||\u00a0\u00bb global_colors_info=\u00a0\u00bb{}\u00a0\u00bb][et_pb_column type=\u00a0\u00bb4_4&Prime; _builder_version=\u00a0\u00bb4.16&Prime; global_colors_info=\u00a0\u00bb{}\u00a0\u00bb][et_pb_text _builder_version=\u00a0\u00bb4.24.0&Prime; header_font=\u00a0\u00bbCovered By Your Grace||||||||\u00a0\u00bb header_text_align=\u00a0\u00bbcenter\u00a0\u00bb header_font_size=\u00a0\u00bb2.1em\u00a0\u00bb hover_enabled=\u00a0\u00bb0&Prime; header_font_size_tablet=\u00a0\u00bb\u00a0\u00bb header_font_size_phone=\u00a0\u00bb\u00a0\u00bb header_font_size_last_edited=\u00a0\u00bbon|phone\u00a0\u00bb global_colors_info=\u00a0\u00bb{}\u00a0\u00bb sticky_enabled=\u00a0\u00bb0&Prime;]<\/p>\n<h1>Mentions l\u00e9gales<\/h1>\n<p>[\/et_pb_text][et_pb_text _builder_version=\u00a0\u00bb4.24.0&Prime; header_5_font=\u00a0\u00bbCovered By Your Grace||||||||\u00a0\u00bb header_5_font_size=\u00a0\u00bb25px\u00a0\u00bb text_orientation=\u00a0\u00bbcenter\u00a0\u00bb hover_enabled=\u00a0\u00bb0&Prime; global_colors_info=\u00a0\u00bb{}\u00a0\u00bb sticky_enabled=\u00a0\u00bb0&Prime;]<\/p>\n<h5>Editeur du site<\/h5>\n<p>Parc aventure : Canyon Forest<br \/>Marque d\u00e9pos\u00e9e par la S.A.S.U Outfit<\/p>\n<h5>Exploitation<\/h5>\n<p>S.A.S.U. Outfit au capital de 5 000\u20ac<br \/>225 Chemin des gros pins<br \/>83110 Sanary-sur-mer<br \/>R.C.S. Toulon B 953 603 842<\/p>\n<h5>Adresse de courrier \u00e9lectronique<\/h5>\n<p><a class=\"link\" href=\"\/contact\">Utiliser le formulaire de contact<\/a><\/p>\n<p>T\u00e9l. : 04.92.02.88.88<\/p>\n<p>Num\u00e9ro de TVA intracommunautaire : FR 44953603842<\/p>\n<h5>Directeurs de la publication<\/h5>\n<p>Olivier Erpelding<\/p>\n<p>[\/et_pb_text][et_pb_text _builder_version=\u00a0\u00bb4.24.0&Prime; header_5_font=\u00a0\u00bbCovered By Your Grace||||||||\u00a0\u00bb header_5_font_size=\u00a0\u00bb25px\u00a0\u00bb text_orientation=\u00a0\u00bbcenter\u00a0\u00bb link_option_url=\u00a0\u00bbhttps:\/\/www.infomaniak.com\/goto\/fr\/home?utm_term=604e63a40a7ab\u00a0\u00bb link_option_url_new_window=\u00a0\u00bbon\u00a0\u00bb global_colors_info=\u00a0\u00bb{}\u00a0\u00bb]<\/p>\n<h5>H\u00e9bergeur<\/h5>\n<p>Site h\u00e9berg\u00e9 sur un serveur \u00ab\u00a0vert\u00a0\u00bb certifi\u00e9 ISO 50001 et ISO 14001.<br \/><a class=\"link\" href=\"https:\/\/www.infomaniak.com\/goto\/fr\/home?utm_term=604e63a40a7ab\" target=\"_blank\" rel=\"nofollow noopener\" title=\"Infomaniak\">Infomaniak Network SA<\/a><br \/>Rue Eug\u00e8ne-Marziano 25<br \/>1227 Gen\u00e8ve<br \/>Tel +41.228.203.544<\/p>\n<p>[\/et_pb_text][et_pb_text _builder_version=\u00a0\u00bb4.24.0&Prime; header_5_font=\u00a0\u00bbCovered By Your Grace||||||||\u00a0\u00bb header_5_font_size=\u00a0\u00bb25px\u00a0\u00bb text_orientation=\u00a0\u00bbcenter\u00a0\u00bb global_colors_info=\u00a0\u00bb{}\u00a0\u00bb]<\/p>\n<h5>Concepteur du site<\/h5>\n<p><a class=\"link\" href=\"https:\/\/www.lesyeuxrouges.com\">Les Yeux Rouges\u00ae<\/a><br \/>165 Route de la Madeleine<br \/>06140 Tourrettes sur Loup<br \/>T\u00e9l.: 09.81.79.98.11<\/p>\n<h5>Informations relatives aux cookies<\/h5>\n<p><a class=\"link\" href=\"\/politique-confidentialite\/\">Consultez notre politique de confidentialit\u00e9<\/a><\/p>\n<p>[\/et_pb_text][\/et_pb_column][\/et_pb_row][\/et_pb_section]<\/p>\n","protected":false},"excerpt":{"rendered":"<p>Mentions l\u00e9galesEditeur du site Parc aventure : Canyon ForestMarque d\u00e9pos\u00e9e par la S.A.S.U Outfit Exploitation S.A.S.U. Outfit au capital de 5 000\u20ac225 Chemin des gros pins83110 Sanary-sur-merR.C.S. Toulon B 953 603 842 Adresse de courrier \u00e9lectronique Utiliser le formulaire de contact T\u00e9l. : 04.92.02.88.88 Num\u00e9ro de TVA intracommunautaire : FR 44953603842 Directeurs de la publication [&hellip;]<\/p>\n","protected":false},"author":1,"featured_media":0,"parent":0,"menu_order":0,"comment_status":"closed","ping_status":"closed","template":"","meta":{"_et_pb_use_builder":"on","_et_pb_old_content":"","_et_gb_content_width":"1080","footnotes":""},"class_list":["post-431","page","type-page","status-publish","hentry"],"yoast_head":"<!-- This site is optimized with the Yoast SEO plugin v26.4 - https:\/\/yoast.com\/wordpress\/plugins\/seo\/ -->\n<title>Mentions l\u00e9gales - Canyon Forest<\/title>\n<meta name=\"description\" content=\"Mentions l\u00e9gales du site internet Canyon Forest, parcours aventure (accrobranche) \u00e0 Villeneuve-Loubet sur la C\u00f4te d&#039;Azur.\" \/>\n<meta name=\"robots\" content=\"index, follow, max-snippet:-1, max-image-preview:large, max-video-preview:-1\" \/>\n<link rel=\"canonical\" href=\"https:\/\/canyonforest.com\/fr\/mentions-legales\/\" \/>\n<meta property=\"og:locale\" content=\"fr_FR\" \/>\n<meta property=\"og:type\" content=\"article\" \/>\n<meta property=\"og:title\" content=\"Mentions l\u00e9gales - Canyon Forest\" \/>\n<meta property=\"og:description\" content=\"Mentions l\u00e9gales du site internet Canyon Forest, parcours aventure (accrobranche) \u00e0 Villeneuve-Loubet sur la C\u00f4te d&#039;Azur.\" \/>\n<meta property=\"og:url\" content=\"https:\/\/canyonforest.com\/fr\/mentions-legales\/\" \/>\n<meta property=\"og:site_name\" content=\"Canyon Forest\" \/>\n<meta property=\"article:modified_time\" content=\"2024-01-30T08:54:07+00:00\" \/>\n<meta name=\"twitter:card\" content=\"summary_large_image\" \/>\n<meta name=\"twitter:label1\" content=\"Dur\u00e9e de lecture estim\u00e9e\" \/>\n\t<meta name=\"twitter:data1\" content=\"2 minutes\" \/>\n<script type=\"application\/ld+json\" class=\"yoast-schema-graph\">{\"@context\":\"https:\/\/schema.org\",\"@graph\":[{\"@type\":\"WebPage\",\"@id\":\"https:\/\/canyonforest.com\/fr\/mentions-legales\/\",\"url\":\"https:\/\/canyonforest.com\/fr\/mentions-legales\/\",\"name\":\"Mentions l\u00e9gales - Canyon Forest\",\"isPartOf\":{\"@id\":\"https:\/\/canyonforest.com\/fr\/#website\"},\"datePublished\":\"2020-02-12T17:43:14+00:00\",\"dateModified\":\"2024-01-30T08:54:07+00:00\",\"description\":\"Mentions l\u00e9gales du site internet Canyon Forest, parcours aventure (accrobranche) \u00e0 Villeneuve-Loubet sur la C\u00f4te d'Azur.\",\"breadcrumb\":{\"@id\":\"https:\/\/canyonforest.com\/fr\/mentions-legales\/#breadcrumb\"},\"inLanguage\":\"fr-FR\",\"potentialAction\":[{\"@type\":\"ReadAction\",\"target\":[\"https:\/\/canyonforest.com\/fr\/mentions-legales\/\"]}]},{\"@type\":\"BreadcrumbList\",\"@id\":\"https:\/\/canyonforest.com\/fr\/mentions-legales\/#breadcrumb\",\"itemListElement\":[{\"@type\":\"ListItem\",\"position\":1,\"name\":\"Accueil\",\"item\":\"https:\/\/canyonforest.com\/fr\/\"},{\"@type\":\"ListItem\",\"position\":2,\"name\":\"Mentions l\u00e9gales\"}]},{\"@type\":\"WebSite\",\"@id\":\"https:\/\/canyonforest.com\/fr\/#website\",\"url\":\"https:\/\/canyonforest.com\/fr\/\",\"name\":\"Canyon Forest\",\"description\":\"\",\"potentialAction\":[{\"@type\":\"SearchAction\",\"target\":{\"@type\":\"EntryPoint\",\"urlTemplate\":\"https:\/\/canyonforest.com\/fr\/?s={search_term_string}\"},\"query-input\":{\"@type\":\"PropertyValueSpecification\",\"valueRequired\":true,\"valueName\":\"search_term_string\"}}],\"inLanguage\":\"fr-FR\"}]}<\/script>\n<!-- \/ Yoast SEO plugin. -->","yoast_head_json":{"title":"Mentions l\u00e9gales - Canyon Forest","description":"Mentions l\u00e9gales du site internet Canyon Forest, parcours aventure (accrobranche) \u00e0 Villeneuve-Loubet sur la C\u00f4te d'Azur.","robots":{"index":"index","follow":"follow","max-snippet":"max-snippet:-1","max-image-preview":"max-image-preview:large","max-video-preview":"max-video-preview:-1"},"canonical":"https:\/\/canyonforest.com\/fr\/mentions-legales\/","og_locale":"fr_FR","og_type":"article","og_title":"Mentions l\u00e9gales - Canyon Forest","og_description":"Mentions l\u00e9gales du site internet Canyon Forest, parcours aventure (accrobranche) \u00e0 Villeneuve-Loubet sur la C\u00f4te d'Azur.","og_url":"https:\/\/canyonforest.com\/fr\/mentions-legales\/","og_site_name":"Canyon Forest","article_modified_time":"2024-01-30T08:54:07+00:00","twitter_card":"summary_large_image","twitter_misc":{"Dur\u00e9e de lecture estim\u00e9e":"2 minutes"},"schema":{"@context":"https:\/\/schema.org","@graph":[{"@type":"WebPage","@id":"https:\/\/canyonforest.com\/fr\/mentions-legales\/","url":"https:\/\/canyonforest.com\/fr\/mentions-legales\/","name":"Mentions l\u00e9gales - Canyon Forest","isPartOf":{"@id":"https:\/\/canyonforest.com\/fr\/#website"},"datePublished":"2020-02-12T17:43:14+00:00","dateModified":"2024-01-30T08:54:07+00:00","description":"Mentions l\u00e9gales du site internet Canyon Forest, parcours aventure (accrobranche) \u00e0 Villeneuve-Loubet sur la C\u00f4te d'Azur.","breadcrumb":{"@id":"https:\/\/canyonforest.com\/fr\/mentions-legales\/#breadcrumb"},"inLanguage":"fr-FR","potentialAction":[{"@type":"ReadAction","target":["https:\/\/canyonforest.com\/fr\/mentions-legales\/"]}]},{"@type":"BreadcrumbList","@id":"https:\/\/canyonforest.com\/fr\/mentions-legales\/#breadcrumb","itemListElement":[{"@type":"ListItem","position":1,"name":"Accueil","item":"https:\/\/canyonforest.com\/fr\/"},{"@type":"ListItem","position":2,"name":"Mentions l\u00e9gales"}]},{"@type":"WebSite","@id":"https:\/\/canyonforest.com\/fr\/#website","url":"https:\/\/canyonforest.com\/fr\/","name":"Canyon Forest","description":"","potentialAction":[{"@type":"SearchAction","target":{"@type":"EntryPoint","urlTemplate":"https:\/\/canyonforest.com\/fr\/?s={search_term_string}"},"query-input":{"@type":"PropertyValueSpecification","valueRequired":true,"valueName":"search_term_string"}}],"inLanguage":"fr-FR"}]}},"_links":{"self":[{"href":"https:\/\/canyonforest.com\/fr\/wp-json\/wp\/v2\/pages\/431","targetHints":{"allow":["GET"]}}],"collection":[{"href":"https:\/\/canyonforest.com\/fr\/wp-json\/wp\/v2\/pages"}],"about":[{"href":"https:\/\/canyonforest.com\/fr\/wp-json\/wp\/v2\/types\/page"}],"author":[{"embeddable":true,"href":"https:\/\/canyonforest.com\/fr\/wp-json\/wp\/v2\/users\/1"}],"replies":[{"embeddable":true,"href":"https:\/\/canyonforest.com\/fr\/wp-json\/wp\/v2\/comments?post=431"}],"version-history":[{"count":16,"href":"https:\/\/canyonforest.com\/fr\/wp-json\/wp\/v2\/pages\/431\/revisions"}],"predecessor-version":[{"id":4394,"href":"https:\/\/canyonforest.com\/fr\/wp-json\/wp\/v2\/pages\/431\/revisions\/4394"}],"wp:attachment":[{"href":"https:\/\/canyonforest.com\/fr\/wp-json\/wp\/v2\/media?parent=431"}],"curies":[{"name":"wp","href":"https:\/\/api.w.org\/{rel}","templated":true}]}}