{"id":433,"date":"2020-02-12T18:43:54","date_gmt":"2020-02-12T17:43:54","guid":{"rendered":"https:\/\/canyonforest.com\/?page_id=433"},"modified":"2024-01-30T09:55:28","modified_gmt":"2024-01-30T08:55:28","slug":"conditions-generales-vente","status":"publish","type":"page","link":"https:\/\/canyonforest.com\/fr\/conditions-generales-vente\/","title":{"rendered":"C.G.V"},"content":{"rendered":"<p>[et_pb_section fb_built=\u00a0\u00bb1&Prime; module_id=\u00a0\u00bblyr-section-accueil-btn\u00a0\u00bb _builder_version=\u00a0\u00bb4.16&Prime; width=\u00a0\u00bb101%\u00a0\u00bb module_alignment=\u00a0\u00bbcenter\u00a0\u00bb custom_padding=\u00a0\u00bb4px||33px||false|false\u00a0\u00bb collapsed=\u00a0\u00bboff\u00a0\u00bb global_colors_info=\u00a0\u00bb{}\u00a0\u00bb][et_pb_row module_id=\u00a0\u00bblyr-img-accueil\u00a0\u00bb _builder_version=\u00a0\u00bb4.16&Prime; module_alignment=\u00a0\u00bbcenter\u00a0\u00bb custom_margin=\u00a0\u00bb||||false|false\u00a0\u00bb custom_padding=\u00a0\u00bb0px||||false|false\u00a0\u00bb global_colors_info=\u00a0\u00bb{}\u00a0\u00bb][et_pb_column type=\u00a0\u00bb4_4&Prime; _builder_version=\u00a0\u00bb4.16&Prime; global_colors_info=\u00a0\u00bb{}\u00a0\u00bb][et_pb_image src=\u00a0\u00bbhttps:\/\/canyonforest.com\/wp-content\/uploads\/2020\/03\/canyon-forest-cgv.jpg\u00a0\u00bb alt=\u00a0\u00bbFemme se tenant \u00e0 la longe\u00a0\u00bb align=\u00a0\u00bbcenter\u00a0\u00bb force_fullwidth=\u00a0\u00bbon\u00a0\u00bb _builder_version=\u00a0\u00bb4.16&Prime; custom_margin=\u00a0\u00bb||||false|false\u00a0\u00bb custom_padding=\u00a0\u00bb||||false|false\u00a0\u00bb custom_css_before=\u00a0\u00bbclear:both;\u00a0\u00bb global_colors_info=\u00a0\u00bb{}\u00a0\u00bb][\/et_pb_image][\/et_pb_column][\/et_pb_row][et_pb_row _builder_version=\u00a0\u00bb4.16&Prime; custom_padding=\u00a0\u00bb39px||2px|||\u00a0\u00bb global_colors_info=\u00a0\u00bb{}\u00a0\u00bb][et_pb_column type=\u00a0\u00bb4_4&Prime; _builder_version=\u00a0\u00bb4.16&Prime; global_colors_info=\u00a0\u00bb{}\u00a0\u00bb][et_pb_text _builder_version=\u00a0\u00bb4.24.0&Prime; header_font=\u00a0\u00bbCovered By Your Grace||||||||\u00a0\u00bb header_text_align=\u00a0\u00bbcenter\u00a0\u00bb header_font_size=\u00a0\u00bb2.1em\u00a0\u00bb hover_enabled=\u00a0\u00bb0&Prime; header_font_size_tablet=\u00a0\u00bb\u00a0\u00bb header_font_size_phone=\u00a0\u00bb\u00a0\u00bb header_font_size_last_edited=\u00a0\u00bbon|phone\u00a0\u00bb global_colors_info=\u00a0\u00bb{}\u00a0\u00bb sticky_enabled=\u00a0\u00bb0&Prime;]<\/p>\n<h1>Conditions g\u00e9n\u00e9rales de vente de Canyon Forest<\/h1>\n<p>[\/et_pb_text][et_pb_text _builder_version=\u00a0\u00bb4.24.0&Prime; header_5_font=\u00a0\u00bbCovered By Your Grace||||||||\u00a0\u00bb header_5_font_size=\u00a0\u00bb25px\u00a0\u00bb custom_padding=\u00a0\u00bb|200px||200px|false|false\u00a0\u00bb custom_padding_tablet=\u00a0\u00bb|50px||50px|false|false\u00a0\u00bb custom_padding_phone=\u00a0\u00bb|15px||15px|false|false\u00a0\u00bb custom_padding_last_edited=\u00a0\u00bbon|phone\u00a0\u00bb hover_enabled=\u00a0\u00bb0&Prime; global_colors_info=\u00a0\u00bb{}\u00a0\u00bb sticky_enabled=\u00a0\u00bb0&Prime;]<\/p>\n<h5>1. Pr\u00e9sentation<\/h5>\n<p>L\u2019inscription \u00e0 des prestations d\u2019Alpes Azur Aventures SAS implique l\u2019acceptation pure et simple des pr\u00e9sentes conditions g\u00e9n\u00e9rales par le souscripteur, qui s\u2019engage \u00e0 informer chacun des participants de toutes les modalit\u00e9s.<\/p>\n<h5>ART. 1 \u2013 ACTIVIT\u00c9S<\/h5>\n<p>La soci\u00e9t\u00e9 Alpes Azur Aventures SAS propose plusieurs activit\u00e9s. Le Parcours Aventures et le Laser game Outdoor sont surveill\u00e9s par des op\u00e9rateurs qui y circulent afin de conseiller et de porter assistance si besoin. l&rsquo;Escape game Outdoor se situe en partie dans la nature autour de notre parc, les pratiquants sont partiellement en autonomie. Le Canyoning se situe en milieu naturel les pratiquants seront accompagn\u00e9s par un guide dipl\u00f4m\u00e9 d\u2019\u00e9tat.<\/p>\n<p>Toutes nos activit\u00e9s sont soumises \u00e0 un\u00a0 briefing obligatoire avant la pratique.<\/p>\n<h5>ART. 2 \u2013 INSCRIPTION ET R\u00c9SERVATION<\/h5>\n<p>Les activit\u00e9s se font sur r\u00e9servation. Pour cela, vous avez plusieurs solutions : en ligne, \u00e0 l\u2019accueil au 26 route de Grasse \u00e0 Villeneuve-Loubet, ou par t\u00e9l\u00e9phone 04 92 02 88 88..<\/p>\n<p>L\u2019inscription via notre site internet est effective apr\u00e8s le paiement du montant total de la prestation quand vous recevez un mail de confirmation de r\u00e9servation..<\/p>\n<h5>ART. 3 \u2013 PRIX<\/h5>\n<p>Les tarifs de Canyon Forest sont pr\u00e9sent\u00e9s sur le site Internet et sur les brochures d\u2019activit\u00e9s disponibles \u00e0 l\u2019accueil.<\/p>\n<p>Les prix comprennent l&rsquo;activit\u00e9 achet\u00e9e ainsi que les \u00e9quipements de protection individuels n\u00e9cessaires \u00e0 leur pratique.<\/p>\n<h5>ART. 4 \u2013 MODES DE PAIEMENT<\/h5>\n<p>Le paiement en ligne se fait par carte bleue et sur place par ch\u00e8que vacances, carte bancaire ou esp\u00e8ces.<\/p>\n<h5>ART. 5 \u2013 CONDITIONS DE PARTICIPATION<\/h5>\n<p>Nos activit\u00e9s sont ouvertes \u00e0 tous ; n\u00e9anmoins suivant les activit\u00e9s et les parcours, certaines conditions sont \u00e0 prendre en compte (limite d\u2019\u00e2ge, niveau technique, condition physique, etc.). En outre les participants doivent \u00eatre en pleine possession de leurs moyens physique et mentaux.<\/p>\n<p>Il revient donc \u00e0 chaque participant d\u2019avoir \u00e9valu\u00e9 sa forme physique en fonction des choix de parcours et d\u2019activit\u00e9 qu\u2019il souhaite r\u00e9aliser.<\/p>\n<p class=\"lyr-cgv\">Vous ne devez pas faire l\u2019objet de contre-indication m\u00e9dicale \u00e0 la pratique de l\u2019activit\u00e9 choisie.<\/p>\n<h5>ART. 6 \u2013 ASSURANCE ET RESPONSABILIT\u00c9<\/h5>\n<p>Alpes Azur Aventures SAS est assur\u00e9e en Responsabilit\u00e9 Civile Professionnelle par la compagnie MMA sous le num\u00e9ro de police 113.903.073.<\/p>\n<p>Nous conseillons vivement \u00e0 chaque participant d\u2019\u00eatre couvert par une assurance en responsabilit\u00e9 civile ainsi qu\u2019une individuelle accident aupr\u00e8s de l\u2019assurance de son choix pour la pratique des sports de loisirs. En effet nous ne saurions nous substituer \u00e0 la responsabilit\u00e9 civile individuelle de chaque participant.<\/p>\n<p>Canyon Forest est assur\u00e9e en responsabilit\u00e9 civile pour toutes les activit\u00e9s qu\u2019elle propose et sa responsabilit\u00e9 ne pourra \u00eatre engag\u00e9e pour les activit\u00e9s r\u00e9serv\u00e9es aupr\u00e8s d\u2019autres prestataires.<\/p>\n<p>Chaque participant est conscient, \u00e9tant donn\u00e9 le caract\u00e8re sp\u00e9cifique des activit\u00e9s propos\u00e9es, qu&rsquo;il peut courir certains risques dus notamment au caract\u00e8re sp\u00e9cifique du milieu (hauteur, activit\u00e9 acrobatique pouvant engendrer des chutes, falaise, etc.). Il les assume en toute connaissance de cause et il doit se conformer aux r\u00e8gles de prudence et suivre les conseils donn\u00e9s par les professionnels.<\/p>\n<p>Le participant est responsable du mat\u00e9riel qui lui a \u00e9t\u00e9 pr\u00eat\u00e9 pour l\u2019activit\u00e9. En cas de vol ou de d\u00e9t\u00e9rioration du mat\u00e9riel pr\u00eat\u00e9, il peut \u00eatre demand\u00e9 au participant un d\u00e9dommagement li\u00e9 \u00e0 l\u2019usure ou un remboursement total du mat\u00e9riel.<\/p>\n<p>Canyon Forest ne pourra \u00eatre tenue responsable de la perte, du vol (y compris dans les v\u00e9hicules) ou de la casse d\u2019objets (ex : lunettes, appareils photos\u2026) que les pratiquants pourraient emmener avec eux durant l\u2019activit\u00e9 et pouvant subvenir au cours de l\u2019activit\u00e9.<\/p>\n<h5>ART. 7 \u2013 ANNULATION \/ INTERRUPTION \/ RETARD<\/h5>\n<p>7.1 Annulation de la part du client :<\/p>\n<p>&#8211; Annulation d\u2019une r\u00e9servation plus de 24h avant : remboursement total.<\/p>\n<p>&#8211; Annulation d\u2019une r\u00e9servation \u00e0 moins de 24h : pas de remboursement; possibilit\u00e9 de reporter l&rsquo;activit\u00e9.<\/p>\n<p>7.2 Retard<br \/>Dans tout les cas, le client s&rsquo;engage \u00e0 avertir Canyon Forest de toutes modifications relatives \u00e0 la r\u00e9servation notamment la modification d&rsquo;effectif et le retard.<br \/>Si le client ne se pr\u00e9sente pas \u00e0 l&rsquo;heure dite de la r\u00e9servation, cette r\u00e9servation est annul\u00e9e. Elle pourra \u00eatre report\u00e9e dans la limite de disponibilit\u00e9 du planning.<\/p>\n<p>7.3 \u2013 Interruption pendant la prestation<\/p>\n<p>En cas d\u2019interruption de la prestation, notamment en cas d&rsquo;intemp\u00e9rie, les participants pourront obtenir un \u00ab\u00a0avoir pluie\u00a0\u00bb utilisable pour une r\u00e9servation ult\u00e9rieure.<\/p>\n<p>La prestation ne pourra \u00eatre rembours\u00e9e int\u00e9gralement et le client ne peut pr\u00e9tendre \u00e0 une quelconque autre indemnit\u00e9.<\/p>\n<h5>ART. 8 &#8211; EXCLUSION<\/h5>\n<p>Les op\u00e9rateurs se r\u00e9servent le droit d\u2019exclure un participant en \u00e9tat d\u2019\u00e9bri\u00e9t\u00e9 ou dont le comportement est de nature \u00e0 troubler le bon d\u00e9roulement de l\u2019activit\u00e9 ou \u00e0 compromettre la s\u00e9curit\u00e9 des autres pratiquants. Dans ce cas, le client ou participant ne pourra pr\u00e9tendre \u00e0 aucun remboursement, ni aucune indemnit\u00e9.<\/p>\n<h5>ART. 9 \u2013 RENDEZ-VOUS<\/h5>\n<p>Une heure et un lieu de rendez-vous vous sont syst\u00e9matiquement communiqu\u00e9s. Pour le bon d\u00e9roulement des activit\u00e9s, veillez \u00e0 anticiper vos trajets de mani\u00e8re \u00e0 \u00eatre ponctuel. En cas de retard aucun remboursement ou indemnit\u00e9 ne sera exigible.<\/p>\n<h5>ART. 10 \u2013 ENCADREMENT DES JEUNES (MINEURS):<\/h5>\n<p>Mineurs non accompagn\u00e9s :<\/p>\n<p>Les mineurs de moins de 14 ans non-accompagn\u00e9s par un adulte (responsable l\u00e9gal) ne sont pas accept\u00e9s.<\/p>\n<p>Les mineurs de 14 \u00e0 16 ans non-accompagn\u00e9s, peuvent \u00eatre accept\u00e9s sous r\u00e9serve d\u2019autorisation parentale. Dans ce cas une autorisation parentale devra \u00eatre sign\u00e9e par le repr\u00e9sentant l\u00e9gal le jour de l\u2019activit\u00e9.<\/p>\n<h5>ART 11. BON CADEAU<\/h5>\n<p>Le bon cadeau est effectif \u00e0 la r\u00e9ception de la totalit\u00e9 du montant de la prestation.<\/p>\n<p>Le bon de commande est nominatif. Toutefois il peut \u00eatre transmissible \u00e0 la personne de votre choix sous condition de nous pr\u00e9venir en amont pour modifier les coordonn\u00e9es du nouveau b\u00e9n\u00e9ficiaire.<\/p>\n<p>Le b\u00e9n\u00e9ficiaire d\u2019un bon cadeau doit nous contacter pour r\u00e9server l\u2019activit\u00e9.<\/p>\n<p>Il est possible de r\u00e9aliser une activit\u00e9 d\u2019un montant sup\u00e9rieur en payant la diff\u00e9rence.<\/p>\n<p>ATTENTION : Le bon cadeau a une date de p\u00e9remption. Pass\u00e9 la dur\u00e9e de validit\u00e9 (ann\u00e9e en cours), la prestation sera consid\u00e9r\u00e9e comme ex\u00e9cut\u00e9e et ne pourra \u00eatre report\u00e9e. Le b\u00e9n\u00e9ficiaire et\/ou l\u2019acheteur, ne pourront pr\u00e9tendre \u00e0 un quelconque remboursement ou indemnit\u00e9.<\/p>\n<p>Le bon cadeau et le document nominatif sont \u00e0 pr\u00e9senter le jour de l\u2019activit\u00e9.<\/p>\n<h5>ART. 12 \u2013 R\u00c8GLEMENT DES LITIGES<\/h5>\n<p>Les parties s\u2019efforceront de r\u00e9soudre \u00e0 l\u2019amiable les difficult\u00e9s \u00e9ventuelles pouvant survenir dans l\u2019ex\u00e9cution du contrat. Si aucun accord amiable ne pouvait intervenir, tous les litiges relatifs \u00e0 la validit\u00e9, \u00e0 l\u2019interpr\u00e9tation et \u00e0 l\u2019ex\u00e9cution de la pr\u00e9sente convention seront r\u00e9gis exclusivement par les r\u00e8gles du droit fran\u00e7ais.<\/p>\n<p>Toutes les contestations, de quelque nature qu\u2019elles soient, rel\u00e8veront de la comp\u00e9tence des juridictions civiles et commerciales fran\u00e7aises, y compris statuant en mati\u00e8re de r\u00e9f\u00e9r\u00e9.<\/p>\n<p>Toute r\u00e9clamation doit \u00eatre adress\u00e9e au service clients du parc Canyon Forest selon les modalit\u00e9s d\u00e9finies dans les conditions de vente. Apr\u00e8s avoir saisi le service relations client\u00e8le et \u00e0 d\u00e9faut de r\u00e9ponse satisfaisante dans un d\u00e9lai de 60 jours, le client peut saisir le m\u00e9diateur du Tourisme et du Voyage, dont les coordonn\u00e9es et modalit\u00e9s de saisine sont disponibles sur son site: www.mtv.travel<\/p>\n<p>[\/et_pb_text][\/et_pb_column][\/et_pb_row][\/et_pb_section]<\/p>\n","protected":false},"excerpt":{"rendered":"<p>Conditions g\u00e9n\u00e9rales de vente de Canyon Forest1. Pr\u00e9sentation L\u2019inscription \u00e0 des prestations d\u2019Alpes Azur Aventures SAS implique l\u2019acceptation pure et simple des pr\u00e9sentes conditions g\u00e9n\u00e9rales par le souscripteur, qui s\u2019engage \u00e0 informer chacun des participants de toutes les modalit\u00e9s. ART. 1 \u2013 ACTIVIT\u00c9S La soci\u00e9t\u00e9 Alpes Azur Aventures SAS propose plusieurs activit\u00e9s. Le Parcours Aventures [&hellip;]<\/p>\n","protected":false},"author":1,"featured_media":0,"parent":0,"menu_order":0,"comment_status":"closed","ping_status":"closed","template":"","meta":{"_et_pb_use_builder":"on","_et_pb_old_content":"","_et_gb_content_width":"1080","footnotes":""},"class_list":["post-433","page","type-page","status-publish","hentry"],"yoast_head":"<!-- This site is optimized with the Yoast SEO plugin v26.4 - https:\/\/yoast.com\/wordpress\/plugins\/seo\/ -->\n<title>C.G.V - Canyon Forest<\/title>\n<meta name=\"description\" content=\"Retrouvez nos conditions g\u00e9n\u00e9rales de ventes sur cette page pour vos achats en ligne et vos r\u00e9servations effectu\u00e9\u00b7es sur notre site Internet.\" \/>\n<meta name=\"robots\" content=\"index, follow, max-snippet:-1, max-image-preview:large, max-video-preview:-1\" \/>\n<link rel=\"canonical\" href=\"https:\/\/canyonforest.com\/fr\/conditions-generales-vente\/\" \/>\n<meta property=\"og:locale\" content=\"fr_FR\" \/>\n<meta property=\"og:type\" content=\"article\" \/>\n<meta property=\"og:title\" content=\"C.G.V - Canyon Forest\" \/>\n<meta property=\"og:description\" content=\"Retrouvez nos conditions g\u00e9n\u00e9rales de ventes sur cette page pour vos achats en ligne et vos r\u00e9servations effectu\u00e9\u00b7es sur notre site Internet.\" \/>\n<meta property=\"og:url\" content=\"https:\/\/canyonforest.com\/fr\/conditions-generales-vente\/\" \/>\n<meta property=\"og:site_name\" content=\"Canyon Forest\" \/>\n<meta property=\"article:modified_time\" content=\"2024-01-30T08:55:28+00:00\" \/>\n<meta name=\"twitter:card\" content=\"summary_large_image\" \/>\n<meta name=\"twitter:label1\" content=\"Dur\u00e9e de lecture estim\u00e9e\" \/>\n\t<meta name=\"twitter:data1\" content=\"7 minutes\" \/>\n<script type=\"application\/ld+json\" class=\"yoast-schema-graph\">{\"@context\":\"https:\/\/schema.org\",\"@graph\":[{\"@type\":\"WebPage\",\"@id\":\"https:\/\/canyonforest.com\/fr\/conditions-generales-vente\/\",\"url\":\"https:\/\/canyonforest.com\/fr\/conditions-generales-vente\/\",\"name\":\"C.G.V - Canyon Forest\",\"isPartOf\":{\"@id\":\"https:\/\/canyonforest.com\/fr\/#website\"},\"datePublished\":\"2020-02-12T17:43:54+00:00\",\"dateModified\":\"2024-01-30T08:55:28+00:00\",\"description\":\"Retrouvez nos conditions g\u00e9n\u00e9rales de ventes sur cette page pour vos achats en ligne et vos r\u00e9servations effectu\u00e9\u00b7es sur notre site Internet.\",\"breadcrumb\":{\"@id\":\"https:\/\/canyonforest.com\/fr\/conditions-generales-vente\/#breadcrumb\"},\"inLanguage\":\"fr-FR\",\"potentialAction\":[{\"@type\":\"ReadAction\",\"target\":[\"https:\/\/canyonforest.com\/fr\/conditions-generales-vente\/\"]}]},{\"@type\":\"BreadcrumbList\",\"@id\":\"https:\/\/canyonforest.com\/fr\/conditions-generales-vente\/#breadcrumb\",\"itemListElement\":[{\"@type\":\"ListItem\",\"position\":1,\"name\":\"Accueil\",\"item\":\"https:\/\/canyonforest.com\/fr\/\"},{\"@type\":\"ListItem\",\"position\":2,\"name\":\"C.G.V\"}]},{\"@type\":\"WebSite\",\"@id\":\"https:\/\/canyonforest.com\/fr\/#website\",\"url\":\"https:\/\/canyonforest.com\/fr\/\",\"name\":\"Canyon Forest\",\"description\":\"\",\"potentialAction\":[{\"@type\":\"SearchAction\",\"target\":{\"@type\":\"EntryPoint\",\"urlTemplate\":\"https:\/\/canyonforest.com\/fr\/?s={search_term_string}\"},\"query-input\":{\"@type\":\"PropertyValueSpecification\",\"valueRequired\":true,\"valueName\":\"search_term_string\"}}],\"inLanguage\":\"fr-FR\"}]}<\/script>\n<!-- \/ Yoast SEO plugin. -->","yoast_head_json":{"title":"C.G.V - Canyon Forest","description":"Retrouvez nos conditions g\u00e9n\u00e9rales de ventes sur cette page pour vos achats en ligne et vos r\u00e9servations effectu\u00e9\u00b7es sur notre site Internet.","robots":{"index":"index","follow":"follow","max-snippet":"max-snippet:-1","max-image-preview":"max-image-preview:large","max-video-preview":"max-video-preview:-1"},"canonical":"https:\/\/canyonforest.com\/fr\/conditions-generales-vente\/","og_locale":"fr_FR","og_type":"article","og_title":"C.G.V - Canyon Forest","og_description":"Retrouvez nos conditions g\u00e9n\u00e9rales de ventes sur cette page pour vos achats en ligne et vos r\u00e9servations effectu\u00e9\u00b7es sur notre site Internet.","og_url":"https:\/\/canyonforest.com\/fr\/conditions-generales-vente\/","og_site_name":"Canyon Forest","article_modified_time":"2024-01-30T08:55:28+00:00","twitter_card":"summary_large_image","twitter_misc":{"Dur\u00e9e de lecture estim\u00e9e":"7 minutes"},"schema":{"@context":"https:\/\/schema.org","@graph":[{"@type":"WebPage","@id":"https:\/\/canyonforest.com\/fr\/conditions-generales-vente\/","url":"https:\/\/canyonforest.com\/fr\/conditions-generales-vente\/","name":"C.G.V - Canyon Forest","isPartOf":{"@id":"https:\/\/canyonforest.com\/fr\/#website"},"datePublished":"2020-02-12T17:43:54+00:00","dateModified":"2024-01-30T08:55:28+00:00","description":"Retrouvez nos conditions g\u00e9n\u00e9rales de ventes sur cette page pour vos achats en ligne et vos r\u00e9servations effectu\u00e9\u00b7es sur notre site Internet.","breadcrumb":{"@id":"https:\/\/canyonforest.com\/fr\/conditions-generales-vente\/#breadcrumb"},"inLanguage":"fr-FR","potentialAction":[{"@type":"ReadAction","target":["https:\/\/canyonforest.com\/fr\/conditions-generales-vente\/"]}]},{"@type":"BreadcrumbList","@id":"https:\/\/canyonforest.com\/fr\/conditions-generales-vente\/#breadcrumb","itemListElement":[{"@type":"ListItem","position":1,"name":"Accueil","item":"https:\/\/canyonforest.com\/fr\/"},{"@type":"ListItem","position":2,"name":"C.G.V"}]},{"@type":"WebSite","@id":"https:\/\/canyonforest.com\/fr\/#website","url":"https:\/\/canyonforest.com\/fr\/","name":"Canyon Forest","description":"","potentialAction":[{"@type":"SearchAction","target":{"@type":"EntryPoint","urlTemplate":"https:\/\/canyonforest.com\/fr\/?s={search_term_string}"},"query-input":{"@type":"PropertyValueSpecification","valueRequired":true,"valueName":"search_term_string"}}],"inLanguage":"fr-FR"}]}},"_links":{"self":[{"href":"https:\/\/canyonforest.com\/fr\/wp-json\/wp\/v2\/pages\/433","targetHints":{"allow":["GET"]}}],"collection":[{"href":"https:\/\/canyonforest.com\/fr\/wp-json\/wp\/v2\/pages"}],"about":[{"href":"https:\/\/canyonforest.com\/fr\/wp-json\/wp\/v2\/types\/page"}],"author":[{"embeddable":true,"href":"https:\/\/canyonforest.com\/fr\/wp-json\/wp\/v2\/users\/1"}],"replies":[{"embeddable":true,"href":"https:\/\/canyonforest.com\/fr\/wp-json\/wp\/v2\/comments?post=433"}],"version-history":[{"count":8,"href":"https:\/\/canyonforest.com\/fr\/wp-json\/wp\/v2\/pages\/433\/revisions"}],"predecessor-version":[{"id":4395,"href":"https:\/\/canyonforest.com\/fr\/wp-json\/wp\/v2\/pages\/433\/revisions\/4395"}],"wp:attachment":[{"href":"https:\/\/canyonforest.com\/fr\/wp-json\/wp\/v2\/media?parent=433"}],"curies":[{"name":"wp","href":"https:\/\/api.w.org\/{rel}","templated":true}]}}